{"id":13402,"date":"2023-07-04T14:13:28","date_gmt":"2023-07-04T12:13:28","guid":{"rendered":"https:\/\/www.fleurop-home.ch\/?product=microgreen-pads-senf-3-pads"},"modified":"2025-04-01T05:40:34","modified_gmt":"2025-04-01T03:40:34","slug":"microgreen-pads-moutarde-3-pads","status":"publish","type":"product","link":"https:\/\/www.fleurop-home.ch\/fr-ch\/p\/microgreen-pads-senf-3-pads","title":{"rendered":"Pastilles Microgreen \u201aMoutarde\u2018 - 3 pastilles"},"content":{"rendered":"<p>Sinapis alba<br \/>\nSENF<\/p>\n<p>Go\u00fbt piquant et \u00e9pic\u00e9<\/p>\n<p>3 pastilles de germination BIO pour cultiver facilement et rapidement des microgreens toute l'ann\u00e9e.<\/p>\n<p>Arroser r\u00e9guli\u00e8rement et avec pr\u00e9caution le pad avec de l'eau et le maintenir constamment humide. Placer le r\u00e9cipient avec le couvercle dans un endroit clair, sans lumi\u00e8re directe du soleil. Enlever le couvercle d\u00e8s que les premi\u00e8res microgreens ont atteint le couvercle.<\/p>\n<p>DE-OKO-013 \/ Agriculture non UE<\/p>","protected":false},"excerpt":{"rendered":"<p>Pastilles de germination BIO pour la culture facile et rapide de microgreens tout au long de l'ann\u00e9e.<\/p>","protected":false},"featured_media":46699,"template":"","meta":[],"product_brand":[],"product_cat":[47,42,885],"product_tag":[289],"woo-feed-brand":[],"class_list":{"0":"post-13402","1":"product","2":"type-product","3":"status-publish","4":"has-post-thumbnail","6":"product_cat-kuechenaromen","7":"product_cat-kueche","8":"product_cat-koestlichkeiten","9":"product_tag-blumengarten-kung-ag","11":"first","12":"instock","13":"taxable","14":"shipping-taxable","15":"purchasable","16":"product-type-simple"},"_links":{"self":[{"href":"https:\/\/www.fleurop-home.ch\/fr-ch\/wp-json\/wp\/v2\/product\/13402","targetHints":{"allow":["GET"]}}],"collection":[{"href":"https:\/\/www.fleurop-home.ch\/fr-ch\/wp-json\/wp\/v2\/product"}],"about":[{"href":"https:\/\/www.fleurop-home.ch\/fr-ch\/wp-json\/wp\/v2\/types\/product"}],"wp:featuredmedia":[{"embeddable":true,"href":"https:\/\/www.fleurop-home.ch\/fr-ch\/wp-json\/wp\/v2\/media\/46699"}],"wp:attachment":[{"href":"https:\/\/www.fleurop-home.ch\/fr-ch\/wp-json\/wp\/v2\/media?parent=13402"}],"wp:term":[{"taxonomy":"product_brand","embeddable":true,"href":"https:\/\/www.fleurop-home.ch\/fr-ch\/wp-json\/wp\/v2\/product_brand?post=13402"},{"taxonomy":"product_cat","embeddable":true,"href":"https:\/\/www.fleurop-home.ch\/fr-ch\/wp-json\/wp\/v2\/product_cat?post=13402"},{"taxonomy":"product_tag","embeddable":true,"href":"https:\/\/www.fleurop-home.ch\/fr-ch\/wp-json\/wp\/v2\/product_tag?post=13402"},{"taxonomy":"woo-feed-brand","embeddable":true,"href":"https:\/\/www.fleurop-home.ch\/fr-ch\/wp-json\/wp\/v2\/woo-feed-brand?post=13402"}],"curies":[{"name":"wp","href":"https:\/\/api.w.org\/{rel}","templated":true}]}}