{"id":13378,"date":"2023-07-04T14:13:18","date_gmt":"2023-07-04T12:13:18","guid":{"rendered":"https:\/\/www.fleurop-home.ch\/?product=keimsprossen-saat-pikante-mischung-200gr"},"modified":"2025-04-01T05:40:54","modified_gmt":"2025-04-01T03:40:54","slug":"graines-germees-melange-piquant-200gr","status":"publish","type":"product","link":"https:\/\/www.fleurop-home.ch\/fr-ch\/p\/keimsprossen-saat-pikante-mischung-200gr","title":{"rendered":"Graines germ\u00e9es 200gr \u201aM\u00e9lange piquant\u2018"},"content":{"rendered":"<p>Graines germ\u00e9es<br \/>\nM\u00c9LANGE PIQUANT<\/p>\n<p>Go\u00fbt piquant et \u00e9pic\u00e9<\/p>\n<p>Graines \u00e0 germer BIO pour cultiver des pousses toute l'ann\u00e9e, facilement et rapidement<\/p>\n<p>Contenu : 40% de haricots mungo*, 20% de radis*, 20% de lentilles*, 20 % de moutarde*. Placer le r\u00e9cipient dans un endroit clair, sans lumi\u00e8re directe du soleil. Rincer 2 \u00e0 3 fois par jour jusqu'\u00e0 la r\u00e9colte. Conseils : Faire tremper les graines germ\u00e9es une nuit dans l'eau. Les germes pr\u00eats \u00e0 \u00eatre consomm\u00e9s se conservent quelques jours au r\u00e9frig\u00e9rateur. Elles doivent \u00eatre rinc\u00e9es une nouvelle fois avant d'\u00eatre consomm\u00e9es.<\/p>\n<p>DE-\u00d6KO-013 \/ Agriculture UE<\/p>","protected":false},"excerpt":{"rendered":"<p>Bio<\/p>","protected":false},"featured_media":46751,"template":"","meta":[],"product_brand":[],"product_cat":[47,42,885],"product_tag":[289],"woo-feed-brand":[],"class_list":{"0":"post-13378","1":"product","2":"type-product","3":"status-publish","4":"has-post-thumbnail","6":"product_cat-kuechenaromen","7":"product_cat-kueche","8":"product_cat-koestlichkeiten","9":"product_tag-blumengarten-kung-ag","11":"first","12":"instock","13":"taxable","14":"shipping-taxable","15":"purchasable","16":"product-type-simple"},"_links":{"self":[{"href":"https:\/\/www.fleurop-home.ch\/fr-ch\/wp-json\/wp\/v2\/product\/13378","targetHints":{"allow":["GET"]}}],"collection":[{"href":"https:\/\/www.fleurop-home.ch\/fr-ch\/wp-json\/wp\/v2\/product"}],"about":[{"href":"https:\/\/www.fleurop-home.ch\/fr-ch\/wp-json\/wp\/v2\/types\/product"}],"wp:featuredmedia":[{"embeddable":true,"href":"https:\/\/www.fleurop-home.ch\/fr-ch\/wp-json\/wp\/v2\/media\/46751"}],"wp:attachment":[{"href":"https:\/\/www.fleurop-home.ch\/fr-ch\/wp-json\/wp\/v2\/media?parent=13378"}],"wp:term":[{"taxonomy":"product_brand","embeddable":true,"href":"https:\/\/www.fleurop-home.ch\/fr-ch\/wp-json\/wp\/v2\/product_brand?post=13378"},{"taxonomy":"product_cat","embeddable":true,"href":"https:\/\/www.fleurop-home.ch\/fr-ch\/wp-json\/wp\/v2\/product_cat?post=13378"},{"taxonomy":"product_tag","embeddable":true,"href":"https:\/\/www.fleurop-home.ch\/fr-ch\/wp-json\/wp\/v2\/product_tag?post=13378"},{"taxonomy":"woo-feed-brand","embeddable":true,"href":"https:\/\/www.fleurop-home.ch\/fr-ch\/wp-json\/wp\/v2\/woo-feed-brand?post=13378"}],"curies":[{"name":"wp","href":"https:\/\/api.w.org\/{rel}","templated":true}]}}