{"id":13369,"date":"2023-07-04T14:13:14","date_gmt":"2023-07-04T12:13:14","guid":{"rendered":"https:\/\/www.fleurop-home.ch\/?product=keimsprossen-saat-milde-mischung-50gr"},"modified":"2025-05-12T14:00:51","modified_gmt":"2025-05-12T12:00:51","slug":"graines-germees-melange-doux-50gr","status":"publish","type":"product","link":"https:\/\/www.fleurop-home.ch\/fr-ch\/p\/keimsprossen-saat-milde-mischung-50gr","title":{"rendered":"Graines germ\u00e9es 50gr \u201aM\u00e9lange doux\u2018"},"content":{"rendered":"<p>Graines germ\u00e9es<br \/>\nMILDE M\u00c9LANGE<\/p>\n<p>Go\u00fbt doux et \u00e9pic\u00e9<\/p>\n<p>Graines \u00e0 germer BIO pour cultiver des pousses toute l'ann\u00e9e, facilement et rapidement<\/p>\n<p>Contenu : 70% haricots mungo*, 30% radis*, Placer le r\u00e9cipient dans un endroit clair, sans lumi\u00e8re directe du soleil. Rincer 2 \u00e0 3 fois par jour jusqu'\u00e0 la r\u00e9colte. Conseils : Faire tremper les graines germ\u00e9es une nuit dans l'eau. Les germes pr\u00eats \u00e0 \u00eatre consomm\u00e9s se conservent quelques jours au r\u00e9frig\u00e9rateur. Elles doivent \u00eatre rinc\u00e9es une nouvelle fois avant d'\u00eatre consomm\u00e9es.<\/p>\n<p>Graines \u00e0 germer BIO pour cultiver des pousses toute l'ann\u00e9e, facilement et rapidement<\/p>\n<p>DE-\u00d6KO-013 \/ Agriculture UE\/non UE<\/p>","protected":false},"excerpt":{"rendered":"<p>Pastilles de germination BIO pour la culture facile et rapide de microgreens tout au long de l'ann\u00e9e.<\/p>","protected":false},"featured_media":46729,"template":"","meta":[],"product_brand":[],"product_cat":[47,1091,1019,1018,1088,42,885],"product_tag":[289],"woo-feed-brand":[],"class_list":{"0":"post-13369","1":"product","2":"type-product","3":"status-publish","4":"has-post-thumbnail","6":"product_cat-kuechenaromen","7":"product_cat-hobbykoch","8":"product_cat-osterbrunch","9":"product_cat-ostern","10":"product_cat-vatertag","11":"product_cat-kueche","12":"product_cat-koestlichkeiten","13":"product_tag-blumengarten-kung-ag","15":"first","16":"instock","17":"taxable","18":"shipping-taxable","19":"purchasable","20":"product-type-simple"},"_links":{"self":[{"href":"https:\/\/www.fleurop-home.ch\/fr-ch\/wp-json\/wp\/v2\/product\/13369","targetHints":{"allow":["GET"]}}],"collection":[{"href":"https:\/\/www.fleurop-home.ch\/fr-ch\/wp-json\/wp\/v2\/product"}],"about":[{"href":"https:\/\/www.fleurop-home.ch\/fr-ch\/wp-json\/wp\/v2\/types\/product"}],"wp:featuredmedia":[{"embeddable":true,"href":"https:\/\/www.fleurop-home.ch\/fr-ch\/wp-json\/wp\/v2\/media\/46729"}],"wp:attachment":[{"href":"https:\/\/www.fleurop-home.ch\/fr-ch\/wp-json\/wp\/v2\/media?parent=13369"}],"wp:term":[{"taxonomy":"product_brand","embeddable":true,"href":"https:\/\/www.fleurop-home.ch\/fr-ch\/wp-json\/wp\/v2\/product_brand?post=13369"},{"taxonomy":"product_cat","embeddable":true,"href":"https:\/\/www.fleurop-home.ch\/fr-ch\/wp-json\/wp\/v2\/product_cat?post=13369"},{"taxonomy":"product_tag","embeddable":true,"href":"https:\/\/www.fleurop-home.ch\/fr-ch\/wp-json\/wp\/v2\/product_tag?post=13369"},{"taxonomy":"woo-feed-brand","embeddable":true,"href":"https:\/\/www.fleurop-home.ch\/fr-ch\/wp-json\/wp\/v2\/woo-feed-brand?post=13369"}],"curies":[{"name":"wp","href":"https:\/\/api.w.org\/{rel}","templated":true}]}}