{"id":13356,"date":"2023-07-04T14:13:08","date_gmt":"2023-07-04T12:13:08","guid":{"rendered":"https:\/\/www.fleurop-home.ch\/?product=microgreen-saat-kresse"},"modified":"2025-08-02T00:08:14","modified_gmt":"2025-08-01T22:08:14","slug":"microgreen-graines-de-cresson","status":"publish","type":"product","link":"https:\/\/www.fleurop-home.ch\/fr-ch\/p\/microgreen-saat-kresse","title":{"rendered":"Graines de Microgreen 200gr \u201aCresson\u2018.\u2018"},"content":{"rendered":"<p>Lepidium sativum<br \/>\nCRESSE<\/p>\n<p>Graines germ\u00e9es BIO pour cultiver toute l'ann\u00e9e des microgreens de mani\u00e8re simple et rapide. Remplir le r\u00e9cipient d'eau jusqu'\u00e0 la hauteur des graines jusqu'\u00e0 ce que la grille soit mouill\u00e9e d'eau par le bas. Placer le r\u00e9cipient dans un endroit clair, sans lumi\u00e8re directe du soleil. Si n\u00e9cessaire, rajouter de l'eau qui s'est \u00e9vapor\u00e9e.<\/p>\n<p>Conseil : faire tremper les graines \u00e0 germer une nuit dans l'eau.<\/p>","protected":false},"excerpt":{"rendered":"<p>Bio<\/p>","protected":false},"featured_media":46753,"template":"","meta":[],"product_brand":[],"product_cat":[47,1091,1088,42,885],"product_tag":[289],"woo-feed-brand":[],"class_list":{"0":"post-13356","1":"product","2":"type-product","3":"status-publish","4":"has-post-thumbnail","6":"product_cat-kuechenaromen","7":"product_cat-hobbykoch","8":"product_cat-vatertag","9":"product_cat-kueche","10":"product_cat-koestlichkeiten","11":"product_tag-blumengarten-kung-ag","13":"first","14":"instock","15":"taxable","16":"shipping-taxable","17":"purchasable","18":"product-type-simple"},"_links":{"self":[{"href":"https:\/\/www.fleurop-home.ch\/fr-ch\/wp-json\/wp\/v2\/product\/13356","targetHints":{"allow":["GET"]}}],"collection":[{"href":"https:\/\/www.fleurop-home.ch\/fr-ch\/wp-json\/wp\/v2\/product"}],"about":[{"href":"https:\/\/www.fleurop-home.ch\/fr-ch\/wp-json\/wp\/v2\/types\/product"}],"wp:featuredmedia":[{"embeddable":true,"href":"https:\/\/www.fleurop-home.ch\/fr-ch\/wp-json\/wp\/v2\/media\/46753"}],"wp:attachment":[{"href":"https:\/\/www.fleurop-home.ch\/fr-ch\/wp-json\/wp\/v2\/media?parent=13356"}],"wp:term":[{"taxonomy":"product_brand","embeddable":true,"href":"https:\/\/www.fleurop-home.ch\/fr-ch\/wp-json\/wp\/v2\/product_brand?post=13356"},{"taxonomy":"product_cat","embeddable":true,"href":"https:\/\/www.fleurop-home.ch\/fr-ch\/wp-json\/wp\/v2\/product_cat?post=13356"},{"taxonomy":"product_tag","embeddable":true,"href":"https:\/\/www.fleurop-home.ch\/fr-ch\/wp-json\/wp\/v2\/product_tag?post=13356"},{"taxonomy":"woo-feed-brand","embeddable":true,"href":"https:\/\/www.fleurop-home.ch\/fr-ch\/wp-json\/wp\/v2\/woo-feed-brand?post=13356"}],"curies":[{"name":"wp","href":"https:\/\/api.w.org\/{rel}","templated":true}]}}