{"id":13344,"date":"2023-07-04T14:13:02","date_gmt":"2023-07-04T12:13:02","guid":{"rendered":"https:\/\/www.fleurop-home.ch\/?product=keimsprossen-saat-frische-mischung-40gr"},"modified":"2025-05-12T14:00:59","modified_gmt":"2025-05-12T12:00:59","slug":"graines-germees-melange-frais-40gr","status":"publish","type":"product","link":"https:\/\/www.fleurop-home.ch\/fr-ch\/p\/keimsprossen-saat-frische-mischung-40gr","title":{"rendered":"Graines germ\u00e9es 40gr \u201aM\u00e9lange frais\u2018"},"content":{"rendered":"<p>M\u00e9lange<br \/>\nM\u00c9LANGE FRAIS<\/p>\n<p>Go\u00fbt doux et frais<\/p>\n<p>Contenu : 30% luzerne*, 10% lentilles brunes*, 10% lentilles rouges*, 40% haricots mungo*, 10% radis*. Placer le r\u00e9cipient dans un endroit clair, sans lumi\u00e8re directe du soleil. Rincer 2 \u00e0 3 fois par jour jusqu'\u00e0 la r\u00e9colte. Conseils : Faire tremper les graines germ\u00e9es une nuit dans l'eau. Les germes pr\u00eats \u00e0 \u00eatre consomm\u00e9s se conservent quelques jours au r\u00e9frig\u00e9rateur. Elles doivent \u00eatre rinc\u00e9es une nouvelle fois avant d'\u00eatre consomm\u00e9es.<\/p>\n<p>Graines \u00e0 germer BIO pour cultiver des pousses toute l'ann\u00e9e, facilement et rapidement<\/p>\n<p>DE-\u00d6KO-013 \/ Agriculture UE\/non UE<\/p>","protected":false},"excerpt":{"rendered":"<p>Bio<\/p>","protected":false},"featured_media":46727,"template":"","meta":[],"product_brand":[],"product_cat":[47,1022,1091,797,1088,42,885],"product_tag":[289],"woo-feed-brand":[],"class_list":{"0":"post-13344","1":"product","2":"type-product","3":"status-publish","4":"has-post-thumbnail","6":"product_cat-kuechenaromen","7":"product_cat-brunch","8":"product_cat-hobbykoch","9":"product_cat-muttertag","10":"product_cat-vatertag","11":"product_cat-kueche","12":"product_cat-koestlichkeiten","13":"product_tag-blumengarten-kung-ag","15":"first","16":"instock","17":"taxable","18":"shipping-taxable","19":"purchasable","20":"product-type-simple"},"_links":{"self":[{"href":"https:\/\/www.fleurop-home.ch\/fr-ch\/wp-json\/wp\/v2\/product\/13344","targetHints":{"allow":["GET"]}}],"collection":[{"href":"https:\/\/www.fleurop-home.ch\/fr-ch\/wp-json\/wp\/v2\/product"}],"about":[{"href":"https:\/\/www.fleurop-home.ch\/fr-ch\/wp-json\/wp\/v2\/types\/product"}],"wp:featuredmedia":[{"embeddable":true,"href":"https:\/\/www.fleurop-home.ch\/fr-ch\/wp-json\/wp\/v2\/media\/46727"}],"wp:attachment":[{"href":"https:\/\/www.fleurop-home.ch\/fr-ch\/wp-json\/wp\/v2\/media?parent=13344"}],"wp:term":[{"taxonomy":"product_brand","embeddable":true,"href":"https:\/\/www.fleurop-home.ch\/fr-ch\/wp-json\/wp\/v2\/product_brand?post=13344"},{"taxonomy":"product_cat","embeddable":true,"href":"https:\/\/www.fleurop-home.ch\/fr-ch\/wp-json\/wp\/v2\/product_cat?post=13344"},{"taxonomy":"product_tag","embeddable":true,"href":"https:\/\/www.fleurop-home.ch\/fr-ch\/wp-json\/wp\/v2\/product_tag?post=13344"},{"taxonomy":"woo-feed-brand","embeddable":true,"href":"https:\/\/www.fleurop-home.ch\/fr-ch\/wp-json\/wp\/v2\/woo-feed-brand?post=13344"}],"curies":[{"name":"wp","href":"https:\/\/api.w.org\/{rel}","templated":true}]}}