{"id":13333,"date":"2023-07-04T14:12:57","date_gmt":"2023-07-04T12:12:57","guid":{"rendered":"https:\/\/www.fleurop-home.ch\/?product=microgreen-anzuchtset-duo-box"},"modified":"2025-04-01T05:41:45","modified_gmt":"2025-04-01T03:41:45","slug":"microgreen-kit-de-culture-duo-box","status":"publish","type":"product","link":"https:\/\/www.fleurop-home.ch\/fr-ch\/p\/microgreen-anzuchtset-duo-box","title":{"rendered":"Kit de culture Microgreen \u201aDuo-Box\u2018"},"content":{"rendered":"<p>MICROGREEN DUO-BOX<\/p>\n<p>Culture facile et rapide de microgreens frais,<br \/>\n2 dosettes de germes BIO &amp; 1 portion de graines \u00e0 germer BIO incluses<\/p>\n<p>Cresson* (Lepidium sativum)<br \/>\nRoquette* (Eruca sativa)<br \/>\nRadis daikon* (Raphanus sativus)<\/p>\n<p>Bo\u00eete duo Microgreen r\u00e9utilisable, y compris 2 x graines de cresson BIO (cresson, roquette)* et 1 x 5 g de graines de cresson BIO en vrac.<br \/>\nGraine \u00e0 germer (radis Daikon)*<br \/>\nOn peut utiliser des microgreens soit avec des graines germ\u00e9es d'herbes et de l\u00e9gumes en vrac, soit avec des graines germ\u00e9es de l\u00e9gumes en vrac.<br \/>\nLes germes peuvent \u00eatre cultiv\u00e9s. Les deux grilles de culture permettent de cultiver diff\u00e9rentes vari\u00e9t\u00e9s en m\u00eame temps ou en quinconce, ce qui permet de r\u00e9colter des microgreens frais \u00e0 tout moment. Arroser le pad\/les graines germ\u00e9es r\u00e9guli\u00e8rement et avec pr\u00e9caution avec de l'eau et les maintenir constamment humides. Placer le pot avec le couvercle dans un endroit clair, \u00e0 l'abri de la lumi\u00e8re directe.<br \/>\nMettre \u00e0 la lumi\u00e8re du soleil. Enlever le couvercle d\u00e8s que les premiers microgreens ont atteint le couvercle.<\/p>\n<p>2 pastilles de germination BIO* (roquette, cresson) pour cultiver des microgreens toute l'ann\u00e9e, facilement et rapidement.<br \/>\nLes microgreens, \u00e9galement appel\u00e9s herbes vertes ou microverts, sont de petits germes, g\u00e9n\u00e9ralement \u00e0 deux feuilles, cultiv\u00e9s \u00e0 partir de graines de l\u00e9gumes et d'herbes. Avec leurs ar\u00f4mes intenses combin\u00e9s \u00e0 leur petite taille et \u00e0 leur aspect color\u00e9, elles apportent des accents gustatifs d\u00e9coratifs \u00e0 diff\u00e9rents plats. Elles peuvent \u00eatre utilis\u00e9es de diff\u00e9rentes mani\u00e8res et agr\u00e9mentent par exemple les smoothies, les salades ou les soupes.<\/p>\n<p>Les microgreens sont r\u00e9colt\u00e9s (coup\u00e9s) lorsque la premi\u00e8re paire de feuilles s'est d\u00e9velopp\u00e9e apr\u00e8s les cotyl\u00e9dons ou lorsqu'ils ont atteint une taille d'environ 2,5 \u00e0 7,5 cm. Contrairement aux pousses germ\u00e9es, seule la croissance sans les racines est consomm\u00e9e, comme on le sait pour le cresson.<\/p>\n<p>N'utilise qu'un seul germoir par culture. Tu peux jeter le tampon de germination dans les d\u00e9chets organiques \u00e0 la fin du processus de culture.<\/p>\n<p>Culture BIO selon le r\u00e8glement europ\u00e9en sur l'agriculture biologique FR 05-560<br \/>\nProt\u00e9ger les pads de la chaleur &amp; les conserver au sec.<\/p>","protected":false},"excerpt":{"rendered":"<p>2 dosettes de germes BIO &amp; 1 portion de graines \u00e0 germer BIO incluses<\/p>","protected":false},"featured_media":46758,"template":"","meta":[],"product_brand":[],"product_cat":[47,42,885,44],"product_tag":[289],"woo-feed-brand":[],"class_list":{"0":"post-13333","1":"product","2":"type-product","3":"status-publish","4":"has-post-thumbnail","6":"product_cat-kuechenaromen","7":"product_cat-kueche","8":"product_cat-koestlichkeiten","9":"product_cat-kuechenhelfer","10":"product_tag-blumengarten-kung-ag","12":"first","13":"instock","14":"taxable","15":"shipping-taxable","16":"purchasable","17":"product-type-simple"},"_links":{"self":[{"href":"https:\/\/www.fleurop-home.ch\/fr-ch\/wp-json\/wp\/v2\/product\/13333","targetHints":{"allow":["GET"]}}],"collection":[{"href":"https:\/\/www.fleurop-home.ch\/fr-ch\/wp-json\/wp\/v2\/product"}],"about":[{"href":"https:\/\/www.fleurop-home.ch\/fr-ch\/wp-json\/wp\/v2\/types\/product"}],"wp:featuredmedia":[{"embeddable":true,"href":"https:\/\/www.fleurop-home.ch\/fr-ch\/wp-json\/wp\/v2\/media\/46758"}],"wp:attachment":[{"href":"https:\/\/www.fleurop-home.ch\/fr-ch\/wp-json\/wp\/v2\/media?parent=13333"}],"wp:term":[{"taxonomy":"product_brand","embeddable":true,"href":"https:\/\/www.fleurop-home.ch\/fr-ch\/wp-json\/wp\/v2\/product_brand?post=13333"},{"taxonomy":"product_cat","embeddable":true,"href":"https:\/\/www.fleurop-home.ch\/fr-ch\/wp-json\/wp\/v2\/product_cat?post=13333"},{"taxonomy":"product_tag","embeddable":true,"href":"https:\/\/www.fleurop-home.ch\/fr-ch\/wp-json\/wp\/v2\/product_tag?post=13333"},{"taxonomy":"woo-feed-brand","embeddable":true,"href":"https:\/\/www.fleurop-home.ch\/fr-ch\/wp-json\/wp\/v2\/woo-feed-brand?post=13333"}],"curies":[{"name":"wp","href":"https:\/\/api.w.org\/{rel}","templated":true}]}}