{"id":13276,"date":"2023-07-02T11:31:35","date_gmt":"2023-07-02T11:31:35","guid":{"rendered":"https:\/\/www.fleurop-home.ch\/?product=hand-korperseife-n1-olivae"},"modified":"2025-04-01T05:42:31","modified_gmt":"2025-04-01T03:42:31","slug":"savon-pour-les-mains-n1-olivae","status":"publish","type":"product","link":"https:\/\/www.fleurop-home.ch\/fr-ch\/p\/hand-korperseife-n1-olivae","title":{"rendered":"Savon pour les mains et le corps N\u00b01 OLIVAE"},"content":{"rendered":"<div class=\"flex-shrink-0 flex flex-col relative items-end\">\n<div class=\"w-[30px]\">\n<div class=\"relative p-1 rounded-sm h-[30px] w-[30px] text-white flex items-center justify-center\" style=\"text-align: left\">Oliven Hand- und K\u00f6rperseife ist eine nat\u00fcrliche Reinigungsformel, die Ihre Haut sanft und effektiv reinigt. Angereichert mit Oliven\u00f6l, spendet sie intensive Feuchtigkeit und pflegt Ihre Haut geschmeidig. Die Seife ist reich an Antioxidantien und Vitaminen, die helfen, die Haut zu revitalisieren und zu sch\u00fctzen. Genie\u00dfen Sie das erfrischende Aroma von Oliven und verw\u00f6hnen Sie Ihre Haut mit dieser hochwertigen Hand- und K\u00f6rperseife.<\/div>\n<div class=\"relative p-1 rounded-sm h-[30px] w-[30px] text-white flex items-center justify-center\" style=\"text-align: left\"><\/div>\n<div class=\"relative p-1 rounded-sm h-[30px] w-[30px] text-white flex items-center justify-center\" style=\"text-align: left\">100gr.<\/div>\n<\/div>\n<\/div>\n","protected":false},"excerpt":{"rendered":"<p>N\u00b01 OLIVAE<\/p>","protected":false},"featured_media":13277,"template":"","meta":[],"product_brand":[],"product_cat":[49,48],"product_tag":[322],"woo-feed-brand":[],"class_list":{"0":"post-13276","1":"product","2":"type-product","3":"status-publish","4":"has-post-thumbnail","6":"product_cat-seifen","7":"product_cat-bad-wellness","8":"product_tag-primestudios","10":"first","11":"instock","12":"taxable","13":"shipping-taxable","14":"purchasable","15":"product-type-simple"},"_links":{"self":[{"href":"https:\/\/www.fleurop-home.ch\/fr-ch\/wp-json\/wp\/v2\/product\/13276","targetHints":{"allow":["GET"]}}],"collection":[{"href":"https:\/\/www.fleurop-home.ch\/fr-ch\/wp-json\/wp\/v2\/product"}],"about":[{"href":"https:\/\/www.fleurop-home.ch\/fr-ch\/wp-json\/wp\/v2\/types\/product"}],"wp:featuredmedia":[{"embeddable":true,"href":"https:\/\/www.fleurop-home.ch\/fr-ch\/wp-json\/wp\/v2\/media\/13277"}],"wp:attachment":[{"href":"https:\/\/www.fleurop-home.ch\/fr-ch\/wp-json\/wp\/v2\/media?parent=13276"}],"wp:term":[{"taxonomy":"product_brand","embeddable":true,"href":"https:\/\/www.fleurop-home.ch\/fr-ch\/wp-json\/wp\/v2\/product_brand?post=13276"},{"taxonomy":"product_cat","embeddable":true,"href":"https:\/\/www.fleurop-home.ch\/fr-ch\/wp-json\/wp\/v2\/product_cat?post=13276"},{"taxonomy":"product_tag","embeddable":true,"href":"https:\/\/www.fleurop-home.ch\/fr-ch\/wp-json\/wp\/v2\/product_tag?post=13276"},{"taxonomy":"woo-feed-brand","embeddable":true,"href":"https:\/\/www.fleurop-home.ch\/fr-ch\/wp-json\/wp\/v2\/woo-feed-brand?post=13276"}],"curies":[{"name":"wp","href":"https:\/\/api.w.org\/{rel}","templated":true}]}}