{"id":13272,"date":"2023-06-23T08:57:46","date_gmt":"2023-06-23T08:57:46","guid":{"rendered":"https:\/\/www.fleurop-home.ch\/?product=schokoladengeschenkbox-tsuri"},"modified":"2026-02-05T14:42:55","modified_gmt":"2026-02-05T13:42:55","slug":"coffret-cadeau-chocolat-tsuri","status":"publish","type":"product","link":"https:\/\/www.fleurop-home.ch\/fr-ch\/p\/schokoladengeschenkbox-tsuri","title":{"rendered":"Coffret cadeau chocolat Ts\u00fcri"},"content":{"rendered":"<p style=\"text-align: left;\">Le cadeau parfait de la ville de Zurich \u00e0 ramener ou \u00e0 offrir \u00e0 tous les fans de Ts\u00fcri. Dans chaque bo\u00eete cadeau se trouve une petite histoire sur la ville de Zurich<\/p>\n<p style=\"text-align: left;\">Le chocolat est fabriqu\u00e9 selon le proc\u00e9d\u00e9 bean-to-bar. Cela signifie que le chocolat est fabriqu\u00e9 en une seule production, de la f\u00e8ve de cacao \u00e0 la tablette. Dans notre cas, dans une petite manufacture situ\u00e9e \u00e0 la limite de la ville de Zurich, \u00e0 Adliswil. La bo\u00eete cadeau contient neuf tablettes de chocolat. Par bo\u00eete, il y a trois tablettes par vari\u00e9t\u00e9. Ces vari\u00e9t\u00e9s sont dans la bo\u00eete :<\/p>\n<p style=\"text-align: left;\"><strong>Ts\u00fcri Sel des Alpes :\u00a0<\/strong>La tablette noire avec une teneur en cacao d'au moins 69% est affin\u00e9e avec du sel des Alpes suisses.<\/p>\n<p style=\"text-align: left;\"><strong>Ts\u00fcri Hazelnut Crunch :\u00a0<\/strong>Le d\u00e9licieux chocolat au lait avec des morceaux de noisettes grill\u00e9es donne le bon croustillant \u00e0 la bo\u00eete cadeau.<\/p>\n<p style=\"text-align: left;\"><strong>Huile de gommage \u00e0 l'orange de Ts\u00fcri : <\/strong>Dans ce chocolat noir contenant au moins 69% de cacao, l'huile d'orange apporte un go\u00fbt fruit\u00e9 et frais.<\/p>\n<p><a href=\"https:\/\/www.fleurop.ch\/content\/pdf\/fleurophome\/Geschenkbox.pdf\" target=\"_blank\" rel=\"noopener\">Ingr\u00e9dients et valeurs nutritives<\/a><\/p>","protected":false},"excerpt":{"rendered":"<p>avec 9 panneaux<\/p>","protected":false},"featured_media":13273,"template":"","meta":[],"product_brand":[],"product_cat":[114,909,916,42,885,52,1225,53],"product_tag":[320],"woo-feed-brand":[],"class_list":{"0":"post-13272","1":"product","2":"type-product","3":"status-publish","4":"has-post-thumbnail","6":"product_cat-schokolade-sweets","7":"product_cat-weihnachten","8":"product_cat-praesente","9":"product_cat-kueche","10":"product_cat-koestlichkeiten","11":"product_cat-geschenke","12":"product_cat-genuss","13":"product_cat-geschenksets","14":"product_tag-taucherli-premium-swiss-chocolate-gmbh","16":"first","17":"instock","18":"taxable","19":"shipping-taxable","20":"purchasable","21":"product-type-simple"},"_links":{"self":[{"href":"https:\/\/www.fleurop-home.ch\/fr-ch\/wp-json\/wp\/v2\/product\/13272","targetHints":{"allow":["GET"]}}],"collection":[{"href":"https:\/\/www.fleurop-home.ch\/fr-ch\/wp-json\/wp\/v2\/product"}],"about":[{"href":"https:\/\/www.fleurop-home.ch\/fr-ch\/wp-json\/wp\/v2\/types\/product"}],"wp:featuredmedia":[{"embeddable":true,"href":"https:\/\/www.fleurop-home.ch\/fr-ch\/wp-json\/wp\/v2\/media\/13273"}],"wp:attachment":[{"href":"https:\/\/www.fleurop-home.ch\/fr-ch\/wp-json\/wp\/v2\/media?parent=13272"}],"wp:term":[{"taxonomy":"product_brand","embeddable":true,"href":"https:\/\/www.fleurop-home.ch\/fr-ch\/wp-json\/wp\/v2\/product_brand?post=13272"},{"taxonomy":"product_cat","embeddable":true,"href":"https:\/\/www.fleurop-home.ch\/fr-ch\/wp-json\/wp\/v2\/product_cat?post=13272"},{"taxonomy":"product_tag","embeddable":true,"href":"https:\/\/www.fleurop-home.ch\/fr-ch\/wp-json\/wp\/v2\/product_tag?post=13272"},{"taxonomy":"woo-feed-brand","embeddable":true,"href":"https:\/\/www.fleurop-home.ch\/fr-ch\/wp-json\/wp\/v2\/woo-feed-brand?post=13272"}],"curies":[{"name":"wp","href":"https:\/\/api.w.org\/{rel}","templated":true}]}}