{"id":13217,"date":"2023-06-15T14:52:52","date_gmt":"2023-06-15T12:52:52","guid":{"rendered":"https:\/\/www.fleurop-home.ch\/?product=serenity-calm-medium-tumbler"},"modified":"2025-04-01T05:42:56","modified_gmt":"2025-04-01T03:42:56","slug":"serenity-calm-medium-tumbler","status":"publish","type":"product","link":"https:\/\/www.fleurop-home.ch\/fr-ch\/p\/serenity-calm-medium-tumbler","title":{"rendered":"S\u00e9r\u00e9nit\u00e9 + Calm Tumbler moyen"},"content":{"rendered":"<p>Huiles essentielles inspir\u00e9es des bienfaits de l'aromath\u00e9rapie. M\u00e9lange de cire de soja pour une combustion calme et r\u00e9guli\u00e8re. Magnifique verre d\u00e9poli aux couleurs apaisantes cr\u00e9ant un environnement paisible. Esth\u00e9tique simple et claire avec un couvercle \u00e0 l'aspect bois.\nDur\u00e9e de combustion : 20-24h<\/p>\n<p>Huiles essentielles : romarin, eucalyptus, camphre, lavande, lavandin, bois de c\u00e8dre, aiguilles de sapin, baume de sapin, orange, patchouli, bergamote, thym<\/p>\n<p>Dur\u00e9e de combustion : jusqu'\u00e0 57h<\/p>","protected":false},"excerpt":{"rendered":"<p>Cr\u00e9e un environnement serein avec des ar\u00f4mes apaisants de bergamote, de romarin et de lavande, renforc\u00e9s par une touche de fleur d'oranger, de thym et de notes de patchouli.<\/p>","protected":false},"featured_media":13218,"template":"","meta":[],"product_brand":[],"product_cat":[99,23,28],"product_tag":[288],"woo-feed-brand":[],"class_list":{"0":"post-13217","1":"product","2":"type-product","3":"status-publish","4":"has-post-thumbnail","6":"product_cat-duftkerzen","7":"product_cat-home-living","8":"product_cat-kerzen-lichter","9":"product_tag-spirig-kerzen-ag","11":"first","12":"instock","13":"taxable","14":"shipping-taxable","15":"purchasable","16":"product-type-simple"},"_links":{"self":[{"href":"https:\/\/www.fleurop-home.ch\/fr-ch\/wp-json\/wp\/v2\/product\/13217","targetHints":{"allow":["GET"]}}],"collection":[{"href":"https:\/\/www.fleurop-home.ch\/fr-ch\/wp-json\/wp\/v2\/product"}],"about":[{"href":"https:\/\/www.fleurop-home.ch\/fr-ch\/wp-json\/wp\/v2\/types\/product"}],"wp:featuredmedia":[{"embeddable":true,"href":"https:\/\/www.fleurop-home.ch\/fr-ch\/wp-json\/wp\/v2\/media\/13218"}],"wp:attachment":[{"href":"https:\/\/www.fleurop-home.ch\/fr-ch\/wp-json\/wp\/v2\/media?parent=13217"}],"wp:term":[{"taxonomy":"product_brand","embeddable":true,"href":"https:\/\/www.fleurop-home.ch\/fr-ch\/wp-json\/wp\/v2\/product_brand?post=13217"},{"taxonomy":"product_cat","embeddable":true,"href":"https:\/\/www.fleurop-home.ch\/fr-ch\/wp-json\/wp\/v2\/product_cat?post=13217"},{"taxonomy":"product_tag","embeddable":true,"href":"https:\/\/www.fleurop-home.ch\/fr-ch\/wp-json\/wp\/v2\/product_tag?post=13217"},{"taxonomy":"woo-feed-brand","embeddable":true,"href":"https:\/\/www.fleurop-home.ch\/fr-ch\/wp-json\/wp\/v2\/woo-feed-brand?post=13217"}],"curies":[{"name":"wp","href":"https:\/\/api.w.org\/{rel}","templated":true}]}}