{"id":13165,"date":"2023-06-15T12:52:41","date_gmt":"2023-06-15T12:52:41","guid":{"rendered":"https:\/\/www.fleurop-home.ch\/?product=love-passion-large-tumbler"},"modified":"2025-04-01T05:43:39","modified_gmt":"2025-04-01T03:43:39","slug":"love-passion-grand-tumbler","status":"publish","type":"product","link":"https:\/\/www.fleurop-home.ch\/fr-ch\/p\/love-passion-large-tumbler","title":{"rendered":"Love + Passion Large Tumbler"},"content":{"rendered":"<p>Huiles essentielles inspir\u00e9es des bienfaits de l'aromath\u00e9rapie. M\u00e9lange de cire de soja pour une combustion calme et r\u00e9guli\u00e8re. Magnifique verre d\u00e9poli aux couleurs apaisantes cr\u00e9ant un environnement paisible. Esth\u00e9tique simple et claire avec un couvercle \u00e0 l'aspect bois.\nDur\u00e9e de combustion : 20-24h<br \/>\nDur\u00e9e de combustion : jusqu'\u00e0 82h<\/p>","protected":false},"excerpt":{"rendered":"<p>Un m\u00e9lange po\u00e9tique d'ar\u00f4mes de pamplemousse, de nectar de p\u00eache et de mangue tropicale est rafra\u00eechi par le parfum d'un bouquet de fleurs d\u00e9licates et capture le sentiment d'un nouvel amour. Huiles essentielles : copa\u00efva, r\u00e9sine d'\u00e9lmi, pamplemousse, citron, orange<\/p>","protected":false},"featured_media":13166,"template":"","meta":[],"product_brand":[],"product_cat":[99,23,28],"product_tag":[288],"woo-feed-brand":[],"class_list":{"0":"post-13165","1":"product","2":"type-product","3":"status-publish","4":"has-post-thumbnail","6":"product_cat-duftkerzen","7":"product_cat-home-living","8":"product_cat-kerzen-lichter","9":"product_tag-spirig-kerzen-ag","11":"first","12":"instock","13":"taxable","14":"shipping-taxable","15":"purchasable","16":"product-type-simple"},"_links":{"self":[{"href":"https:\/\/www.fleurop-home.ch\/fr-ch\/wp-json\/wp\/v2\/product\/13165","targetHints":{"allow":["GET"]}}],"collection":[{"href":"https:\/\/www.fleurop-home.ch\/fr-ch\/wp-json\/wp\/v2\/product"}],"about":[{"href":"https:\/\/www.fleurop-home.ch\/fr-ch\/wp-json\/wp\/v2\/types\/product"}],"wp:featuredmedia":[{"embeddable":true,"href":"https:\/\/www.fleurop-home.ch\/fr-ch\/wp-json\/wp\/v2\/media\/13166"}],"wp:attachment":[{"href":"https:\/\/www.fleurop-home.ch\/fr-ch\/wp-json\/wp\/v2\/media?parent=13165"}],"wp:term":[{"taxonomy":"product_brand","embeddable":true,"href":"https:\/\/www.fleurop-home.ch\/fr-ch\/wp-json\/wp\/v2\/product_brand?post=13165"},{"taxonomy":"product_cat","embeddable":true,"href":"https:\/\/www.fleurop-home.ch\/fr-ch\/wp-json\/wp\/v2\/product_cat?post=13165"},{"taxonomy":"product_tag","embeddable":true,"href":"https:\/\/www.fleurop-home.ch\/fr-ch\/wp-json\/wp\/v2\/product_tag?post=13165"},{"taxonomy":"woo-feed-brand","embeddable":true,"href":"https:\/\/www.fleurop-home.ch\/fr-ch\/wp-json\/wp\/v2\/woo-feed-brand?post=13165"}],"curies":[{"name":"wp","href":"https:\/\/api.w.org\/{rel}","templated":true}]}}