{"id":13155,"date":"2023-06-15T14:52:38","date_gmt":"2023-06-15T12:52:38","guid":{"rendered":"https:\/\/www.fleurop-home.ch\/?product=joy-laughter-medium-tumbler"},"modified":"2025-04-01T05:43:10","modified_gmt":"2025-04-01T03:43:10","slug":"joy-laughter-moyen-tumbler","status":"publish","type":"product","link":"https:\/\/www.fleurop-home.ch\/fr-ch\/p\/joy-laughter-medium-tumbler","title":{"rendered":"Joy + Laughter Tumbler moyen"},"content":{"rendered":"<p>Huiles essentielles inspir\u00e9es des bienfaits de l'aromath\u00e9rapie. M\u00e9lange de cire de soja pour une combustion calme et r\u00e9guli\u00e8re. Magnifique verre d\u00e9poli aux couleurs apaisantes cr\u00e9ant un environnement paisible. Esth\u00e9tique simple et claire avec un couvercle \u00e0 l'aspect bois.\nDur\u00e9e de combustion : 20-24h<br \/>\nDur\u00e9e de combustion : jusqu'\u00e0 57h<\/p>","protected":false},"excerpt":{"rendered":"<p>Un bouquet b\u00e9at et fruit\u00e9 de notes de canneberge sucr\u00e9e, de nectar de prune et de dahlias en fleurs se m\u00eale au parfum de l'acajou pour cr\u00e9er un ar\u00f4me \u00e9l\u00e9gant et joyeux. Huiles essentielles : \u00e9corce d'orange, citron, bois de c\u00e8dre<\/p>","protected":false},"featured_media":13156,"template":"","meta":[],"product_brand":[],"product_cat":[99,23,28],"product_tag":[288],"woo-feed-brand":[],"class_list":{"0":"post-13155","1":"product","2":"type-product","3":"status-publish","4":"has-post-thumbnail","6":"product_cat-duftkerzen","7":"product_cat-home-living","8":"product_cat-kerzen-lichter","9":"product_tag-spirig-kerzen-ag","11":"first","12":"instock","13":"taxable","14":"shipping-taxable","15":"purchasable","16":"product-type-simple"},"_links":{"self":[{"href":"https:\/\/www.fleurop-home.ch\/fr-ch\/wp-json\/wp\/v2\/product\/13155","targetHints":{"allow":["GET"]}}],"collection":[{"href":"https:\/\/www.fleurop-home.ch\/fr-ch\/wp-json\/wp\/v2\/product"}],"about":[{"href":"https:\/\/www.fleurop-home.ch\/fr-ch\/wp-json\/wp\/v2\/types\/product"}],"wp:featuredmedia":[{"embeddable":true,"href":"https:\/\/www.fleurop-home.ch\/fr-ch\/wp-json\/wp\/v2\/media\/13156"}],"wp:attachment":[{"href":"https:\/\/www.fleurop-home.ch\/fr-ch\/wp-json\/wp\/v2\/media?parent=13155"}],"wp:term":[{"taxonomy":"product_brand","embeddable":true,"href":"https:\/\/www.fleurop-home.ch\/fr-ch\/wp-json\/wp\/v2\/product_brand?post=13155"},{"taxonomy":"product_cat","embeddable":true,"href":"https:\/\/www.fleurop-home.ch\/fr-ch\/wp-json\/wp\/v2\/product_cat?post=13155"},{"taxonomy":"product_tag","embeddable":true,"href":"https:\/\/www.fleurop-home.ch\/fr-ch\/wp-json\/wp\/v2\/product_tag?post=13155"},{"taxonomy":"woo-feed-brand","embeddable":true,"href":"https:\/\/www.fleurop-home.ch\/fr-ch\/wp-json\/wp\/v2\/woo-feed-brand?post=13155"}],"curies":[{"name":"wp","href":"https:\/\/api.w.org\/{rel}","templated":true}]}}