{"id":13038,"date":"2023-05-05T18:00:15","date_gmt":"2023-05-05T18:00:15","guid":{"rendered":"https:\/\/www.fleurop-home.ch\/?product=pure-black"},"modified":"2026-03-13T09:19:12","modified_gmt":"2026-03-13T08:19:12","slug":"bottes-de-pluie-pure-black","status":"publish","type":"product","link":"https:\/\/www.fleurop-home.ch\/fr-ch\/p\/regenstiefel-pure-black","title":{"rendered":"BOTTES DE PLUIE \"PUR BLACK"},"content":{"rendered":"<div style=\"text-align: left;\">Syst\u00e8me de fermeture au niveau du mollet.<\/div>\n<p style=\"text-align: left;\">Avec la fermeture r\u00e9glable, l'eau ne peut pas s'infiltrer \u00e0 l'int\u00e9rieur des bottes, m\u00eame en cas d'averse orageuse.<\/p>\n<p style=\"text-align: left;\"><span style=\"text-decoration: underline;\">Livr\u00e9 avec :<\/span><\/p>\n<p style=\"text-align: left;\">1 paire de semelles suppl\u00e9mentaires<\/p>\n<p style=\"text-align: left;\"><span style=\"text-decoration: underline;\">Version int\u00e9rieure :<\/span><\/p>\n<div style=\"text-align: left;\">\n<p>100% coton, noir, insert EVA 5mm<\/p>\n<\/div>\n<div>\n<p style=\"text-align: left;\">100% caoutchouc naturel, 100% \u00e9tanche<\/p>\n<p style=\"text-align: left;\">Hauteur 37 cm<\/p>\n<\/div>","protected":false},"excerpt":{"rendered":"<p>Bottes de pluie pour femmes. 100% caoutchouc naturel, 100% \u00e9tanche<\/p>","protected":false},"featured_media":13039,"template":"","meta":[],"product_brand":[],"product_cat":[1061,34,39],"product_tag":[321],"woo-feed-brand":[],"class_list":{"0":"post-13038","1":"product","2":"type-product","3":"status-publish","4":"has-post-thumbnail","6":"product_cat-regenstiefel","7":"product_cat-garten-balkon","8":"product_cat-gartenzubehoer","9":"product_tag-elvetik-official-store","11":"first","12":"instock","13":"taxable","14":"shipping-taxable","15":"purchasable","16":"product-type-variable"},"_links":{"self":[{"href":"https:\/\/www.fleurop-home.ch\/fr-ch\/wp-json\/wp\/v2\/product\/13038","targetHints":{"allow":["GET"]}}],"collection":[{"href":"https:\/\/www.fleurop-home.ch\/fr-ch\/wp-json\/wp\/v2\/product"}],"about":[{"href":"https:\/\/www.fleurop-home.ch\/fr-ch\/wp-json\/wp\/v2\/types\/product"}],"wp:featuredmedia":[{"embeddable":true,"href":"https:\/\/www.fleurop-home.ch\/fr-ch\/wp-json\/wp\/v2\/media\/13039"}],"wp:attachment":[{"href":"https:\/\/www.fleurop-home.ch\/fr-ch\/wp-json\/wp\/v2\/media?parent=13038"}],"wp:term":[{"taxonomy":"product_brand","embeddable":true,"href":"https:\/\/www.fleurop-home.ch\/fr-ch\/wp-json\/wp\/v2\/product_brand?post=13038"},{"taxonomy":"product_cat","embeddable":true,"href":"https:\/\/www.fleurop-home.ch\/fr-ch\/wp-json\/wp\/v2\/product_cat?post=13038"},{"taxonomy":"product_tag","embeddable":true,"href":"https:\/\/www.fleurop-home.ch\/fr-ch\/wp-json\/wp\/v2\/product_tag?post=13038"},{"taxonomy":"woo-feed-brand","embeddable":true,"href":"https:\/\/www.fleurop-home.ch\/fr-ch\/wp-json\/wp\/v2\/woo-feed-brand?post=13038"}],"curies":[{"name":"wp","href":"https:\/\/api.w.org\/{rel}","templated":true}]}}