{"id":13005,"date":"2023-05-05T11:35:33","date_gmt":"2023-05-05T11:35:33","guid":{"rendered":"https:\/\/www.fleurop-home.ch\/?product=regenstiefel-boots-terrakotta"},"modified":"2025-04-01T05:50:04","modified_gmt":"2025-04-01T03:50:04","slug":"bottes-de-pluie-bottes-terre-cuite","status":"publish","type":"product","link":"https:\/\/www.fleurop-home.ch\/fr-ch\/p\/regenstiefel-boots-terrakotta","title":{"rendered":"BOTTES DE PLUIE \"BOOTS TERRACOTTA\"."},"content":{"rendered":"<p style=\"text-align: left\">Elvetik lance un nouveau design pour ses bottes de pluie, \u00e0 l'esth\u00e9tique urbaine mais adapt\u00e9es \u00e0 tous les terrains (avec sa semelle \u00e0 crampons).<\/p>\n<ul>\n<li style=\"text-align: left\">Certifi\u00e9 v\u00e9g\u00e9talien<\/li>\n<li style=\"text-align: left\">Imperm\u00e9able<\/li>\n<li style=\"text-align: left\">Fait \u00e0 la main<\/li>\n<li style=\"text-align: left\">Doublure en polyester recycl\u00e9<\/li>\n<li style=\"text-align: left\">Semelle en caoutchouc<\/li>\n<li style=\"text-align: left\">Fabriqu\u00e9 \u00e0 partir de caoutchouc naturel vulcanis\u00e9<\/li>\n<li style=\"text-align: left\">Langue de la botte \u00e0 lacets<\/li>\n<li style=\"text-align: left\">Lacets ronds noirs en coton 100%<\/li>\n<\/ul>","protected":false},"excerpt":{"rendered":"<p>Bottes de pluie \"boots terrakotta\", terracotta mat, pour femme et homme<\/p>","protected":false},"featured_media":13006,"template":"","meta":[],"product_brand":[],"product_cat":[39,34,1061],"product_tag":[321],"woo-feed-brand":[],"class_list":{"0":"post-13005","1":"product","2":"type-product","3":"status-publish","4":"has-post-thumbnail","6":"product_cat-gartenzubehoer","7":"product_cat-garten-balkon","8":"product_cat-regenstiefel","9":"product_tag-elvetik-official-store","11":"first","12":"instock","13":"featured","14":"taxable","15":"shipping-taxable","16":"purchasable","17":"product-type-variable"},"_links":{"self":[{"href":"https:\/\/www.fleurop-home.ch\/fr-ch\/wp-json\/wp\/v2\/product\/13005","targetHints":{"allow":["GET"]}}],"collection":[{"href":"https:\/\/www.fleurop-home.ch\/fr-ch\/wp-json\/wp\/v2\/product"}],"about":[{"href":"https:\/\/www.fleurop-home.ch\/fr-ch\/wp-json\/wp\/v2\/types\/product"}],"wp:featuredmedia":[{"embeddable":true,"href":"https:\/\/www.fleurop-home.ch\/fr-ch\/wp-json\/wp\/v2\/media\/13006"}],"wp:attachment":[{"href":"https:\/\/www.fleurop-home.ch\/fr-ch\/wp-json\/wp\/v2\/media?parent=13005"}],"wp:term":[{"taxonomy":"product_brand","embeddable":true,"href":"https:\/\/www.fleurop-home.ch\/fr-ch\/wp-json\/wp\/v2\/product_brand?post=13005"},{"taxonomy":"product_cat","embeddable":true,"href":"https:\/\/www.fleurop-home.ch\/fr-ch\/wp-json\/wp\/v2\/product_cat?post=13005"},{"taxonomy":"product_tag","embeddable":true,"href":"https:\/\/www.fleurop-home.ch\/fr-ch\/wp-json\/wp\/v2\/product_tag?post=13005"},{"taxonomy":"woo-feed-brand","embeddable":true,"href":"https:\/\/www.fleurop-home.ch\/fr-ch\/wp-json\/wp\/v2\/woo-feed-brand?post=13005"}],"curies":[{"name":"wp","href":"https:\/\/api.w.org\/{rel}","templated":true}]}}