{"id":12955,"date":"2023-05-04T11:16:23","date_gmt":"2023-05-04T09:16:23","guid":{"rendered":"https:\/\/www.fleurop-home.ch\/?product=fettblattrosette-echeveria-elegans"},"modified":"2026-04-21T09:44:10","modified_gmt":"2026-04-21T07:44:10","slug":"rosette-a-feuilles-grasses-echeveria-elegans","status":"publish","type":"product","link":"https:\/\/www.fleurop-home.ch\/fr-ch\/p\/fettblattrosette-echeveria-elegans","title":{"rendered":"Rosette \u00e0 feuilles grasses - Echeveria elegans"},"content":{"rendered":"<p>La rosette \u00e0 feuilles grasses Echeveria elegans est une plante succulente attrayante avec des feuilles gris argent\u00e9 dens\u00e9ment dispos\u00e9es, qui convient aussi bien \u00e0 l'int\u00e9rieur qu'aux plantations estivales en ext\u00e9rieur. Cette plante saisonni\u00e8re se sent particuli\u00e8rement bien dans les endroits ensoleill\u00e9s et n'a besoin que de peu d'eau. Un sol bien perm\u00e9able favorise une croissance saine et pr\u00e9vient l'accumulation d'eau. Gr\u00e2ce \u00e0 la structure robuste de ses rosettes de feuilles, elle apporte des accents d\u00e9coratifs dans des r\u00e9cipients ou dans le cadre de compositions modernes. La production est enti\u00e8rement r\u00e9alis\u00e9e en Suisse et garantit une qualit\u00e9 \u00e9lev\u00e9e.<\/p>\n<p>Hauteur : 10 cm<br \/>\nTaille du pot : pot de 9<br \/>\nR\u00e9sistance au froid : pas de r\u00e9sistance au froid<br \/>\nLumi\u00e8re : ensoleill\u00e9e<br \/>\nP\u00e9riode de floraison : de mars \u00e0 juillet<br \/>\nSol : perm\u00e9able<\/p>","protected":false},"excerpt":{"rendered":"<p>Rosette de feuilles grasses Echeveria elegans argent - plante saisonni\u00e8re pot 9 cm de production suisse<\/p>","protected":false},"featured_media":41209,"template":"","meta":[],"product_brand":[],"product_cat":[109,34,41],"product_tag":[299],"woo-feed-brand":[],"class_list":{"0":"post-12955","1":"product","2":"type-product","3":"status-publish","4":"has-post-thumbnail","6":"product_cat-saisonale-pflanzen","7":"product_cat-garten-balkon","8":"product_cat-outdoorpflanzen","9":"product_tag-santispracht","11":"first","12":"instock","13":"taxable","14":"shipping-taxable","15":"purchasable","16":"product-type-simple"},"_links":{"self":[{"href":"https:\/\/www.fleurop-home.ch\/fr-ch\/wp-json\/wp\/v2\/product\/12955","targetHints":{"allow":["GET"]}}],"collection":[{"href":"https:\/\/www.fleurop-home.ch\/fr-ch\/wp-json\/wp\/v2\/product"}],"about":[{"href":"https:\/\/www.fleurop-home.ch\/fr-ch\/wp-json\/wp\/v2\/types\/product"}],"wp:featuredmedia":[{"embeddable":true,"href":"https:\/\/www.fleurop-home.ch\/fr-ch\/wp-json\/wp\/v2\/media\/41209"}],"wp:attachment":[{"href":"https:\/\/www.fleurop-home.ch\/fr-ch\/wp-json\/wp\/v2\/media?parent=12955"}],"wp:term":[{"taxonomy":"product_brand","embeddable":true,"href":"https:\/\/www.fleurop-home.ch\/fr-ch\/wp-json\/wp\/v2\/product_brand?post=12955"},{"taxonomy":"product_cat","embeddable":true,"href":"https:\/\/www.fleurop-home.ch\/fr-ch\/wp-json\/wp\/v2\/product_cat?post=12955"},{"taxonomy":"product_tag","embeddable":true,"href":"https:\/\/www.fleurop-home.ch\/fr-ch\/wp-json\/wp\/v2\/product_tag?post=12955"},{"taxonomy":"woo-feed-brand","embeddable":true,"href":"https:\/\/www.fleurop-home.ch\/fr-ch\/wp-json\/wp\/v2\/woo-feed-brand?post=12955"}],"curies":[{"name":"wp","href":"https:\/\/api.w.org\/{rel}","templated":true}]}}