{"id":12854,"date":"2023-05-04T11:13:56","date_gmt":"2023-05-04T09:13:56","guid":{"rendered":"https:\/\/www.fleurop-home.ch\/?product=kronen-lichtnelke-lychnis-coronaria"},"modified":"2026-04-28T11:27:59","modified_gmt":"2026-04-28T09:27:59","slug":"-145","status":"publish","type":"product","link":"https:\/\/www.fleurop-home.ch\/fr-ch\/p\/kronen-lichtnelke-lychnis-coronaria","title":{"rendered":"Lychnis couronn\u00e9e - Lychnis coronaria"},"content":{"rendered":"<p>L'\u0153illet d'Inde Atrosanguinea se distingue par ses fleurs rose vif et convient parfaitement aux bordures mixtes, aux rocailles ou aux jardins en pots. Gr\u00e2ce \u00e0 sa nature robuste, elle r\u00e9siste \u00e0 l'hiver et offre une joie durable dans ton jardin. Les fleurs sont non seulement appr\u00e9ci\u00e9es comme fleurs coup\u00e9es durables, mais elles soutiennent \u00e9galement la biodiversit\u00e9 en attirant de nombreux insectes. Dans un endroit ensoleill\u00e9, avec un sol perm\u00e9able et un apport d'eau mod\u00e9r\u00e9, cette plante fleurie d\u00e9ploie toute sa splendeur. Avec Blumenpracht aus Urkraft et Suisse Garantie, tu fais confiance \u00e0 une plante fiable et produite localement en Suisse.<\/p>\n<p>Hauteur : 100 cm<br \/>\nTaille du pot : pot de 25<br \/>\nR\u00e9sistance au froid : r\u00e9sistant au froid<br \/>\nLumi\u00e8re : ensoleill\u00e9e<br \/>\nP\u00e9riode de floraison : juin \u00e0 juillet<br \/>\nSol : perm\u00e9able<\/p>","protected":false},"excerpt":{"rendered":"<p>Oeillet d'Inde \u00e0 couronne Atrosanguinea - plante vivace \u00e0 fleurs roses de production suisse<\/p>","protected":false},"featured_media":42954,"template":"","meta":[],"product_brand":[],"product_cat":[109,34,41],"product_tag":[299],"woo-feed-brand":[],"class_list":{"0":"post-12854","1":"product","2":"type-product","3":"status-publish","4":"has-post-thumbnail","6":"product_cat-saisonale-pflanzen","7":"product_cat-garten-balkon","8":"product_cat-outdoorpflanzen","9":"product_tag-santispracht","11":"first","12":"instock","13":"taxable","14":"shipping-taxable","15":"purchasable","16":"product-type-simple"},"_links":{"self":[{"href":"https:\/\/www.fleurop-home.ch\/fr-ch\/wp-json\/wp\/v2\/product\/12854","targetHints":{"allow":["GET"]}}],"collection":[{"href":"https:\/\/www.fleurop-home.ch\/fr-ch\/wp-json\/wp\/v2\/product"}],"about":[{"href":"https:\/\/www.fleurop-home.ch\/fr-ch\/wp-json\/wp\/v2\/types\/product"}],"wp:featuredmedia":[{"embeddable":true,"href":"https:\/\/www.fleurop-home.ch\/fr-ch\/wp-json\/wp\/v2\/media\/42954"}],"wp:attachment":[{"href":"https:\/\/www.fleurop-home.ch\/fr-ch\/wp-json\/wp\/v2\/media?parent=12854"}],"wp:term":[{"taxonomy":"product_brand","embeddable":true,"href":"https:\/\/www.fleurop-home.ch\/fr-ch\/wp-json\/wp\/v2\/product_brand?post=12854"},{"taxonomy":"product_cat","embeddable":true,"href":"https:\/\/www.fleurop-home.ch\/fr-ch\/wp-json\/wp\/v2\/product_cat?post=12854"},{"taxonomy":"product_tag","embeddable":true,"href":"https:\/\/www.fleurop-home.ch\/fr-ch\/wp-json\/wp\/v2\/product_tag?post=12854"},{"taxonomy":"woo-feed-brand","embeddable":true,"href":"https:\/\/www.fleurop-home.ch\/fr-ch\/wp-json\/wp\/v2\/woo-feed-brand?post=12854"}],"curies":[{"name":"wp","href":"https:\/\/api.w.org\/{rel}","templated":true}]}}