{"id":12840,"date":"2023-05-04T11:13:44","date_gmt":"2023-05-04T09:13:44","guid":{"rendered":"https:\/\/www.fleurop-home.ch\/?product=fenchel-foeniculum-vulgare"},"modified":"2026-04-21T09:45:11","modified_gmt":"2026-04-21T07:45:11","slug":"-143","status":"publish","type":"product","link":"https:\/\/www.fleurop-home.ch\/fr-ch\/p\/fenchel-foeniculum-vulgare","title":{"rendered":"Fenouil - Foeniculum vulgare"},"content":{"rendered":"<p>Avec son feuillage unique de couleur fum\u00e9e et ses fleurs jaunes, le fenouil \u201aSmokey\u2018 apporte des accents proches de la nature dans le jardin. Cette plante vivace r\u00e9sistante \u00e0 l'hiver provient \u00e0 100 % de la production suisse et convient parfaitement aux jardins paysans et naturels, aux parterres de plantes vivaces ainsi qu'aux potagers. Les ombelles de fleurs parfum\u00e9es attirent les abeilles et les papillons et contribuent \u00e0 l'\u00e9quilibre \u00e9cologique. Le fenouil pousse le mieux dans les endroits ensoleill\u00e9s ou semi-ombrag\u00e9s avec un sol perm\u00e9able et un approvisionnement en eau mod\u00e9r\u00e9. Gr\u00e2ce \u00e0 sa hauteur de croissance pouvant atteindre deux m\u00e8tres, il met des accents attrayants et convainc par son origine avec Suisse Garantie - un signe de splendeur florale r\u00e9gionale issue de la force primaire.<\/p>\n<p>Hauteur : 200 cm<br \/>\nTaille du pot : pot de 25<br \/>\nR\u00e9sistance au froid : r\u00e9sistant au froid<br \/>\nLumi\u00e8re : ensoleill\u00e9e \u00e0 semi-ombrag\u00e9e<br \/>\nP\u00e9riode de floraison : juillet \u00e0 ao\u00fbt<br \/>\nSol : perm\u00e9able<\/p>","protected":false},"excerpt":{"rendered":"<p>Fenouil \u201aSmokey\u2018 - fenouil d\u00e9coratif pour les jardins naturels de production suisse<\/p>","protected":false},"featured_media":34155,"template":"","meta":[],"product_brand":[],"product_cat":[109,34,41],"product_tag":[299],"woo-feed-brand":[],"class_list":{"0":"post-12840","1":"product","2":"type-product","3":"status-publish","4":"has-post-thumbnail","6":"product_cat-saisonale-pflanzen","7":"product_cat-garten-balkon","8":"product_cat-outdoorpflanzen","9":"product_tag-santispracht","11":"first","12":"instock","13":"taxable","14":"shipping-taxable","15":"purchasable","16":"product-type-simple"},"_links":{"self":[{"href":"https:\/\/www.fleurop-home.ch\/fr-ch\/wp-json\/wp\/v2\/product\/12840","targetHints":{"allow":["GET"]}}],"collection":[{"href":"https:\/\/www.fleurop-home.ch\/fr-ch\/wp-json\/wp\/v2\/product"}],"about":[{"href":"https:\/\/www.fleurop-home.ch\/fr-ch\/wp-json\/wp\/v2\/types\/product"}],"wp:featuredmedia":[{"embeddable":true,"href":"https:\/\/www.fleurop-home.ch\/fr-ch\/wp-json\/wp\/v2\/media\/34155"}],"wp:attachment":[{"href":"https:\/\/www.fleurop-home.ch\/fr-ch\/wp-json\/wp\/v2\/media?parent=12840"}],"wp:term":[{"taxonomy":"product_brand","embeddable":true,"href":"https:\/\/www.fleurop-home.ch\/fr-ch\/wp-json\/wp\/v2\/product_brand?post=12840"},{"taxonomy":"product_cat","embeddable":true,"href":"https:\/\/www.fleurop-home.ch\/fr-ch\/wp-json\/wp\/v2\/product_cat?post=12840"},{"taxonomy":"product_tag","embeddable":true,"href":"https:\/\/www.fleurop-home.ch\/fr-ch\/wp-json\/wp\/v2\/product_tag?post=12840"},{"taxonomy":"woo-feed-brand","embeddable":true,"href":"https:\/\/www.fleurop-home.ch\/fr-ch\/wp-json\/wp\/v2\/woo-feed-brand?post=12840"}],"curies":[{"name":"wp","href":"https:\/\/api.w.org\/{rel}","templated":true}]}}