{"id":12827,"date":"2023-05-04T11:13:28","date_gmt":"2023-05-04T09:13:28","guid":{"rendered":"https:\/\/www.fleurop-home.ch\/?product=rittersporn-delphinium-cultivars-1709042979"},"modified":"2026-04-17T09:30:20","modified_gmt":"2026-04-17T07:30:20","slug":"-142","status":"publish","type":"product","link":"https:\/\/www.fleurop-home.ch\/fr-ch\/p\/rittersporn-delphinium-cultivars-1709042979","title":{"rendered":"Pied d'alouette - Delphinium Cultivars"},"content":{"rendered":"<p>Rittersporn, botanisch Delphinium Cultivars Mix, bringt mit seinen eindrucksvollen, hohen Bl\u00fctenst\u00e4nden naturnahe Eleganz in den Garten. Die kr\u00e4ftig wachsende Staude stammt zu 100 % aus Schweizer Produktion und tr\u00e4gt das G\u00fctesiegel Suisse Garantie \u2013 Qualit\u00e4t, die \u00fcberzeugt. Von Juni bis August sorgen die gemischten Farben f\u00fcr eine lebendige Bl\u00fctenpracht. Der Rittersporn bevorzugt einen sonnigen Standort und ben\u00f6tigt durchl\u00e4ssigen, m\u00e4ssig feuchten Boden. Seine aufrecht wachsende Form macht ihn als Solit\u00e4r oder in Gruppen besonders wirkungsvoll. Die Bl\u00fcten bieten Bienen und weiteren Insekten wertvolle Nahrung und liefern zudem dekorativen Schnittblumenschmuck f\u00fcr das Zuhause. Die Pflanze \u00fcberzeugt durch ihre Winterh\u00e4rte und bringt so Jahre lang erfreuliche Farbtupfer in naturnahe G\u00e4rten.<\/p>\n<p>Hauteur : 150 cm<br \/>\nTaille du pot : pot de 25<br \/>\nR\u00e9sistance au froid : r\u00e9sistant au froid<br \/>\nLumi\u00e8re : ensoleill\u00e9e<br \/>\nP\u00e9riode de floraison : juin \u00e0 ao\u00fbt<br \/>\nSol : perm\u00e9able<\/p>","protected":false},"excerpt":{"rendered":"<p>Rittersporn Delphinium Cultivars Mix \u2013 Bl\u00fctenschmuck aus Schweizer Produktion<\/p>","protected":false},"featured_media":41105,"template":"","meta":[],"product_brand":[],"product_cat":[109,34,41],"product_tag":[299],"woo-feed-brand":[],"class_list":{"0":"post-12827","1":"product","2":"type-product","3":"status-publish","4":"has-post-thumbnail","6":"product_cat-saisonale-pflanzen","7":"product_cat-garten-balkon","8":"product_cat-outdoorpflanzen","9":"product_tag-santispracht","11":"first","12":"instock","13":"taxable","14":"shipping-taxable","15":"purchasable","16":"product-type-simple"},"_links":{"self":[{"href":"https:\/\/www.fleurop-home.ch\/fr-ch\/wp-json\/wp\/v2\/product\/12827","targetHints":{"allow":["GET"]}}],"collection":[{"href":"https:\/\/www.fleurop-home.ch\/fr-ch\/wp-json\/wp\/v2\/product"}],"about":[{"href":"https:\/\/www.fleurop-home.ch\/fr-ch\/wp-json\/wp\/v2\/types\/product"}],"wp:featuredmedia":[{"embeddable":true,"href":"https:\/\/www.fleurop-home.ch\/fr-ch\/wp-json\/wp\/v2\/media\/41105"}],"wp:attachment":[{"href":"https:\/\/www.fleurop-home.ch\/fr-ch\/wp-json\/wp\/v2\/media?parent=12827"}],"wp:term":[{"taxonomy":"product_brand","embeddable":true,"href":"https:\/\/www.fleurop-home.ch\/fr-ch\/wp-json\/wp\/v2\/product_brand?post=12827"},{"taxonomy":"product_cat","embeddable":true,"href":"https:\/\/www.fleurop-home.ch\/fr-ch\/wp-json\/wp\/v2\/product_cat?post=12827"},{"taxonomy":"product_tag","embeddable":true,"href":"https:\/\/www.fleurop-home.ch\/fr-ch\/wp-json\/wp\/v2\/product_tag?post=12827"},{"taxonomy":"woo-feed-brand","embeddable":true,"href":"https:\/\/www.fleurop-home.ch\/fr-ch\/wp-json\/wp\/v2\/woo-feed-brand?post=12827"}],"curies":[{"name":"wp","href":"https:\/\/api.w.org\/{rel}","templated":true}]}}