{"id":12761,"date":"2023-05-04T11:11:59","date_gmt":"2023-05-04T09:11:59","guid":{"rendered":"https:\/\/www.fleurop-home.ch\/?product=gestreiftes-reitgras-calamagrostis-acutiflora-1709042806"},"modified":"2026-04-28T09:37:24","modified_gmt":"2026-04-28T07:37:24","slug":"herbe-a-cheval-rayee-calamagrostis-acutiflora-2","status":"publish","type":"product","link":"https:\/\/www.fleurop-home.ch\/fr-ch\/p\/gestreiftes-reitgras-calamagrostis-acutiflora-2","title":{"rendered":"Herbe \u00e0 cheval ray\u00e9e - Calamagrostis acutiflora"},"content":{"rendered":"<p>L'herbe \u00e0 cheval ray\u00e9e Overdam se distingue par ses tiges d\u00e9coratives \u00e0 rayures blanches et ses inflorescences durables qui poussent \u00e0 la verticale. Elle convient parfaitement comme solitaire ou dans des plantations en groupe et donne des accents marquants dans les bordures, les rocailles ainsi que dans les grands r\u00e9cipients. D'une hauteur d'environ 120 cm, elle aime les endroits ensoleill\u00e9s et pr\u00e9f\u00e8re les sols perm\u00e9ables. Le besoin en eau est mod\u00e9r\u00e9, de sorte que m\u00eame les p\u00e9riodes s\u00e8ches sont bien tol\u00e9r\u00e9es. La production suisse garantit une qualit\u00e9 \u00e9lev\u00e9e et une plante robuste et r\u00e9sistante au froid qui apporte structure et dynamisme \u00e0 toute composition de jardin.<\/p>\n<p>Hauteur : 120 cm<br \/>\nTaille du pot : pot de 21<br \/>\nR\u00e9sistance au froid : r\u00e9sistant au froid<br \/>\nLumi\u00e8re : ensoleill\u00e9e<br \/>\nP\u00e9riode de floraison : juillet \u00e0 septembre<br \/>\nSol : perm\u00e9able<\/p>","protected":false},"excerpt":{"rendered":"<p>Herbe \u00e0 cheval ray\u00e9e Overdam - une herbe d\u00e9corative \u00e9l\u00e9gante pour le jardin et les bacs<\/p>","protected":false},"featured_media":42635,"template":"","meta":[],"product_brand":[],"product_cat":[109,34,41],"product_tag":[299],"woo-feed-brand":[],"class_list":{"0":"post-12761","1":"product","2":"type-product","3":"status-publish","4":"has-post-thumbnail","6":"product_cat-saisonale-pflanzen","7":"product_cat-garten-balkon","8":"product_cat-outdoorpflanzen","9":"product_tag-santispracht","11":"first","12":"instock","13":"taxable","14":"shipping-taxable","15":"purchasable","16":"product-type-simple"},"_links":{"self":[{"href":"https:\/\/www.fleurop-home.ch\/fr-ch\/wp-json\/wp\/v2\/product\/12761","targetHints":{"allow":["GET"]}}],"collection":[{"href":"https:\/\/www.fleurop-home.ch\/fr-ch\/wp-json\/wp\/v2\/product"}],"about":[{"href":"https:\/\/www.fleurop-home.ch\/fr-ch\/wp-json\/wp\/v2\/types\/product"}],"wp:featuredmedia":[{"embeddable":true,"href":"https:\/\/www.fleurop-home.ch\/fr-ch\/wp-json\/wp\/v2\/media\/42635"}],"wp:attachment":[{"href":"https:\/\/www.fleurop-home.ch\/fr-ch\/wp-json\/wp\/v2\/media?parent=12761"}],"wp:term":[{"taxonomy":"product_brand","embeddable":true,"href":"https:\/\/www.fleurop-home.ch\/fr-ch\/wp-json\/wp\/v2\/product_brand?post=12761"},{"taxonomy":"product_cat","embeddable":true,"href":"https:\/\/www.fleurop-home.ch\/fr-ch\/wp-json\/wp\/v2\/product_cat?post=12761"},{"taxonomy":"product_tag","embeddable":true,"href":"https:\/\/www.fleurop-home.ch\/fr-ch\/wp-json\/wp\/v2\/product_tag?post=12761"},{"taxonomy":"woo-feed-brand","embeddable":true,"href":"https:\/\/www.fleurop-home.ch\/fr-ch\/wp-json\/wp\/v2\/woo-feed-brand?post=12761"}],"curies":[{"name":"wp","href":"https:\/\/api.w.org\/{rel}","templated":true}]}}