{"id":12738,"date":"2023-05-04T11:11:39","date_gmt":"2023-05-04T09:11:39","guid":{"rendered":"https:\/\/www.fleurop-home.ch\/?product=lavendel-lavandula-angustifolia-1709042753"},"modified":"2026-05-12T09:46:22","modified_gmt":"2026-05-12T07:46:22","slug":"lavande-lavandula-angustifolia-4","status":"publish","type":"product","link":"https:\/\/www.fleurop-home.ch\/fr-ch\/p\/lavendel-lavandula-angustifolia-4","title":{"rendered":"Lavande - Lavandula angustifolia"},"content":{"rendered":"<p>La lavande bleue enthousiasme par sa croissance touffue et son parfum caract\u00e9ristique. En tant que plante vivace r\u00e9sistante \u00e0 l'hiver, elle reste robuste toute l'ann\u00e9e \u00e0 l'ext\u00e9rieur et convient particuli\u00e8rement bien aux endroits ensoleill\u00e9s. Ses fleurs bleu lavande apparaissent de juin \u00e0 novembre et attirent de nombreux insectes, dont les abeilles. La lavande est une compagne appr\u00e9ci\u00e9e des roses et est parfaitement mise en valeur dans les bordures mixtes, dans les bacs \u00e0 plantes ou dans les jardins d'herbes aromatiques. Elle pr\u00e9f\u00e8re un sol perm\u00e9able et n'a besoin que de peu d'eau. La production suisse 100 % et la certification avec Suisse Garantie garantissent une origine proche de la nature et une qualit\u00e9 sup\u00e9rieure.<\/p>\n<p>Hauteur : 40 cm<br \/>\nTaille du pot : pot de 16<br \/>\nR\u00e9sistance au froid : r\u00e9sistant au froid<br \/>\nLumi\u00e8re : ensoleill\u00e9e<br \/>\nP\u00e9riode de floraison : juin \u00e0 novembre<br \/>\nSol : perm\u00e9able<br \/>\nBon pour les insectes<\/p>","protected":false},"excerpt":{"rendered":"<p>Lavande bleue - Plante vivace r\u00e9sistante \u00e0 l'hiver avec un parfum m\u00e9diterran\u00e9en, bonne pour les insectes<\/p>","protected":false},"featured_media":41681,"template":"","meta":[],"product_brand":[],"product_cat":[109,34,41],"product_tag":[299],"woo-feed-brand":[],"class_list":{"0":"post-12738","1":"product","2":"type-product","3":"status-publish","4":"has-post-thumbnail","6":"product_cat-saisonale-pflanzen","7":"product_cat-garten-balkon","8":"product_cat-outdoorpflanzen","9":"product_tag-santispracht","11":"first","12":"instock","13":"taxable","14":"shipping-taxable","15":"purchasable","16":"product-type-simple"},"_links":{"self":[{"href":"https:\/\/www.fleurop-home.ch\/fr-ch\/wp-json\/wp\/v2\/product\/12738","targetHints":{"allow":["GET"]}}],"collection":[{"href":"https:\/\/www.fleurop-home.ch\/fr-ch\/wp-json\/wp\/v2\/product"}],"about":[{"href":"https:\/\/www.fleurop-home.ch\/fr-ch\/wp-json\/wp\/v2\/types\/product"}],"wp:featuredmedia":[{"embeddable":true,"href":"https:\/\/www.fleurop-home.ch\/fr-ch\/wp-json\/wp\/v2\/media\/41681"}],"wp:attachment":[{"href":"https:\/\/www.fleurop-home.ch\/fr-ch\/wp-json\/wp\/v2\/media?parent=12738"}],"wp:term":[{"taxonomy":"product_brand","embeddable":true,"href":"https:\/\/www.fleurop-home.ch\/fr-ch\/wp-json\/wp\/v2\/product_brand?post=12738"},{"taxonomy":"product_cat","embeddable":true,"href":"https:\/\/www.fleurop-home.ch\/fr-ch\/wp-json\/wp\/v2\/product_cat?post=12738"},{"taxonomy":"product_tag","embeddable":true,"href":"https:\/\/www.fleurop-home.ch\/fr-ch\/wp-json\/wp\/v2\/product_tag?post=12738"},{"taxonomy":"woo-feed-brand","embeddable":true,"href":"https:\/\/www.fleurop-home.ch\/fr-ch\/wp-json\/wp\/v2\/woo-feed-brand?post=12738"}],"curies":[{"name":"wp","href":"https:\/\/api.w.org\/{rel}","templated":true}]}}