{"id":12384,"date":"2023-05-04T10:51:56","date_gmt":"2023-05-04T08:51:56","guid":{"rendered":"https:\/\/www.fleurop-home.ch\/?product=leimkraut-silene-maritima"},"modified":"2026-04-28T09:30:21","modified_gmt":"2026-04-28T07:30:21","slug":"-92","status":"publish","type":"product","link":"https:\/\/www.fleurop-home.ch\/fr-ch\/p\/leimkraut-silene-maritima","title":{"rendered":"Sil\u00e8ne maritima - Silene maritima"},"content":{"rendered":"<p>Silene maritima blanc pur convainc en tant que plante vivace \u00e0 feuilles persistantes et r\u00e9sistante au froid, qui pr\u00e9f\u00e8re les endroits ensoleill\u00e9s. De mai \u00e0 septembre, de nombreuses fleurs blanches s'ouvrent et attirent les abeilles et autres insectes. Cette esp\u00e8ce se d\u00e9veloppe le mieux dans un sol perm\u00e9able et a besoin d'un apport mod\u00e9r\u00e9 en eau. L'herbe \u00e0 la colle convient non seulement aux jardins alpins et aux rocailles, mais aussi aux bacs ou \u00e0 divers r\u00e9cipients pour plantes. Sa robustesse et sa diversit\u00e9 d'utilisation apportent une joie durable dans les jardins et sur les terrasses - toujours avec des fleurs de force primaire et 100 % de production suisse.<\/p>\n<p>Hauteur : 25 cm<br \/>\nTaille du pot : pot de 16<br \/>\nR\u00e9sistance au froid : r\u00e9sistant au froid<br \/>\nLumi\u00e8re : ensoleill\u00e9e<br \/>\nP\u00e9riode de floraison : de mai \u00e0 septembre<br \/>\nSol : perm\u00e9able<\/p>","protected":false},"excerpt":{"rendered":"<p>Silene maritima blanc pur - Limnanthe r\u00e9sistante au froid pour les endroits ensoleill\u00e9s du jardin<\/p>","protected":false},"featured_media":43065,"template":"","meta":[],"product_brand":[],"product_cat":[109,34,41],"product_tag":[299],"woo-feed-brand":[],"class_list":{"0":"post-12384","1":"product","2":"type-product","3":"status-publish","4":"has-post-thumbnail","6":"product_cat-saisonale-pflanzen","7":"product_cat-garten-balkon","8":"product_cat-outdoorpflanzen","9":"product_tag-santispracht","11":"first","12":"instock","13":"taxable","14":"shipping-taxable","15":"purchasable","16":"product-type-simple"},"_links":{"self":[{"href":"https:\/\/www.fleurop-home.ch\/fr-ch\/wp-json\/wp\/v2\/product\/12384","targetHints":{"allow":["GET"]}}],"collection":[{"href":"https:\/\/www.fleurop-home.ch\/fr-ch\/wp-json\/wp\/v2\/product"}],"about":[{"href":"https:\/\/www.fleurop-home.ch\/fr-ch\/wp-json\/wp\/v2\/types\/product"}],"wp:featuredmedia":[{"embeddable":true,"href":"https:\/\/www.fleurop-home.ch\/fr-ch\/wp-json\/wp\/v2\/media\/43065"}],"wp:attachment":[{"href":"https:\/\/www.fleurop-home.ch\/fr-ch\/wp-json\/wp\/v2\/media?parent=12384"}],"wp:term":[{"taxonomy":"product_brand","embeddable":true,"href":"https:\/\/www.fleurop-home.ch\/fr-ch\/wp-json\/wp\/v2\/product_brand?post=12384"},{"taxonomy":"product_cat","embeddable":true,"href":"https:\/\/www.fleurop-home.ch\/fr-ch\/wp-json\/wp\/v2\/product_cat?post=12384"},{"taxonomy":"product_tag","embeddable":true,"href":"https:\/\/www.fleurop-home.ch\/fr-ch\/wp-json\/wp\/v2\/product_tag?post=12384"},{"taxonomy":"woo-feed-brand","embeddable":true,"href":"https:\/\/www.fleurop-home.ch\/fr-ch\/wp-json\/wp\/v2\/woo-feed-brand?post=12384"}],"curies":[{"name":"wp","href":"https:\/\/api.w.org\/{rel}","templated":true}]}}