{"id":12325,"date":"2023-05-04T10:51:05","date_gmt":"2023-05-04T08:51:05","guid":{"rendered":"https:\/\/www.fleurop-home.ch\/?product=strandflieder-limonium-perezii"},"modified":"2026-04-28T11:36:08","modified_gmt":"2026-04-28T09:36:08","slug":"-84","status":"publish","type":"product","link":"https:\/\/www.fleurop-home.ch\/fr-ch\/p\/strandflieder-limonium-perezii","title":{"rendered":"Lilas de plage - Limonium perezii"},"content":{"rendered":"<p>Le lilas de plage Purple Parachute convient parfaitement comme plante \u00e0 fleurs durable pour les plantations en groupe dans les massifs ou comme solitaire attrayant dans les bacs. Ses fleurs d'un bleu profond surprenant en font une excellente fleur s\u00e8che. Gr\u00e2ce \u00e0 sa r\u00e9sistance \u00e0 l'hiver, cette plante r\u00e9siste aux temp\u00e9ratures basses et cr\u00e9e en m\u00eame temps de pr\u00e9cieuses sources de nectar pour les papillons. Le lilas de mer pr\u00e9f\u00e8re un emplacement ensoleill\u00e9, aime les sols perm\u00e9ables et se contente de peu d'eau. Faisant partie de la production suisse 100 %, cette plante vivace est synonyme de qualit\u00e9 r\u00e9gionale et de valeur ajout\u00e9e \u00e9cologique dans le jardin.<\/p>\n<p>Hauteur : 60 cm<br \/>\nTaille du pot : pot de 16<br \/>\nR\u00e9sistance au froid : r\u00e9sistant au froid<br \/>\nLumi\u00e8re : ensoleill\u00e9e<br \/>\nP\u00e9riode de floraison : mai \u00e0 juillet<br \/>\nSol : perm\u00e9able<\/p>","protected":false},"excerpt":{"rendered":"<p>Lilas de plage Purple Parachute - plante vivace \u00e0 fleurs r\u00e9sistante au froid de production suisse<\/p>","protected":false},"featured_media":42948,"template":"","meta":[],"product_brand":[],"product_cat":[109,34,41],"product_tag":[299],"woo-feed-brand":[],"class_list":{"0":"post-12325","1":"product","2":"type-product","3":"status-publish","4":"has-post-thumbnail","6":"product_cat-saisonale-pflanzen","7":"product_cat-garten-balkon","8":"product_cat-outdoorpflanzen","9":"product_tag-santispracht","11":"first","12":"instock","13":"taxable","14":"shipping-taxable","15":"purchasable","16":"product-type-simple"},"_links":{"self":[{"href":"https:\/\/www.fleurop-home.ch\/fr-ch\/wp-json\/wp\/v2\/product\/12325","targetHints":{"allow":["GET"]}}],"collection":[{"href":"https:\/\/www.fleurop-home.ch\/fr-ch\/wp-json\/wp\/v2\/product"}],"about":[{"href":"https:\/\/www.fleurop-home.ch\/fr-ch\/wp-json\/wp\/v2\/types\/product"}],"wp:featuredmedia":[{"embeddable":true,"href":"https:\/\/www.fleurop-home.ch\/fr-ch\/wp-json\/wp\/v2\/media\/42948"}],"wp:attachment":[{"href":"https:\/\/www.fleurop-home.ch\/fr-ch\/wp-json\/wp\/v2\/media?parent=12325"}],"wp:term":[{"taxonomy":"product_brand","embeddable":true,"href":"https:\/\/www.fleurop-home.ch\/fr-ch\/wp-json\/wp\/v2\/product_brand?post=12325"},{"taxonomy":"product_cat","embeddable":true,"href":"https:\/\/www.fleurop-home.ch\/fr-ch\/wp-json\/wp\/v2\/product_cat?post=12325"},{"taxonomy":"product_tag","embeddable":true,"href":"https:\/\/www.fleurop-home.ch\/fr-ch\/wp-json\/wp\/v2\/product_tag?post=12325"},{"taxonomy":"woo-feed-brand","embeddable":true,"href":"https:\/\/www.fleurop-home.ch\/fr-ch\/wp-json\/wp\/v2\/woo-feed-brand?post=12325"}],"curies":[{"name":"wp","href":"https:\/\/api.w.org\/{rel}","templated":true}]}}