{"id":12273,"date":"2023-05-04T10:50:38","date_gmt":"2023-05-04T08:50:38","guid":{"rendered":"https:\/\/www.fleurop-home.ch\/?product=nelkenwurz-geum-coccineum-1709041641"},"modified":"2026-04-17T10:59:20","modified_gmt":"2026-04-17T08:59:20","slug":"-340","status":"publish","type":"product","link":"https:\/\/www.fleurop-home.ch\/fr-ch\/p\/nelkenwurz-geum-coccineum-2","title":{"rendered":"Girofl\u00e9e - Geum coccineum"},"content":{"rendered":"<p>Geum coccineum Mai Tai \u00fcberzeugt als farbenfrohe Bl\u00fctenstaude mit horstbildendem Wuchs und eignet sich hervorragend f\u00fcr Hang- und Fl\u00e4chenbepflanzungen, Mischrabatten, Blumenbeete oder Steing\u00e4rten. Ihre orangefarbenen Bl\u00fcten erscheinen \u00fcber einen langen Zeitraum von Mai bis September und dienen Bienen als wichtige Nahrungsquelle. Die Pflanze bevorzugt einen sonnigen Standort auf durchl\u00e4ssigem Boden und ben\u00f6tigt eine m\u00e4ssige Wasserversorgung. Dank ihrer Winterh\u00e4rte bereichert sie auch in der kalten Jahreszeit dauerhaft den Garten. Als Teil der 100 % Schweizer Produktion mit Suisse Garantie steht sie f\u00fcr Qualit\u00e4t und echte Blumenpracht aus Urkraft.<\/p>\n<p>Hauteur : 60 cm<br \/>\nTaille du pot : pot de 16<br \/>\nR\u00e9sistance au froid : r\u00e9sistant au froid<br \/>\nLumi\u00e8re : ensoleill\u00e9e<br \/>\nP\u00e9riode de floraison : de mai \u00e0 septembre<br \/>\nSol : perm\u00e9able<\/p>","protected":false},"excerpt":{"rendered":"<p>Geum coccineum Mai Tai \u2013 winterharte Nelkenwurz, bienenfreundlich<\/p>","protected":false},"featured_media":34074,"template":"","meta":[],"product_brand":[],"product_cat":[109,34,41],"product_tag":[299],"woo-feed-brand":[],"class_list":{"0":"post-12273","1":"product","2":"type-product","3":"status-publish","4":"has-post-thumbnail","6":"product_cat-saisonale-pflanzen","7":"product_cat-garten-balkon","8":"product_cat-outdoorpflanzen","9":"product_tag-santispracht","11":"first","12":"instock","13":"taxable","14":"shipping-taxable","15":"purchasable","16":"product-type-simple"},"_links":{"self":[{"href":"https:\/\/www.fleurop-home.ch\/fr-ch\/wp-json\/wp\/v2\/product\/12273","targetHints":{"allow":["GET"]}}],"collection":[{"href":"https:\/\/www.fleurop-home.ch\/fr-ch\/wp-json\/wp\/v2\/product"}],"about":[{"href":"https:\/\/www.fleurop-home.ch\/fr-ch\/wp-json\/wp\/v2\/types\/product"}],"wp:featuredmedia":[{"embeddable":true,"href":"https:\/\/www.fleurop-home.ch\/fr-ch\/wp-json\/wp\/v2\/media\/34074"}],"wp:attachment":[{"href":"https:\/\/www.fleurop-home.ch\/fr-ch\/wp-json\/wp\/v2\/media?parent=12273"}],"wp:term":[{"taxonomy":"product_brand","embeddable":true,"href":"https:\/\/www.fleurop-home.ch\/fr-ch\/wp-json\/wp\/v2\/product_brand?post=12273"},{"taxonomy":"product_cat","embeddable":true,"href":"https:\/\/www.fleurop-home.ch\/fr-ch\/wp-json\/wp\/v2\/product_cat?post=12273"},{"taxonomy":"product_tag","embeddable":true,"href":"https:\/\/www.fleurop-home.ch\/fr-ch\/wp-json\/wp\/v2\/product_tag?post=12273"},{"taxonomy":"woo-feed-brand","embeddable":true,"href":"https:\/\/www.fleurop-home.ch\/fr-ch\/wp-json\/wp\/v2\/woo-feed-brand?post=12273"}],"curies":[{"name":"wp","href":"https:\/\/api.w.org\/{rel}","templated":true}]}}