{"id":12271,"date":"2023-05-04T10:50:37","date_gmt":"2023-05-04T08:50:37","guid":{"rendered":"https:\/\/www.fleurop-home.ch\/?product=nelkenwurz-geum-coccineum-1709041636"},"modified":"2026-04-21T09:46:07","modified_gmt":"2026-04-21T07:46:07","slug":"racine-de-girofle-geum-coccineum-3","status":"publish","type":"product","link":"https:\/\/www.fleurop-home.ch\/fr-ch\/p\/nelkenwurz-geum-coccineum-3","title":{"rendered":"Girofl\u00e9e - Geum coccineum"},"content":{"rendered":"<p>La girofl\u00e9e Flames of Passion est une plante vivace \u00e0 fleurs polyvalente qui met en valeur le jardin gr\u00e2ce \u00e0 la couleur rouge intense de ses fleurs. Elle pousse particuli\u00e8rement bien dans les endroits ensoleill\u00e9s, un sol perm\u00e9able et un apport en eau mod\u00e9r\u00e9 \u00e9tant recommand\u00e9s. Que ce soit dans des plantations en pente ou en surface, des plates-bandes mixtes, des parterres de fleurs ou des rocailles, cette plante vivace robuste est un atout pour tout amateur de jardinage. En tant que plante mellif\u00e8re d\u00e9sign\u00e9e, elle contribue \u00e9galement de mani\u00e8re importante \u00e0 la promotion des insectes locaux. Sa provenance de 100 % production suisse garantit la qualit\u00e9 et la durabilit\u00e9, tandis que sa r\u00e9sistance \u00e0 l'hiver lui permet de rester dans le jardin m\u00eame pendant les mois les plus froids.<\/p>\n<p>Hauteur : 60 cm<br \/>\nTaille du pot : pot de 16<br \/>\nR\u00e9sistance au froid : r\u00e9sistant au froid<br \/>\nLumi\u00e8re : ensoleill\u00e9e<br \/>\nP\u00e9riode de floraison : de mai \u00e0 septembre<br \/>\nSol : perm\u00e9able<\/p>","protected":false},"excerpt":{"rendered":"<p>Oeillet d'Inde Flames of Passion - plante robuste \u00e0 fleurs pour les endroits ensoleill\u00e9s du jardin<\/p>","protected":false},"featured_media":42840,"template":"","meta":[],"product_brand":[],"product_cat":[109,34,41],"product_tag":[299],"woo-feed-brand":[],"class_list":{"0":"post-12271","1":"product","2":"type-product","3":"status-publish","4":"has-post-thumbnail","6":"product_cat-saisonale-pflanzen","7":"product_cat-garten-balkon","8":"product_cat-outdoorpflanzen","9":"product_tag-santispracht","11":"first","12":"instock","13":"taxable","14":"shipping-taxable","15":"purchasable","16":"product-type-simple"},"_links":{"self":[{"href":"https:\/\/www.fleurop-home.ch\/fr-ch\/wp-json\/wp\/v2\/product\/12271","targetHints":{"allow":["GET"]}}],"collection":[{"href":"https:\/\/www.fleurop-home.ch\/fr-ch\/wp-json\/wp\/v2\/product"}],"about":[{"href":"https:\/\/www.fleurop-home.ch\/fr-ch\/wp-json\/wp\/v2\/types\/product"}],"wp:featuredmedia":[{"embeddable":true,"href":"https:\/\/www.fleurop-home.ch\/fr-ch\/wp-json\/wp\/v2\/media\/42840"}],"wp:attachment":[{"href":"https:\/\/www.fleurop-home.ch\/fr-ch\/wp-json\/wp\/v2\/media?parent=12271"}],"wp:term":[{"taxonomy":"product_brand","embeddable":true,"href":"https:\/\/www.fleurop-home.ch\/fr-ch\/wp-json\/wp\/v2\/product_brand?post=12271"},{"taxonomy":"product_cat","embeddable":true,"href":"https:\/\/www.fleurop-home.ch\/fr-ch\/wp-json\/wp\/v2\/product_cat?post=12271"},{"taxonomy":"product_tag","embeddable":true,"href":"https:\/\/www.fleurop-home.ch\/fr-ch\/wp-json\/wp\/v2\/product_tag?post=12271"},{"taxonomy":"woo-feed-brand","embeddable":true,"href":"https:\/\/www.fleurop-home.ch\/fr-ch\/wp-json\/wp\/v2\/woo-feed-brand?post=12271"}],"curies":[{"name":"wp","href":"https:\/\/api.w.org\/{rel}","templated":true}]}}