{"id":12267,"date":"2023-05-04T10:50:35","date_gmt":"2023-05-04T08:50:35","guid":{"rendered":"https:\/\/www.fleurop-home.ch\/?product=garten-blauschwingel-festuca-cinerea-1709041629"},"modified":"2026-04-17T10:54:47","modified_gmt":"2026-04-17T08:54:47","slug":"jardin-fetuque-bleue-festuca-cinarea","status":"publish","type":"product","link":"https:\/\/www.fleurop-home.ch\/fr-ch\/p\/garten-blauschwingel-festuca-cinarea","title":{"rendered":"F\u00e9tuque bleue des jardins - Festuca cinarea"},"content":{"rendered":"<p>Der Garten-Blauschwingel Azurit \u00fcberzeugt mit einem attraktiven, bl\u00e4ulichen Laub und eignet sich hervorragend f\u00fcr sonnige Standorte. Dank seiner Pflegeleichtigkeit ist er sowohl f\u00fcr Rabatten als auch f\u00fcr Trogbepflanzungen eine gute Wahl. Das Ziergras bevorzugt durchl\u00e4ssige B\u00f6den und eine m\u00e4ssige Wasserversorgung. Die kompakte Wuchsform und die winterharte Eigenschaft machen dieses Gras zur idealen Wahl f\u00fcr naturnahe Stein- und Heideg\u00e4rten in der Schweiz. Qualit\u00e4t aus 100 % Schweizer Produktion steht dabei im Mittelpunkt.<\/p>\n<p>Hauteur : 40 cm<br \/>\nTaille du pot : pot de 16<br \/>\nR\u00e9sistance au froid : r\u00e9sistant au froid<br \/>\nLumi\u00e8re : ensoleill\u00e9e<br \/>\nP\u00e9riode de floraison : juin \u00e0 septembre<br \/>\nSol : perm\u00e9able<\/p>","protected":false},"excerpt":{"rendered":"<p>Garten-Blauschwingel Azurit \u2013 Pflegeleichtes Ziergras aus Schweizer Produktion<\/p>","protected":false},"featured_media":42788,"template":"","meta":[],"product_brand":[],"product_cat":[109,34,41],"product_tag":[299],"woo-feed-brand":[],"class_list":{"0":"post-12267","1":"product","2":"type-product","3":"status-publish","4":"has-post-thumbnail","6":"product_cat-saisonale-pflanzen","7":"product_cat-garten-balkon","8":"product_cat-outdoorpflanzen","9":"product_tag-santispracht","11":"first","12":"instock","13":"taxable","14":"shipping-taxable","15":"purchasable","16":"product-type-simple"},"_links":{"self":[{"href":"https:\/\/www.fleurop-home.ch\/fr-ch\/wp-json\/wp\/v2\/product\/12267","targetHints":{"allow":["GET"]}}],"collection":[{"href":"https:\/\/www.fleurop-home.ch\/fr-ch\/wp-json\/wp\/v2\/product"}],"about":[{"href":"https:\/\/www.fleurop-home.ch\/fr-ch\/wp-json\/wp\/v2\/types\/product"}],"wp:featuredmedia":[{"embeddable":true,"href":"https:\/\/www.fleurop-home.ch\/fr-ch\/wp-json\/wp\/v2\/media\/42788"}],"wp:attachment":[{"href":"https:\/\/www.fleurop-home.ch\/fr-ch\/wp-json\/wp\/v2\/media?parent=12267"}],"wp:term":[{"taxonomy":"product_brand","embeddable":true,"href":"https:\/\/www.fleurop-home.ch\/fr-ch\/wp-json\/wp\/v2\/product_brand?post=12267"},{"taxonomy":"product_cat","embeddable":true,"href":"https:\/\/www.fleurop-home.ch\/fr-ch\/wp-json\/wp\/v2\/product_cat?post=12267"},{"taxonomy":"product_tag","embeddable":true,"href":"https:\/\/www.fleurop-home.ch\/fr-ch\/wp-json\/wp\/v2\/product_tag?post=12267"},{"taxonomy":"woo-feed-brand","embeddable":true,"href":"https:\/\/www.fleurop-home.ch\/fr-ch\/wp-json\/wp\/v2\/woo-feed-brand?post=12267"}],"curies":[{"name":"wp","href":"https:\/\/api.w.org\/{rel}","templated":true}]}}