{"id":12245,"date":"2023-05-04T10:50:19","date_gmt":"2023-05-04T08:50:19","guid":{"rendered":"https:\/\/www.fleurop-home.ch\/?product=schokoladenkosmee-cosmos-atrosanguineum"},"modified":"2026-05-05T09:11:00","modified_gmt":"2026-05-05T07:11:00","slug":"-70","status":"publish","type":"product","link":"https:\/\/www.fleurop-home.ch\/fr-ch\/p\/schokoladenkosmee-cosmos-atrosanguineum","title":{"rendered":"Cosmos chocolat - Cosmos atrosanguineum"},"content":{"rendered":"<p>Die Schokoladenkosmee Chocamocha ist eine besondere Saisonpflanze, die mit dauerbl\u00fchender Pracht und einem feinen Schokoladenduft beeindruckt. Ihre braunen Bl\u00fcten bringen von Juni bis September eine aussergew\u00f6hnliche Farbe in sonnige Rabatten sowie Pflanzgef\u00e4sse auf Terrasse oder Balkon. Der durchl\u00e4ssige Boden sorgt in Kombination mit m\u00e4ssiger Wassergabe f\u00fcr optimale Bedingungen. Zudem bietet diese Pflanze eine wertvolle Nahrungsquelle f\u00fcr Insekten und tr\u00e4gt zur Biodiversit\u00e4t im Garten oder auf dem Balkon bei. Der Sommerflor stammt aus 100 % Schweizer Produktion und steht f\u00fcr Qualit\u00e4t und Blumenpracht aus Urkraft.<\/p>\n<p>Hauteur : 50 cm<br \/>\nTaille du pot : pot de 16<br \/>\nR\u00e9sistance au froid : pas de r\u00e9sistance au froid<br \/>\nLumi\u00e8re : ensoleill\u00e9e<br \/>\nP\u00e9riode de floraison : juin \u00e0 septembre<br \/>\nSol : perm\u00e9able<br \/>\nBon pour les insectes<\/p>","protected":false},"excerpt":{"rendered":"<p>Schokoladenkosmee Chocamocha \u2013 Saisonpflanze mit Schokoladenduft<\/p>","protected":false},"featured_media":33846,"template":"","meta":[],"product_brand":[],"product_cat":[109,34,41],"product_tag":[299],"woo-feed-brand":[],"class_list":{"0":"post-12245","1":"product","2":"type-product","3":"status-publish","4":"has-post-thumbnail","6":"product_cat-saisonale-pflanzen","7":"product_cat-garten-balkon","8":"product_cat-outdoorpflanzen","9":"product_tag-santispracht","11":"first","12":"instock","13":"taxable","14":"shipping-taxable","15":"purchasable","16":"product-type-simple"},"_links":{"self":[{"href":"https:\/\/www.fleurop-home.ch\/fr-ch\/wp-json\/wp\/v2\/product\/12245","targetHints":{"allow":["GET"]}}],"collection":[{"href":"https:\/\/www.fleurop-home.ch\/fr-ch\/wp-json\/wp\/v2\/product"}],"about":[{"href":"https:\/\/www.fleurop-home.ch\/fr-ch\/wp-json\/wp\/v2\/types\/product"}],"wp:featuredmedia":[{"embeddable":true,"href":"https:\/\/www.fleurop-home.ch\/fr-ch\/wp-json\/wp\/v2\/media\/33846"}],"wp:attachment":[{"href":"https:\/\/www.fleurop-home.ch\/fr-ch\/wp-json\/wp\/v2\/media?parent=12245"}],"wp:term":[{"taxonomy":"product_brand","embeddable":true,"href":"https:\/\/www.fleurop-home.ch\/fr-ch\/wp-json\/wp\/v2\/product_brand?post=12245"},{"taxonomy":"product_cat","embeddable":true,"href":"https:\/\/www.fleurop-home.ch\/fr-ch\/wp-json\/wp\/v2\/product_cat?post=12245"},{"taxonomy":"product_tag","embeddable":true,"href":"https:\/\/www.fleurop-home.ch\/fr-ch\/wp-json\/wp\/v2\/product_tag?post=12245"},{"taxonomy":"woo-feed-brand","embeddable":true,"href":"https:\/\/www.fleurop-home.ch\/fr-ch\/wp-json\/wp\/v2\/woo-feed-brand?post=12245"}],"curies":[{"name":"wp","href":"https:\/\/api.w.org\/{rel}","templated":true}]}}