{"id":12127,"date":"2023-05-03T10:47:02","date_gmt":"2023-05-03T08:47:02","guid":{"rendered":"https:\/\/www.fleurop-home.ch\/?product=strauchbasilikum-ocimum-basilikum"},"modified":"2026-04-23T08:47:36","modified_gmt":"2026-04-23T06:47:36","slug":"basilic-arbustif-ocimum-basilicum","status":"publish","type":"product","link":"https:\/\/www.fleurop-home.ch\/fr-ch\/p\/strauchbasilikum-ocimum-basilicum","title":{"rendered":"Basilic arbustif - Ocimum basilicum"},"content":{"rendered":"<p>Le basilic arbustif Magic Blue est une plante saisonni\u00e8re attrayante qui enrichit les parterres de fleurs, les plates-bandes et les jardins d'herbes aromatiques avec ses remarquables feuilles aux veines vertes et violettes. En particulier dans les endroits ensoleill\u00e9s, cette vari\u00e9t\u00e9 d\u00e9veloppe une forme de croissance dense et touffue et atteint une hauteur de 60 cm. La r\u00e9ussite de la culture est meilleure dans une terre perm\u00e9able et riche en nutriments et avec un arrosage r\u00e9gulier mais mod\u00e9r\u00e9. En tant que produit de qualit\u00e9 suisse, cette vivace d\u00e9corative \u00e0 feuilles offre une possibilit\u00e9 polyvalente de d\u00e9corer de mani\u00e8re impressionnante les surfaces plant\u00e9es d'ao\u00fbt \u00e0 septembre - que ce soit dans les plates-bandes du jardin ou comme compl\u00e9ment dans le jardin en pot.<\/p>\n<p>Hauteur : 60 cm<br \/>\nTaille du pot : pot de 14<br \/>\nR\u00e9sistance au froid : pas de r\u00e9sistance au froid<br \/>\nLumi\u00e8re : ensoleill\u00e9e<br \/>\nP\u00e9riode de floraison : ao\u00fbt \u00e0 septembre<br \/>\nSol : perm\u00e9able<\/p>","protected":false},"excerpt":{"rendered":"<p>Basilic arbustif Magic Blue en pot de 14 - plante de saison aux feuilles vein\u00e9es de violet<\/p>","protected":false},"featured_media":42964,"template":"","meta":[],"product_brand":[],"product_cat":[109,34,41],"product_tag":[299],"woo-feed-brand":[],"class_list":{"0":"post-12127","1":"product","2":"type-product","3":"status-publish","4":"has-post-thumbnail","6":"product_cat-saisonale-pflanzen","7":"product_cat-garten-balkon","8":"product_cat-outdoorpflanzen","9":"product_tag-santispracht","11":"first","12":"instock","13":"taxable","14":"shipping-taxable","15":"purchasable","16":"product-type-simple"},"_links":{"self":[{"href":"https:\/\/www.fleurop-home.ch\/fr-ch\/wp-json\/wp\/v2\/product\/12127","targetHints":{"allow":["GET"]}}],"collection":[{"href":"https:\/\/www.fleurop-home.ch\/fr-ch\/wp-json\/wp\/v2\/product"}],"about":[{"href":"https:\/\/www.fleurop-home.ch\/fr-ch\/wp-json\/wp\/v2\/types\/product"}],"wp:featuredmedia":[{"embeddable":true,"href":"https:\/\/www.fleurop-home.ch\/fr-ch\/wp-json\/wp\/v2\/media\/42964"}],"wp:attachment":[{"href":"https:\/\/www.fleurop-home.ch\/fr-ch\/wp-json\/wp\/v2\/media?parent=12127"}],"wp:term":[{"taxonomy":"product_brand","embeddable":true,"href":"https:\/\/www.fleurop-home.ch\/fr-ch\/wp-json\/wp\/v2\/product_brand?post=12127"},{"taxonomy":"product_cat","embeddable":true,"href":"https:\/\/www.fleurop-home.ch\/fr-ch\/wp-json\/wp\/v2\/product_cat?post=12127"},{"taxonomy":"product_tag","embeddable":true,"href":"https:\/\/www.fleurop-home.ch\/fr-ch\/wp-json\/wp\/v2\/product_tag?post=12127"},{"taxonomy":"woo-feed-brand","embeddable":true,"href":"https:\/\/www.fleurop-home.ch\/fr-ch\/wp-json\/wp\/v2\/woo-feed-brand?post=12127"}],"curies":[{"name":"wp","href":"https:\/\/api.w.org\/{rel}","templated":true}]}}