{"id":11931,"date":"2023-05-03T10:44:23","date_gmt":"2023-05-03T08:44:23","guid":{"rendered":"https:\/\/www.fleurop-home.ch\/?product=eisenkraut-verbena-cultivars-1709040860"},"modified":"2026-05-05T09:08:02","modified_gmt":"2026-05-05T07:08:02","slug":"eisenkraut-verbena-cultivars-6","status":"publish","type":"product","link":"https:\/\/www.fleurop-home.ch\/fr-ch\/p\/eisenkraut-verbena-cultivars-6","title":{"rendered":"Verveine - Verbena Cultivars"},"content":{"rendered":"<p>Dieses kompaktwachsende Eisenkraut \u00fcberzeugt als vielseitige Saisonpflanze f\u00fcr sonnige Standorte. Die kr\u00e4ftig violetten Bl\u00fcten bringen von Mai bis Oktober intensive Farbe in Rabatten, Balkonkisten oder H\u00e4nge-Ampeln. Der h\u00e4ngende bis kriechende Wuchs eignet sich besonders, wenn Du abwechslungsreiche Akzente schaffen m\u00f6chtest. Da sich die Pflanze pflegeleicht zeigt, gen\u00fcgt eine m\u00e4ssige Wasserversorgung und ein durchl\u00e4ssiger Boden, um gesunde Entwicklung zu f\u00f6rdern. Mit der bew\u00e4hrten Schweizer Herkunft sicherst Du dir Sommerflor von h\u00f6chster Qualit\u00e4t.<\/p>\n<p>Hauteur : 25 cm<br \/>\nTaille du pot : pot de 12<br \/>\nR\u00e9sistance au froid : pas de r\u00e9sistance au froid<br \/>\nLumi\u00e8re : ensoleill\u00e9e<br \/>\nP\u00e9riode de floraison : de mai \u00e0 octobre<br \/>\nSol : perm\u00e9able<\/p>","protected":false},"excerpt":{"rendered":"<p>Eisenkraut Lascar Burgundy \u2013 kompakter Sommerflor im 12er Topf<\/p>","protected":false},"featured_media":43094,"template":"","meta":[],"product_brand":[],"product_cat":[109,34,41],"product_tag":[299],"woo-feed-brand":[],"class_list":{"0":"post-11931","1":"product","2":"type-product","3":"status-publish","4":"has-post-thumbnail","6":"product_cat-saisonale-pflanzen","7":"product_cat-garten-balkon","8":"product_cat-outdoorpflanzen","9":"product_tag-santispracht","11":"first","12":"instock","13":"taxable","14":"shipping-taxable","15":"purchasable","16":"product-type-simple"},"_links":{"self":[{"href":"https:\/\/www.fleurop-home.ch\/fr-ch\/wp-json\/wp\/v2\/product\/11931","targetHints":{"allow":["GET"]}}],"collection":[{"href":"https:\/\/www.fleurop-home.ch\/fr-ch\/wp-json\/wp\/v2\/product"}],"about":[{"href":"https:\/\/www.fleurop-home.ch\/fr-ch\/wp-json\/wp\/v2\/types\/product"}],"wp:featuredmedia":[{"embeddable":true,"href":"https:\/\/www.fleurop-home.ch\/fr-ch\/wp-json\/wp\/v2\/media\/43094"}],"wp:attachment":[{"href":"https:\/\/www.fleurop-home.ch\/fr-ch\/wp-json\/wp\/v2\/media?parent=11931"}],"wp:term":[{"taxonomy":"product_brand","embeddable":true,"href":"https:\/\/www.fleurop-home.ch\/fr-ch\/wp-json\/wp\/v2\/product_brand?post=11931"},{"taxonomy":"product_cat","embeddable":true,"href":"https:\/\/www.fleurop-home.ch\/fr-ch\/wp-json\/wp\/v2\/product_cat?post=11931"},{"taxonomy":"product_tag","embeddable":true,"href":"https:\/\/www.fleurop-home.ch\/fr-ch\/wp-json\/wp\/v2\/product_tag?post=11931"},{"taxonomy":"woo-feed-brand","embeddable":true,"href":"https:\/\/www.fleurop-home.ch\/fr-ch\/wp-json\/wp\/v2\/woo-feed-brand?post=11931"}],"curies":[{"name":"wp","href":"https:\/\/api.w.org\/{rel}","templated":true}]}}