{"id":11927,"date":"2023-05-03T10:44:21","date_gmt":"2023-05-03T08:44:21","guid":{"rendered":"https:\/\/www.fleurop-home.ch\/?product=eisenkraut-verbena-cultivars"},"modified":"2026-04-28T09:35:31","modified_gmt":"2026-04-28T07:35:31","slug":"verveine-verbena-cultivars-2","status":"publish","type":"product","link":"https:\/\/www.fleurop-home.ch\/fr-ch\/p\/eisenkraut-verbena-cultivars-4","title":{"rendered":"Verveine - Verbena Cultivars"},"content":{"rendered":"<p>La verveine Lascar Black Velvet est une plante d'\u00e9t\u00e9 facile \u00e0 entretenir qui, avec son port retombant ou rampant, enrichit les bordures, les suspensions et les balconni\u00e8res. La couleur bleu fonc\u00e9 des fleurs attire l'attention tout au long de l'\u00e9t\u00e9. Cette plante provient d'une production suisse 100 % et porte le label de qualit\u00e9 Suisse Garantie. Elle pr\u00e9f\u00e8re les endroits ensoleill\u00e9s et pousse mieux dans les sols perm\u00e9ables. Un apport d'eau mod\u00e9r\u00e9 suffit pour que cette verveine d\u00e9ploie pleinement sa luminosit\u00e9. Parfait pour tous ceux qui recherchent des fleurs simples issues de la force primaire suisse.<\/p>\n<p>Hauteur : 25 cm<br \/>\nTaille du pot : pot de 12<br \/>\nR\u00e9sistance au froid : pas de r\u00e9sistance au froid<br \/>\nLumi\u00e8re : ensoleill\u00e9e<br \/>\nP\u00e9riode de floraison : de mai \u00e0 octobre<br \/>\nSol : perm\u00e9able<\/p>","protected":false},"excerpt":{"rendered":"<p>Verveine Lascar Black Velvet en pot de 12 - fleur d'\u00e9t\u00e9 de production suisse<\/p>","protected":false},"featured_media":43090,"template":"","meta":[],"product_brand":[],"product_cat":[109,34,41],"product_tag":[299],"woo-feed-brand":[],"class_list":{"0":"post-11927","1":"product","2":"type-product","3":"status-publish","4":"has-post-thumbnail","6":"product_cat-saisonale-pflanzen","7":"product_cat-garten-balkon","8":"product_cat-outdoorpflanzen","9":"product_tag-santispracht","11":"first","12":"instock","13":"taxable","14":"shipping-taxable","15":"purchasable","16":"product-type-simple"},"_links":{"self":[{"href":"https:\/\/www.fleurop-home.ch\/fr-ch\/wp-json\/wp\/v2\/product\/11927","targetHints":{"allow":["GET"]}}],"collection":[{"href":"https:\/\/www.fleurop-home.ch\/fr-ch\/wp-json\/wp\/v2\/product"}],"about":[{"href":"https:\/\/www.fleurop-home.ch\/fr-ch\/wp-json\/wp\/v2\/types\/product"}],"wp:featuredmedia":[{"embeddable":true,"href":"https:\/\/www.fleurop-home.ch\/fr-ch\/wp-json\/wp\/v2\/media\/43090"}],"wp:attachment":[{"href":"https:\/\/www.fleurop-home.ch\/fr-ch\/wp-json\/wp\/v2\/media?parent=11927"}],"wp:term":[{"taxonomy":"product_brand","embeddable":true,"href":"https:\/\/www.fleurop-home.ch\/fr-ch\/wp-json\/wp\/v2\/product_brand?post=11927"},{"taxonomy":"product_cat","embeddable":true,"href":"https:\/\/www.fleurop-home.ch\/fr-ch\/wp-json\/wp\/v2\/product_cat?post=11927"},{"taxonomy":"product_tag","embeddable":true,"href":"https:\/\/www.fleurop-home.ch\/fr-ch\/wp-json\/wp\/v2\/product_tag?post=11927"},{"taxonomy":"woo-feed-brand","embeddable":true,"href":"https:\/\/www.fleurop-home.ch\/fr-ch\/wp-json\/wp\/v2\/woo-feed-brand?post=11927"}],"curies":[{"name":"wp","href":"https:\/\/api.w.org\/{rel}","templated":true}]}}