{"id":11891,"date":"2023-05-03T10:43:57","date_gmt":"2023-05-03T08:43:57","guid":{"rendered":"https:\/\/www.fleurop-home.ch\/?product=mannertreu-lobelia-erinus-1709040766"},"modified":"2026-04-28T09:32:57","modified_gmt":"2026-04-28T07:32:57","slug":"lobelia-erinus-3","status":"publish","type":"product","link":"https:\/\/www.fleurop-home.ch\/fr-ch\/p\/maennertreu-lobelia-erinus-3","title":{"rendered":"Plume d'homme - Lobelia erinus"},"content":{"rendered":"<p>La vari\u00e9t\u00e9 de lierre m\u00e2le White enchante avec ses fines fleurs blanches de juin \u00e0 octobre et convient parfaitement \u00e0 toute zone ensoleill\u00e9e ou semi-ombrag\u00e9e. La plante pr\u00e9f\u00e8re un sol perm\u00e9able et a besoin d'un apport en eau r\u00e9gulier mais mod\u00e9r\u00e9. En tant que plante saisonni\u00e8re typique, elle convient particuli\u00e8rement bien aux parterres de fleurs, aux suspensions ou aux bacs de balcon et assure de multiples possibilit\u00e9s de d\u00e9coration avec sa splendeur estivale luxuriante. Profite des fleurs de qualit\u00e9 produites par Suisse Garantie et enrichis ta maison avec une fra\u00eecheur naturelle.<\/p>\n<p>Hauteur : 25 cm<br \/>\nTaille du pot : pot de 12<br \/>\nR\u00e9sistance au froid : pas de r\u00e9sistance au froid<br \/>\nLumi\u00e8re : ensoleill\u00e9e \u00e0 semi-ombrag\u00e9e<br \/>\nP\u00e9riode de floraison : juin \u00e0 octobre<br \/>\nSol : perm\u00e9able<\/p>","protected":false},"excerpt":{"rendered":"<p>Lobelia erinus White - plante saisonni\u00e8re de production suisse<\/p>","protected":false},"featured_media":41738,"template":"","meta":[],"product_brand":[],"product_cat":[109,34,41],"product_tag":[299],"woo-feed-brand":[],"class_list":{"0":"post-11891","1":"product","2":"type-product","3":"status-publish","4":"has-post-thumbnail","6":"product_cat-saisonale-pflanzen","7":"product_cat-garten-balkon","8":"product_cat-outdoorpflanzen","9":"product_tag-santispracht","11":"first","12":"instock","13":"taxable","14":"shipping-taxable","15":"purchasable","16":"product-type-simple"},"_links":{"self":[{"href":"https:\/\/www.fleurop-home.ch\/fr-ch\/wp-json\/wp\/v2\/product\/11891","targetHints":{"allow":["GET"]}}],"collection":[{"href":"https:\/\/www.fleurop-home.ch\/fr-ch\/wp-json\/wp\/v2\/product"}],"about":[{"href":"https:\/\/www.fleurop-home.ch\/fr-ch\/wp-json\/wp\/v2\/types\/product"}],"wp:featuredmedia":[{"embeddable":true,"href":"https:\/\/www.fleurop-home.ch\/fr-ch\/wp-json\/wp\/v2\/media\/41738"}],"wp:attachment":[{"href":"https:\/\/www.fleurop-home.ch\/fr-ch\/wp-json\/wp\/v2\/media?parent=11891"}],"wp:term":[{"taxonomy":"product_brand","embeddable":true,"href":"https:\/\/www.fleurop-home.ch\/fr-ch\/wp-json\/wp\/v2\/product_brand?post=11891"},{"taxonomy":"product_cat","embeddable":true,"href":"https:\/\/www.fleurop-home.ch\/fr-ch\/wp-json\/wp\/v2\/product_cat?post=11891"},{"taxonomy":"product_tag","embeddable":true,"href":"https:\/\/www.fleurop-home.ch\/fr-ch\/wp-json\/wp\/v2\/product_tag?post=11891"},{"taxonomy":"woo-feed-brand","embeddable":true,"href":"https:\/\/www.fleurop-home.ch\/fr-ch\/wp-json\/wp\/v2\/woo-feed-brand?post=11891"}],"curies":[{"name":"wp","href":"https:\/\/api.w.org\/{rel}","templated":true}]}}