{"id":11888,"date":"2023-05-03T10:43:56","date_gmt":"2023-05-03T08:43:56","guid":{"rendered":"https:\/\/www.fleurop-home.ch\/?product=mannertreu-lobelia-erinus-1709040760"},"modified":"2026-04-17T09:33:24","modified_gmt":"2026-04-17T07:33:24","slug":"maennertreu-lobelia-erinus-2","status":"publish","type":"product","link":"https:\/\/www.fleurop-home.ch\/fr-ch\/p\/maennertreu-lobelia-erinus-2","title":{"rendered":"M\u00e4nnertreu &#8211; Lobelia erinus"},"content":{"rendered":"<p>Diese Saisonpflanze aus 100 % Schweizer Produktion sorgt mit ihren violetten Bl\u00fcten f\u00fcr farbenfrohe Akzente im Garten und auf Balkonen. Der dauerbl\u00fchende Sommerflor eignet sich besonders gut f\u00fcr sonnige bis halbschattige Standorte und gedeiht am besten in durchl\u00e4ssiger Erde. Ob als Bl\u00fctenteppich im Beet oder h\u00e4ngend in Gef\u00e4ssen \u2013 der M\u00e4nnertreu Purple bringt Vitalit\u00e4t und Blumenpracht aus Schweizer Urkraft in jede Aussenbepflanzung. Regelm\u00e4ssige, m\u00e4ssige Wassergaben f\u00f6rdern eine lange und reiche Bl\u00fcte.<\/p>\n<p>Hauteur : 25 cm<br \/>\nTaille du pot : pot de 12<br \/>\nR\u00e9sistance au froid : pas de r\u00e9sistance au froid<br \/>\nLumi\u00e8re : ensoleill\u00e9e \u00e0 semi-ombrag\u00e9e<br \/>\nP\u00e9riode de floraison : juin \u00e0 octobre<br \/>\nSol : perm\u00e9able<\/p>","protected":false},"excerpt":{"rendered":"<p>M\u00e4nnertreu Purple \u2013 Saisonpflanze f\u00fcr Bl\u00fctenteppiche<\/p>","protected":false},"featured_media":41735,"template":"","meta":[],"product_brand":[],"product_cat":[109,34,41],"product_tag":[299],"woo-feed-brand":[],"class_list":{"0":"post-11888","1":"product","2":"type-product","3":"status-publish","4":"has-post-thumbnail","6":"product_cat-saisonale-pflanzen","7":"product_cat-garten-balkon","8":"product_cat-outdoorpflanzen","9":"product_tag-santispracht","11":"first","12":"instock","13":"taxable","14":"shipping-taxable","15":"purchasable","16":"product-type-simple"},"_links":{"self":[{"href":"https:\/\/www.fleurop-home.ch\/fr-ch\/wp-json\/wp\/v2\/product\/11888","targetHints":{"allow":["GET"]}}],"collection":[{"href":"https:\/\/www.fleurop-home.ch\/fr-ch\/wp-json\/wp\/v2\/product"}],"about":[{"href":"https:\/\/www.fleurop-home.ch\/fr-ch\/wp-json\/wp\/v2\/types\/product"}],"wp:featuredmedia":[{"embeddable":true,"href":"https:\/\/www.fleurop-home.ch\/fr-ch\/wp-json\/wp\/v2\/media\/41735"}],"wp:attachment":[{"href":"https:\/\/www.fleurop-home.ch\/fr-ch\/wp-json\/wp\/v2\/media?parent=11888"}],"wp:term":[{"taxonomy":"product_brand","embeddable":true,"href":"https:\/\/www.fleurop-home.ch\/fr-ch\/wp-json\/wp\/v2\/product_brand?post=11888"},{"taxonomy":"product_cat","embeddable":true,"href":"https:\/\/www.fleurop-home.ch\/fr-ch\/wp-json\/wp\/v2\/product_cat?post=11888"},{"taxonomy":"product_tag","embeddable":true,"href":"https:\/\/www.fleurop-home.ch\/fr-ch\/wp-json\/wp\/v2\/product_tag?post=11888"},{"taxonomy":"woo-feed-brand","embeddable":true,"href":"https:\/\/www.fleurop-home.ch\/fr-ch\/wp-json\/wp\/v2\/woo-feed-brand?post=11888"}],"curies":[{"name":"wp","href":"https:\/\/api.w.org\/{rel}","templated":true}]}}