{"id":11885,"date":"2023-05-03T10:43:54","date_gmt":"2023-05-03T08:43:54","guid":{"rendered":"https:\/\/www.fleurop-home.ch\/?product=mannertreu-lobelia-erinus"},"modified":"2026-04-17T09:24:33","modified_gmt":"2026-04-17T07:24:33","slug":"maennertreu-lobelia-erinus","status":"publish","type":"product","link":"https:\/\/www.fleurop-home.ch\/fr-ch\/p\/maennertreu-lobelia-erinus","title":{"rendered":"M\u00e4nnertreu &#8211; Lobelia erinus"},"content":{"rendered":"<p>M\u00e4nnertreu Blue zeigt sich als vielseitiger Sommerflor mit leuchtend blauen Bl\u00fcten, die von Juni bis Oktober f\u00fcr farbige Akzente sorgen. Besonders geeignet ist diese Saisonpflanze f\u00fcr sonnige bis halbschattige Standorte in Rabatten, Blumenbeeten oder als dekorativer Blickfang in Ampeln und Balkonkisten. Ein durchl\u00e4ssiger Boden sowie m\u00e4ssige Wassergaben f\u00f6rdern ein gesundes Wachstum. Die Produktion dieser Pflanze erfolgt in der Schweiz und steht f\u00fcr h\u00f6chste Qualit\u00e4t, unterst\u00fctzt durch Suisse Garantie. So l\u00e4sst sich Schweizer Blumenpracht ganz unkompliziert im eigenen Garten oder auf dem Balkon erleben.<\/p>\n<p>Hauteur : 25 cm<br \/>\nTaille du pot : pot de 12<br \/>\nR\u00e9sistance au froid : pas de r\u00e9sistance au froid<br \/>\nLumi\u00e8re : ensoleill\u00e9e \u00e0 semi-ombrag\u00e9e<br \/>\nP\u00e9riode de floraison : juin \u00e0 octobre<br \/>\nSol : perm\u00e9able<\/p>","protected":false},"excerpt":{"rendered":"<p>M\u00e4nnertreu Lobelia erinus Blue im 12er Topf \u2013 blauer Sommerflor<\/p>","protected":false},"featured_media":41732,"template":"","meta":[],"product_brand":[],"product_cat":[109,34,41],"product_tag":[299],"woo-feed-brand":[],"class_list":{"0":"post-11885","1":"product","2":"type-product","3":"status-publish","4":"has-post-thumbnail","6":"product_cat-saisonale-pflanzen","7":"product_cat-garten-balkon","8":"product_cat-outdoorpflanzen","9":"product_tag-santispracht","11":"first","12":"instock","13":"taxable","14":"shipping-taxable","15":"purchasable","16":"product-type-simple"},"_links":{"self":[{"href":"https:\/\/www.fleurop-home.ch\/fr-ch\/wp-json\/wp\/v2\/product\/11885","targetHints":{"allow":["GET"]}}],"collection":[{"href":"https:\/\/www.fleurop-home.ch\/fr-ch\/wp-json\/wp\/v2\/product"}],"about":[{"href":"https:\/\/www.fleurop-home.ch\/fr-ch\/wp-json\/wp\/v2\/types\/product"}],"wp:featuredmedia":[{"embeddable":true,"href":"https:\/\/www.fleurop-home.ch\/fr-ch\/wp-json\/wp\/v2\/media\/41732"}],"wp:attachment":[{"href":"https:\/\/www.fleurop-home.ch\/fr-ch\/wp-json\/wp\/v2\/media?parent=11885"}],"wp:term":[{"taxonomy":"product_brand","embeddable":true,"href":"https:\/\/www.fleurop-home.ch\/fr-ch\/wp-json\/wp\/v2\/product_brand?post=11885"},{"taxonomy":"product_cat","embeddable":true,"href":"https:\/\/www.fleurop-home.ch\/fr-ch\/wp-json\/wp\/v2\/product_cat?post=11885"},{"taxonomy":"product_tag","embeddable":true,"href":"https:\/\/www.fleurop-home.ch\/fr-ch\/wp-json\/wp\/v2\/product_tag?post=11885"},{"taxonomy":"woo-feed-brand","embeddable":true,"href":"https:\/\/www.fleurop-home.ch\/fr-ch\/wp-json\/wp\/v2\/woo-feed-brand?post=11885"}],"curies":[{"name":"wp","href":"https:\/\/api.w.org\/{rel}","templated":true}]}}