{"id":11815,"date":"2023-05-03T10:43:16","date_gmt":"2023-05-03T08:43:16","guid":{"rendered":"https:\/\/www.fleurop-home.ch\/?product=japan-segge-carex-morowii"},"modified":"2026-05-12T09:12:11","modified_gmt":"2026-05-12T07:12:11","slug":"-12","status":"publish","type":"product","link":"https:\/\/www.fleurop-home.ch\/fr-ch\/p\/japan-segge-carex-morowii","title":{"rendered":"Laiche du Japon - Carex morowii"},"content":{"rendered":"<p>La laiche japonaise Ice Dance est une herbe d\u00e9corative r\u00e9sistante au froid de 100 % production suisse et reste toujours verte m\u00eame pendant la saison froide. La coloration de base verte avec des bords blancs remarquables donne des accents vivants aux parterres de fleurs, aux bordures mixtes ainsi qu'aux bacs de balcon et aux jardini\u00e8res. Avec une hauteur de croissance d'environ 30 cm, la laiche est id\u00e9ale pour les endroits ensoleill\u00e9s. Elle pr\u00e9f\u00e8re un sol perm\u00e9able et a besoin de suffisamment d'eau r\u00e9guli\u00e8rement. Cette vari\u00e9t\u00e9 est synonyme de beaut\u00e9 proche de la nature et de plaisir de jardinage durable - tout \u00e0 fait sous le signe de l'art horticole suisse durable.<\/p>\n<p>Hauteur : 30 cm<br \/>\nTaille du pot : pot de 12<br \/>\nR\u00e9sistance au froid : r\u00e9sistant au froid<br \/>\nLumi\u00e8re : ensoleill\u00e9e<br \/>\nP\u00e9riode de floraison : mars \u00e0 avril<br \/>\nSol : perm\u00e9able<\/p>","protected":false},"excerpt":{"rendered":"<p>Laiche japonaise Ice Dance : une herbe d\u00e9corative toujours verte de production suisse<\/p>","protected":false},"featured_media":40969,"template":"","meta":[],"product_brand":[],"product_cat":[109,34,41],"product_tag":[299],"woo-feed-brand":[],"class_list":{"0":"post-11815","1":"product","2":"type-product","3":"status-publish","4":"has-post-thumbnail","6":"product_cat-saisonale-pflanzen","7":"product_cat-garten-balkon","8":"product_cat-outdoorpflanzen","9":"product_tag-santispracht","11":"first","12":"instock","13":"taxable","14":"shipping-taxable","15":"purchasable","16":"product-type-simple"},"_links":{"self":[{"href":"https:\/\/www.fleurop-home.ch\/fr-ch\/wp-json\/wp\/v2\/product\/11815","targetHints":{"allow":["GET"]}}],"collection":[{"href":"https:\/\/www.fleurop-home.ch\/fr-ch\/wp-json\/wp\/v2\/product"}],"about":[{"href":"https:\/\/www.fleurop-home.ch\/fr-ch\/wp-json\/wp\/v2\/types\/product"}],"wp:featuredmedia":[{"embeddable":true,"href":"https:\/\/www.fleurop-home.ch\/fr-ch\/wp-json\/wp\/v2\/media\/40969"}],"wp:attachment":[{"href":"https:\/\/www.fleurop-home.ch\/fr-ch\/wp-json\/wp\/v2\/media?parent=11815"}],"wp:term":[{"taxonomy":"product_brand","embeddable":true,"href":"https:\/\/www.fleurop-home.ch\/fr-ch\/wp-json\/wp\/v2\/product_brand?post=11815"},{"taxonomy":"product_cat","embeddable":true,"href":"https:\/\/www.fleurop-home.ch\/fr-ch\/wp-json\/wp\/v2\/product_cat?post=11815"},{"taxonomy":"product_tag","embeddable":true,"href":"https:\/\/www.fleurop-home.ch\/fr-ch\/wp-json\/wp\/v2\/product_tag?post=11815"},{"taxonomy":"woo-feed-brand","embeddable":true,"href":"https:\/\/www.fleurop-home.ch\/fr-ch\/wp-json\/wp\/v2\/woo-feed-brand?post=11815"}],"curies":[{"name":"wp","href":"https:\/\/api.w.org\/{rel}","templated":true}]}}