{"id":11812,"date":"2023-05-03T10:43:15","date_gmt":"2023-05-03T08:43:15","guid":{"rendered":"https:\/\/www.fleurop-home.ch\/?product=goldsegge-carex-hachijoensis"},"modified":"2026-05-12T09:09:52","modified_gmt":"2026-05-12T07:09:52","slug":"laiche-doree-carex-hachijoensis","status":"publish","type":"product","link":"https:\/\/www.fleurop-home.ch\/fr-ch\/p\/goldsegge-carex-hachijoensis","title":{"rendered":"La\u00eeche dor\u00e9e - Carex hachijoensis"},"content":{"rendered":"<p>Avec son feuillage dense panach\u00e9 de jaune et de vert, la la\u00eeche dor\u00e9e Evergold d\u00e9ploie un charme particulier tout au long de l'ann\u00e9e. L'herbe ornementale compacte pousse de pr\u00e9f\u00e9rence dans les endroits ensoleill\u00e9s et atteint une hauteur d'environ 30 cm. Gr\u00e2ce \u00e0 sa capacit\u00e9 d'adaptation, elle convient parfaitement aux sols perm\u00e9ables et bien humides et fournit ainsi une structure durable dans les parterres de fleurs, les plates-bandes mixtes ainsi que comme accroche-regard dans les bacs de balcon et les jardini\u00e8res. Gr\u00e2ce \u00e0 la production suisse, cette la\u00eeche convainc par sa grande qualit\u00e9 et sa long\u00e9vit\u00e9 dans l'am\u00e9nagement du jardin.<\/p>\n<p>Hauteur : 30 cm<br \/>\nTaille du pot : pot de 12<br \/>\nR\u00e9sistance au froid : r\u00e9sistant au froid<br \/>\nLumi\u00e8re : ensoleill\u00e9e<br \/>\nP\u00e9riode de floraison : avril \u00e0 mai<br \/>\nSol : perm\u00e9able<\/p>","protected":false},"excerpt":{"rendered":"<p>La\u00eeche d'or Evergold - herbe ornementale panach\u00e9e de production suisse<\/p>","protected":false},"featured_media":40964,"template":"","meta":[],"product_brand":[],"product_cat":[109,34,41],"product_tag":[299],"woo-feed-brand":[],"class_list":{"0":"post-11812","1":"product","2":"type-product","3":"status-publish","4":"has-post-thumbnail","6":"product_cat-saisonale-pflanzen","7":"product_cat-garten-balkon","8":"product_cat-outdoorpflanzen","9":"product_tag-santispracht","11":"first","12":"instock","13":"taxable","14":"shipping-taxable","15":"purchasable","16":"product-type-simple"},"_links":{"self":[{"href":"https:\/\/www.fleurop-home.ch\/fr-ch\/wp-json\/wp\/v2\/product\/11812","targetHints":{"allow":["GET"]}}],"collection":[{"href":"https:\/\/www.fleurop-home.ch\/fr-ch\/wp-json\/wp\/v2\/product"}],"about":[{"href":"https:\/\/www.fleurop-home.ch\/fr-ch\/wp-json\/wp\/v2\/types\/product"}],"wp:featuredmedia":[{"embeddable":true,"href":"https:\/\/www.fleurop-home.ch\/fr-ch\/wp-json\/wp\/v2\/media\/40964"}],"wp:attachment":[{"href":"https:\/\/www.fleurop-home.ch\/fr-ch\/wp-json\/wp\/v2\/media?parent=11812"}],"wp:term":[{"taxonomy":"product_brand","embeddable":true,"href":"https:\/\/www.fleurop-home.ch\/fr-ch\/wp-json\/wp\/v2\/product_brand?post=11812"},{"taxonomy":"product_cat","embeddable":true,"href":"https:\/\/www.fleurop-home.ch\/fr-ch\/wp-json\/wp\/v2\/product_cat?post=11812"},{"taxonomy":"product_tag","embeddable":true,"href":"https:\/\/www.fleurop-home.ch\/fr-ch\/wp-json\/wp\/v2\/product_tag?post=11812"},{"taxonomy":"woo-feed-brand","embeddable":true,"href":"https:\/\/www.fleurop-home.ch\/fr-ch\/wp-json\/wp\/v2\/woo-feed-brand?post=11812"}],"curies":[{"name":"wp","href":"https:\/\/api.w.org\/{rel}","templated":true}]}}