{"id":11380,"date":"2023-05-03T07:51:16","date_gmt":"2023-05-03T07:51:16","guid":{"rendered":"https:\/\/www.fleurop-home.ch\/?product=ocean-air-signature-large-jar"},"modified":"2025-04-01T05:54:25","modified_gmt":"2025-04-01T03:54:25","slug":"ocean-air-signature-large-jar","status":"publish","type":"product","link":"https:\/\/www.fleurop-home.ch\/fr-ch\/p\/ocean-air-signature-large-jar","title":{"rendered":"Ocean Air Signature Large Jar"},"content":{"rendered":"<p>D\u00e9couvre la marque Yankee Candle\u00ae sous un tout nouveau jour. Deux m\u00e8ches de coton et un m\u00e9lange de cire de soja de premi\u00e8re qualit\u00e9 cr\u00e9ent une ambiance magnifique. La bougie parfum\u00e9e en forme de verre \u00e0 boire qui peut \u00eatre r\u00e9utilis\u00e9e.\nDur\u00e9e de combustion : 60-90h<\/p>\n<p>Dur\u00e9e de combustion : 60-90h<\/p>","protected":false},"excerpt":{"rendered":"<p>Accroche ta serviette de plage dans la brise fra\u00eeche de la mer apr\u00e8s une belle journ\u00e9e au soleil. Des notes d'air frais se m\u00ealent aux senteurs de jasmin, d'ambre blanc et de bois de santal.<\/p>","protected":false},"featured_media":11381,"template":"","meta":[],"product_brand":[],"product_cat":[99,23,28],"product_tag":[288],"woo-feed-brand":[],"class_list":{"0":"post-11380","1":"product","2":"type-product","3":"status-publish","4":"has-post-thumbnail","6":"product_cat-duftkerzen","7":"product_cat-home-living","8":"product_cat-kerzen-lichter","9":"product_tag-spirig-kerzen-ag","11":"first","12":"instock","13":"taxable","14":"shipping-taxable","15":"purchasable","16":"product-type-simple"},"_links":{"self":[{"href":"https:\/\/www.fleurop-home.ch\/fr-ch\/wp-json\/wp\/v2\/product\/11380","targetHints":{"allow":["GET"]}}],"collection":[{"href":"https:\/\/www.fleurop-home.ch\/fr-ch\/wp-json\/wp\/v2\/product"}],"about":[{"href":"https:\/\/www.fleurop-home.ch\/fr-ch\/wp-json\/wp\/v2\/types\/product"}],"wp:featuredmedia":[{"embeddable":true,"href":"https:\/\/www.fleurop-home.ch\/fr-ch\/wp-json\/wp\/v2\/media\/11381"}],"wp:attachment":[{"href":"https:\/\/www.fleurop-home.ch\/fr-ch\/wp-json\/wp\/v2\/media?parent=11380"}],"wp:term":[{"taxonomy":"product_brand","embeddable":true,"href":"https:\/\/www.fleurop-home.ch\/fr-ch\/wp-json\/wp\/v2\/product_brand?post=11380"},{"taxonomy":"product_cat","embeddable":true,"href":"https:\/\/www.fleurop-home.ch\/fr-ch\/wp-json\/wp\/v2\/product_cat?post=11380"},{"taxonomy":"product_tag","embeddable":true,"href":"https:\/\/www.fleurop-home.ch\/fr-ch\/wp-json\/wp\/v2\/product_tag?post=11380"},{"taxonomy":"woo-feed-brand","embeddable":true,"href":"https:\/\/www.fleurop-home.ch\/fr-ch\/wp-json\/wp\/v2\/woo-feed-brand?post=11380"}],"curies":[{"name":"wp","href":"https:\/\/api.w.org\/{rel}","templated":true}]}}