{"id":11014,"date":"2023-05-03T07:34:10","date_gmt":"2023-05-03T07:34:10","guid":{"rendered":"https:\/\/www.fleurop-home.ch\/?product=wild-berry-beets-ellipse"},"modified":"2025-04-01T06:02:23","modified_gmt":"2025-04-01T04:02:23","slug":"wild-berry-beets-ellipse","status":"publish","type":"product","link":"https:\/\/www.fleurop-home.ch\/fr-ch\/p\/wild-berry-beets-ellipse","title":{"rendered":"Wild Berry &amp; Beets Ellipse"},"content":{"rendered":"<p>Les bougies elliptiques avec flamme Hearthwick ont une m\u00e8che en bois naturel qui produit le bruit apaisant d'un feu qui cr\u00e9pite. Le design exclusif cr\u00e9e une longue flamme dansante pour une ambiance de chemin\u00e9e unique dans chaque pi\u00e8ce. Parfait comme cadeau !\nDur\u00e9e de combustion : 30-40h<br \/>\nDur\u00e9e de combustion : 30-40h<\/p>","protected":false},"excerpt":{"rendered":"<p>Des ar\u00f4mes de baies sauvages et de riche betterave rouge entrecoup\u00e9s de senteurs de ch\u00eane, d'orange et d'iris florentin.<\/p>","protected":false},"featured_media":11015,"template":"","meta":[],"product_brand":[],"product_cat":[99,23,1000,999,28],"product_tag":[288],"woo-feed-brand":[],"class_list":{"0":"post-11014","1":"product","2":"type-product","3":"status-publish","4":"has-post-thumbnail","6":"product_cat-duftkerzen","7":"product_cat-home-living","8":"product_cat-valentinstagsdeko","9":"product_cat-valentinstag","10":"product_cat-kerzen-lichter","11":"product_tag-spirig-kerzen-ag","13":"first","14":"instock","15":"taxable","16":"shipping-taxable","17":"purchasable","18":"product-type-simple"},"_links":{"self":[{"href":"https:\/\/www.fleurop-home.ch\/fr-ch\/wp-json\/wp\/v2\/product\/11014","targetHints":{"allow":["GET"]}}],"collection":[{"href":"https:\/\/www.fleurop-home.ch\/fr-ch\/wp-json\/wp\/v2\/product"}],"about":[{"href":"https:\/\/www.fleurop-home.ch\/fr-ch\/wp-json\/wp\/v2\/types\/product"}],"wp:featuredmedia":[{"embeddable":true,"href":"https:\/\/www.fleurop-home.ch\/fr-ch\/wp-json\/wp\/v2\/media\/11015"}],"wp:attachment":[{"href":"https:\/\/www.fleurop-home.ch\/fr-ch\/wp-json\/wp\/v2\/media?parent=11014"}],"wp:term":[{"taxonomy":"product_brand","embeddable":true,"href":"https:\/\/www.fleurop-home.ch\/fr-ch\/wp-json\/wp\/v2\/product_brand?post=11014"},{"taxonomy":"product_cat","embeddable":true,"href":"https:\/\/www.fleurop-home.ch\/fr-ch\/wp-json\/wp\/v2\/product_cat?post=11014"},{"taxonomy":"product_tag","embeddable":true,"href":"https:\/\/www.fleurop-home.ch\/fr-ch\/wp-json\/wp\/v2\/product_tag?post=11014"},{"taxonomy":"woo-feed-brand","embeddable":true,"href":"https:\/\/www.fleurop-home.ch\/fr-ch\/wp-json\/wp\/v2\/woo-feed-brand?post=11014"}],"curies":[{"name":"wp","href":"https:\/\/api.w.org\/{rel}","templated":true}]}}