{"id":10731,"date":"2023-04-24T10:56:33","date_gmt":"2023-04-24T10:56:33","guid":{"rendered":"https:\/\/www.fleurop-home.ch\/?product=tischgestell-fur-2-runde-happytrays-o-46-cm-o-39-cm"},"modified":"2025-11-28T08:44:31","modified_gmt":"2025-11-28T07:44:31","slug":"support-de-table-pour-2-happytrays-ronds-o-46-cm-o-39-cm","status":"publish","type":"product","link":"https:\/\/www.fleurop-home.ch\/fr-ch\/p\/tischgestell-fur-2-runde-happytrays-o-46-cm-o-39-cm","title":{"rendered":"Support de table pour 2 HappyTrays ronds \u00d8 46 cm &amp; \u00d8 39 cm"},"content":{"rendered":"<p style=\"text-align: left\">Ce support de table pliable en acier transforme deux de tes HappyTrays en une \u00e9l\u00e9gante table d'appoint. Regarde notre s\u00e9lection. Il y a diff\u00e9rents supports de table pour diff\u00e9rentes tailles de HappyTrays.<\/p>\n<p style=\"text-align: left\">Les barquettes sont\u00a0<span style=\"text-decoration: underline\">pas<\/span> inclus dans le prix<\/p>\n<p>Nos combinaisons de plateau et de pi\u00e9tement de table sont id\u00e9ales pour une utilisation quotidienne comme table de canap\u00e9, table d'appoint ou pour divertir les invit\u00e9s. Le plateau amovible permet de servir directement ou de changer de design ; le pi\u00e8tement pliable peut \u00eatre repositionn\u00e9 facilement ou rang\u00e9 de mani\u00e8re compacte.<\/p>\n<p>Compose d\u00e8s maintenant ta table d'appoint personnelle qui s'adapte parfaitement \u00e0 ton style et \u00e0 tes besoins.<\/p>\n<p style=\"text-align: left\"><strong>Pi\u00e8tement de table<\/strong><\/p>\n<p style=\"text-align: left\"><em>Convient \u00e0 <\/em>HappyTrays \u00d8 46 cm &amp; \u00d8 39 cm<\/p>\n<p style=\"text-align: left\"><em>Mat\u00e9riau du pi\u00e8tement de la table :<\/em>\u00a0Acier, rev\u00eatu par poudre, noir<\/p>\n<p style=\"text-align: left\"><em>Hauteur :<\/em>\u00a053 cm<\/p>","protected":false},"excerpt":{"rendered":"<p>Support de table pliable en acier pour 2 HappyTrays ronds \u00d8 46 cm &amp; \u00d8 39 cm.<\/p>","protected":false},"featured_media":35785,"template":"","meta":[],"product_brand":[],"product_cat":[44,23,1192,30,34,35,42],"product_tag":[314],"woo-feed-brand":[],"class_list":{"0":"post-10731","1":"product","2":"type-product","3":"status-publish","4":"has-post-thumbnail","6":"product_cat-kuechenhelfer","7":"product_cat-home-living","8":"product_cat-hocker-beistelltische","9":"product_cat-deko-accessoires","10":"product_cat-garten-balkon","11":"product_cat-gartendeko","12":"product_cat-kueche","13":"product_tag-happytrays","15":"first","16":"instock","17":"taxable","18":"shipping-taxable","19":"purchasable","20":"product-type-simple"},"_links":{"self":[{"href":"https:\/\/www.fleurop-home.ch\/fr-ch\/wp-json\/wp\/v2\/product\/10731","targetHints":{"allow":["GET"]}}],"collection":[{"href":"https:\/\/www.fleurop-home.ch\/fr-ch\/wp-json\/wp\/v2\/product"}],"about":[{"href":"https:\/\/www.fleurop-home.ch\/fr-ch\/wp-json\/wp\/v2\/types\/product"}],"wp:featuredmedia":[{"embeddable":true,"href":"https:\/\/www.fleurop-home.ch\/fr-ch\/wp-json\/wp\/v2\/media\/35785"}],"wp:attachment":[{"href":"https:\/\/www.fleurop-home.ch\/fr-ch\/wp-json\/wp\/v2\/media?parent=10731"}],"wp:term":[{"taxonomy":"product_brand","embeddable":true,"href":"https:\/\/www.fleurop-home.ch\/fr-ch\/wp-json\/wp\/v2\/product_brand?post=10731"},{"taxonomy":"product_cat","embeddable":true,"href":"https:\/\/www.fleurop-home.ch\/fr-ch\/wp-json\/wp\/v2\/product_cat?post=10731"},{"taxonomy":"product_tag","embeddable":true,"href":"https:\/\/www.fleurop-home.ch\/fr-ch\/wp-json\/wp\/v2\/product_tag?post=10731"},{"taxonomy":"woo-feed-brand","embeddable":true,"href":"https:\/\/www.fleurop-home.ch\/fr-ch\/wp-json\/wp\/v2\/woo-feed-brand?post=10731"}],"curies":[{"name":"wp","href":"https:\/\/api.w.org\/{rel}","templated":true}]}}