{"id":10715,"date":"2023-04-24T11:30:40","date_gmt":"2023-04-24T09:30:40","guid":{"rendered":"https:\/\/www.fleurop-home.ch\/?product=tablett-aus-birkenholz-lemon-drop-32-x-32-cm"},"modified":"2025-12-01T10:35:05","modified_gmt":"2025-12-01T09:35:05","slug":"plateau-en-bois-de-bouleau-lemon-drop-32-x-32-cm","status":"publish","type":"product","link":"https:\/\/www.fleurop-home.ch\/fr-ch\/p\/tablett-aus-birkenholz-lemon-drop-32-x-32-cm","title":{"rendered":"Plateau en bois de bouleau \"Lemon Drop\", 32 x 32 cm"},"content":{"rendered":"<p>Les designs \u201aHappy Birds\u2018 et \u201aLemon Drop\u2018 se distinguent par leur charme ludique et s\u00e9duisent aussi bien individuellement que dans un ensemble. Les dimensions carr\u00e9es des plateaux sont id\u00e9ales pour servir tout, d'un simple repas \u00e0 une s\u00e9lection de snacks et de boissons. Cela en fait un choix polyvalent et \u00e9l\u00e9gant pour toute d\u00e9coration de table.<\/p>\n<p>Chaque plateau est fabriqu\u00e9 \u00e0 la main en Su\u00e8de \u00e0 partir d'un placage de bouleau durable de haute qualit\u00e9, il est approuv\u00e9 pour le contact avec les aliments, il r\u00e9siste \u00e0 la chaleur et aux taches et peut \u00eatre lav\u00e9 en toute s\u00e9curit\u00e9 au lave-vaisselle.<\/p>\n<p>Transforme les moments ordinaires en exp\u00e9riences extraordinaires avec ce plateau festif.<\/p>\n<p style=\"text-align: left\"><em>Cr\u00e9ateur :<\/em> Andreas Frei\/HappyTrays<\/p>\n<p style=\"text-align: left\"><em>Mat\u00e9riel :<\/em> Placage bouleau, rev\u00eatement m\u00e9lamine<\/p>\n<p style=\"text-align: left\"><em>Mod\u00e8le :<\/em>\u00a0Lemon Drop<\/p>\n<p style=\"text-align: left\"><em>Forme :<\/em>\u00a0Carr\u00e9<\/p>\n<p style=\"text-align: left\"><em>Diam\u00e8tre :<\/em>\u00a032 x 32 cm<\/p>","protected":false},"excerpt":{"rendered":"<p>Plateau de haute qualit\u00e9 en bois de bouleau durable avec un design vivant en \u00e9dition limit\u00e9e. Con\u00e7u en Suisse, fabriqu\u00e9 \u00e0 la main en Su\u00e8de. \u00d8 46 cm.<\/p>","protected":false},"featured_media":35804,"template":"","meta":[],"product_brand":[],"product_cat":[1108,42,1104,43],"product_tag":[314],"woo-feed-brand":[],"class_list":{"0":"post-10715","1":"product","2":"type-product","3":"status-publish","4":"has-post-thumbnail","6":"product_cat-tabletts","7":"product_cat-kueche","8":"product_cat-tischakzente","9":"product_cat-gedeckter-tisch","10":"product_tag-happytrays","12":"first","13":"instock","14":"taxable","15":"shipping-taxable","16":"purchasable","17":"product-type-simple"},"_links":{"self":[{"href":"https:\/\/www.fleurop-home.ch\/fr-ch\/wp-json\/wp\/v2\/product\/10715","targetHints":{"allow":["GET"]}}],"collection":[{"href":"https:\/\/www.fleurop-home.ch\/fr-ch\/wp-json\/wp\/v2\/product"}],"about":[{"href":"https:\/\/www.fleurop-home.ch\/fr-ch\/wp-json\/wp\/v2\/types\/product"}],"wp:featuredmedia":[{"embeddable":true,"href":"https:\/\/www.fleurop-home.ch\/fr-ch\/wp-json\/wp\/v2\/media\/35804"}],"wp:attachment":[{"href":"https:\/\/www.fleurop-home.ch\/fr-ch\/wp-json\/wp\/v2\/media?parent=10715"}],"wp:term":[{"taxonomy":"product_brand","embeddable":true,"href":"https:\/\/www.fleurop-home.ch\/fr-ch\/wp-json\/wp\/v2\/product_brand?post=10715"},{"taxonomy":"product_cat","embeddable":true,"href":"https:\/\/www.fleurop-home.ch\/fr-ch\/wp-json\/wp\/v2\/product_cat?post=10715"},{"taxonomy":"product_tag","embeddable":true,"href":"https:\/\/www.fleurop-home.ch\/fr-ch\/wp-json\/wp\/v2\/product_tag?post=10715"},{"taxonomy":"woo-feed-brand","embeddable":true,"href":"https:\/\/www.fleurop-home.ch\/fr-ch\/wp-json\/wp\/v2\/woo-feed-brand?post=10715"}],"curies":[{"name":"wp","href":"https:\/\/api.w.org\/{rel}","templated":true}]}}