{"id":10698,"date":"2023-04-20T23:53:48","date_gmt":"2023-04-20T23:53:48","guid":{"rendered":"https:\/\/www.fleurop-home.ch\/?product=tablett-aus-birkenholz-tourmaline-o-39-cm"},"modified":"2026-04-22T08:01:36","modified_gmt":"2026-04-22T06:01:36","slug":"plateau-en-bois-de-bouleau-tourmaline-o-39-cm","status":"publish","type":"product","link":"https:\/\/www.fleurop-home.ch\/fr-ch\/p\/tablett-aus-birkenholz-tourmaline-o-39-cm","title":{"rendered":"Plateau en bois de bouleau \"Tourmaline\", \u00d8 39 cm"},"content":{"rendered":"<p>D\u00e9couvre notre collection Unicolor, qui peut \u00eatre utilis\u00e9e seule comme pi\u00e8ce unique marquante ou parfaitement combin\u00e9e avec un autre design HappyTrays. Le plateau Tourmaline ajoute une touche d'\u00e9l\u00e9gance et de modernit\u00e9 \u00e0 n'importe quelle pi\u00e8ce, gr\u00e2ce \u00e0 sa belle texture et son d\u00e9grad\u00e9 de vert profond.<\/p>\n<p>Cette pi\u00e8ce polyvalente est volontiers utilis\u00e9e comme plateau de service, comme \u0153uvre d'art ou comme table d'appoint pratique. Chaque plateau est fabriqu\u00e9 \u00e0 la main en Su\u00e8de \u00e0 partir d'un placage de bouleau durable de haute qualit\u00e9 et est con\u00e7u pour une utilisation r\u00e9guli\u00e8re et intensive.<\/p>\n<p>Compl\u00e8te ta maison avec cet \u00e9l\u00e9gant plateau, ou fais un cadeau sp\u00e9cial \u00e0 quelqu'un.<\/p>\n<p style=\"text-align: left;\"><em>Cr\u00e9ateur :<\/em> Andreas Frei\/HappyTrays<\/p>\n<p style=\"text-align: left;\"><em>Mat\u00e9riel :<\/em> Placage bouleau, rev\u00eatement m\u00e9lamine<\/p>\n<p style=\"text-align: left;\"><em>Mod\u00e8le :<\/em>\u00a0Tourmaline<\/p>\n<p style=\"text-align: left;\"><em>Forme :<\/em>\u00a0Rond<\/p>\n<p style=\"text-align: left;\"><em>Diam\u00e8tre :<\/em>\u00a0\u00d8 39 cm<\/p>","protected":false},"excerpt":{"rendered":"<p>Plateau de haute qualit\u00e9 en bois de bouleau durable avec un design vivant en \u00e9dition limit\u00e9e. Con\u00e7u en Suisse, fabriqu\u00e9 \u00e0 la main en Su\u00e8de. \u00d8 46 cm.<\/p>","protected":false},"featured_media":36071,"template":"","meta":[],"product_brand":[],"product_cat":[1108,909,1179,911,42,1104,43],"product_tag":[314],"woo-feed-brand":[],"class_list":{"0":"post-10698","1":"product","2":"type-product","3":"status-publish","4":"has-post-thumbnail","6":"product_cat-tabletts","7":"product_cat-weihnachten","8":"product_cat-weihnachtsdeko","9":"product_cat-accessoires","10":"product_cat-kueche","11":"product_cat-tischakzente","12":"product_cat-gedeckter-tisch","13":"product_tag-happytrays","15":"first","16":"instock","17":"taxable","18":"shipping-taxable","19":"purchasable","20":"product-type-simple"},"_links":{"self":[{"href":"https:\/\/www.fleurop-home.ch\/fr-ch\/wp-json\/wp\/v2\/product\/10698","targetHints":{"allow":["GET"]}}],"collection":[{"href":"https:\/\/www.fleurop-home.ch\/fr-ch\/wp-json\/wp\/v2\/product"}],"about":[{"href":"https:\/\/www.fleurop-home.ch\/fr-ch\/wp-json\/wp\/v2\/types\/product"}],"wp:featuredmedia":[{"embeddable":true,"href":"https:\/\/www.fleurop-home.ch\/fr-ch\/wp-json\/wp\/v2\/media\/36071"}],"wp:attachment":[{"href":"https:\/\/www.fleurop-home.ch\/fr-ch\/wp-json\/wp\/v2\/media?parent=10698"}],"wp:term":[{"taxonomy":"product_brand","embeddable":true,"href":"https:\/\/www.fleurop-home.ch\/fr-ch\/wp-json\/wp\/v2\/product_brand?post=10698"},{"taxonomy":"product_cat","embeddable":true,"href":"https:\/\/www.fleurop-home.ch\/fr-ch\/wp-json\/wp\/v2\/product_cat?post=10698"},{"taxonomy":"product_tag","embeddable":true,"href":"https:\/\/www.fleurop-home.ch\/fr-ch\/wp-json\/wp\/v2\/product_tag?post=10698"},{"taxonomy":"woo-feed-brand","embeddable":true,"href":"https:\/\/www.fleurop-home.ch\/fr-ch\/wp-json\/wp\/v2\/woo-feed-brand?post=10698"}],"curies":[{"name":"wp","href":"https:\/\/api.w.org\/{rel}","templated":true}]}}