{"id":10628,"date":"2023-04-13T11:51:28","date_gmt":"2023-04-13T11:51:28","guid":{"rendered":"https:\/\/www.fleurop-home.ch\/?product=schokoladengeschenkbox-fine-flavour"},"modified":"2026-02-05T14:42:41","modified_gmt":"2026-02-05T13:42:41","slug":"coffret-cadeau-chocolat-fine-flavour","status":"publish","type":"product","link":"https:\/\/www.fleurop-home.ch\/fr-ch\/p\/schokoladengeschenkbox-fine-flavour","title":{"rendered":"Coffret cadeau chocolat Fine Flavour"},"content":{"rendered":"<p>Tu as oubli\u00e9 ton anniversaire de mariage ? F\u00e2ch\u00e9 avec quelqu'un ? Ou tu veux simplement montrer \u00e0 tes proches \u00e0 quel point tu les aimes ? A une \u00e9poque o\u00f9 tout le monde a d\u00e9j\u00e0 tout, cela fait plaisir d'offrir des moments de pur plaisir.<\/p>\n<p>Avec le paquet cadeau Taucherli Fine Flavour, tu peux faire plaisir \u00e0 tous les amateurs de chocolat. Le chocolat est fabriqu\u00e9 selon le proc\u00e9d\u00e9 bean-to-bar. Cela signifie que le chocolat est produit en une seule fois, de la f\u00e8ve de cacao \u00e0 la tablette. La bo\u00eete cadeau contient six tablettes de chocolat noir diff\u00e9rentes avec une teneur en cacao comprise entre 70% et 100%. Les tablettes invitent \u00e0 un voyage sensoriel \u00e0 travers des pays comme Bali, la Colombie ou le Nicaragua.<\/p>\n<p>La bo\u00eete cadeau contient ces six tablettes :<\/p>\n<p>- Bali 70%<\/p>\n<p>- Cameroun 70%<\/p>\n<p>- Nicaragua 72%<\/p>\n<p>- Colombie 77%<\/p>\n<p>- Colombie B9 80%<\/p>\n<p>- Ghana 100%<\/p>\n<p><a href=\"https:\/\/www.fleurop.ch\/content\/pdf\/fleurophome\/Geschenkbox-Fine-Flavour-Zutaten-und-Naehrwerte-Fleurop.pdf\" target=\"_blank\" rel=\"noopener\">Ingr\u00e9dients et valeurs nutritives<\/a><\/p>","protected":false},"excerpt":{"rendered":"<p>avec 6 tablettes de chocolat diff\u00e9rentes<\/p>","protected":false},"featured_media":10629,"template":"","meta":[],"product_brand":[],"product_cat":[53,1022,797,984,993,909,916,42,114,885,52,1225],"product_tag":[320],"woo-feed-brand":[],"class_list":{"0":"post-10628","1":"product","2":"type-product","3":"status-publish","4":"has-post-thumbnail","6":"product_cat-geschenksets","7":"product_cat-brunch","8":"product_cat-muttertag","9":"product_cat-silvester","10":"product_cat-silvestergeschenke","11":"product_cat-weihnachten","12":"product_cat-praesente","13":"product_cat-kueche","14":"product_cat-schokolade-sweets","15":"product_cat-koestlichkeiten","16":"product_cat-geschenke","17":"product_cat-genuss","18":"product_tag-taucherli-premium-swiss-chocolate-gmbh","20":"first","21":"instock","22":"taxable","23":"shipping-taxable","24":"purchasable","25":"product-type-simple"},"_links":{"self":[{"href":"https:\/\/www.fleurop-home.ch\/fr-ch\/wp-json\/wp\/v2\/product\/10628","targetHints":{"allow":["GET"]}}],"collection":[{"href":"https:\/\/www.fleurop-home.ch\/fr-ch\/wp-json\/wp\/v2\/product"}],"about":[{"href":"https:\/\/www.fleurop-home.ch\/fr-ch\/wp-json\/wp\/v2\/types\/product"}],"wp:featuredmedia":[{"embeddable":true,"href":"https:\/\/www.fleurop-home.ch\/fr-ch\/wp-json\/wp\/v2\/media\/10629"}],"wp:attachment":[{"href":"https:\/\/www.fleurop-home.ch\/fr-ch\/wp-json\/wp\/v2\/media?parent=10628"}],"wp:term":[{"taxonomy":"product_brand","embeddable":true,"href":"https:\/\/www.fleurop-home.ch\/fr-ch\/wp-json\/wp\/v2\/product_brand?post=10628"},{"taxonomy":"product_cat","embeddable":true,"href":"https:\/\/www.fleurop-home.ch\/fr-ch\/wp-json\/wp\/v2\/product_cat?post=10628"},{"taxonomy":"product_tag","embeddable":true,"href":"https:\/\/www.fleurop-home.ch\/fr-ch\/wp-json\/wp\/v2\/product_tag?post=10628"},{"taxonomy":"woo-feed-brand","embeddable":true,"href":"https:\/\/www.fleurop-home.ch\/fr-ch\/wp-json\/wp\/v2\/woo-feed-brand?post=10628"}],"curies":[{"name":"wp","href":"https:\/\/api.w.org\/{rel}","templated":true}]}}