{"id":10613,"date":"2023-03-28T14:53:09","date_gmt":"2023-03-28T14:53:09","guid":{"rendered":"https:\/\/www.fleurop-home.ch\/?product=bouquet-natur-trockenblumenstrauss-mit-strohblumen-gelb"},"modified":"2026-04-07T14:57:07","modified_gmt":"2026-04-07T12:57:07","slug":"bouquet-de-fleurs-seches-jaune-paille","status":"publish","type":"product","link":"https:\/\/www.fleurop-home.ch\/fr-ch\/p\/trockenblumenstrauss-strohblumen-gelb","title":{"rendered":"Bouquet de fleurs s\u00e9ch\u00e9es Fleurs de paille jaune"},"content":{"rendered":"<h3 style=\"text-align: left\">Fleurs s\u00e9ch\u00e9es<br \/>\nLa nouvelle tendance en mati\u00e8re d'int\u00e9rieur<\/h3>\n<p style=\"text-align: left\">Cette ann\u00e9e, on voit des branches et des fleurs s\u00e9ch\u00e9es plus souvent que jamais.<br \/>\nElles ne sont pas seulement une d\u00e9coration d'automne, mais d\u00e9gagent aussi toute leur magie en \u00e9t\u00e9 :<br \/>\nLes fleurs en version s\u00e9ch\u00e9e sont tr\u00e8s \u00e0 la mode.<br \/>\nQu'elles soient utilis\u00e9es comme d\u00e9coration de table ou plac\u00e9es de mani\u00e8re opulente dans de grands vases, \u2500 les fleurs s\u00e9ch\u00e9es sont tout simplement magnifiques, seules ou en bouquet multicolore.<br \/>\nL'\u00e9norme avantage par rapport aux fleurs fra\u00eeches : la d\u00e9coration de fleurs s\u00e9ch\u00e9es dure, dure et dure encore.<\/p>\n<p style=\"text-align: left\">Le prix se r\u00e9f\u00e8re \u00e0 une botte.<\/p>\n<p style=\"text-align: left\">Attention !<br \/>\n- D\u00e9balles les fleurs s\u00e9ch\u00e9es du papier avec pr\u00e9caution. Les branches s\u00e9ch\u00e9es sont plus facilement cassantes que lorsqu'elles sont encore vertes.<br \/>\n- Les fleurs s\u00e9ch\u00e9es sont un produit naturel et les bouquets \/ fleurs individuelles sont compos\u00e9s individuellement selon la saison et peuvent donc varier dans leur disposition et leur couleur.<br \/>\n- Pour la cr\u00e9ation, nous utilisons en partie des fleurs d\u00e9co mont\u00e9es ainsi que du fil de fer, du bambou fendu, de la colle, du raphia, de l'\u00e9lastique et d'autres moyens techniques similaires qui peuvent \u00e9galement \u00eatre visibles. Nos fleurs s\u00e9ch\u00e9es sont en partie blanchies ou color\u00e9es. La couleur utilis\u00e9e dans le bouquet d'\u00e9chantillons (photo) peut donc varier d'un bouquet \u00e0 l'autre. Il en va de m\u00eame pour le papier utilis\u00e9 pour l'emballage.<br \/>\n- Il pourrait y avoir des diff\u00e9rences entre la couleur illustr\u00e9e sur le site web et la couleur r\u00e9elle, ceci en raison de l'incidence de la lumi\u00e8re, de la luminosit\u00e9 du moniteur, du r\u00e9glage du contraste, etc.<\/p>","protected":false},"excerpt":{"rendered":"<p>Fleurs s\u00e9ch\u00e9es - la nouvelle tendance en mati\u00e8re d'int\u00e9rieur ; Bouquet nature Bouquet de fleurs s\u00e9ch\u00e9es avec des fleurs de paille jaunes \u00d8 env.20cm, L env.50cm<\/p>","protected":false},"featured_media":10614,"template":"","meta":[],"product_brand":[],"product_cat":[117,23,26],"product_tag":[290],"woo-feed-brand":[],"class_list":{"0":"post-10613","1":"product","2":"type-product","3":"status-publish","4":"has-post-thumbnail","6":"product_cat-trockenblumen","7":"product_cat-home-living","8":"product_cat-blumen-pflanzen","9":"product_tag-atelier-leutwyler","11":"first","12":"instock","13":"taxable","14":"shipping-taxable","15":"purchasable","16":"product-type-simple"},"_links":{"self":[{"href":"https:\/\/www.fleurop-home.ch\/fr-ch\/wp-json\/wp\/v2\/product\/10613","targetHints":{"allow":["GET"]}}],"collection":[{"href":"https:\/\/www.fleurop-home.ch\/fr-ch\/wp-json\/wp\/v2\/product"}],"about":[{"href":"https:\/\/www.fleurop-home.ch\/fr-ch\/wp-json\/wp\/v2\/types\/product"}],"wp:featuredmedia":[{"embeddable":true,"href":"https:\/\/www.fleurop-home.ch\/fr-ch\/wp-json\/wp\/v2\/media\/10614"}],"wp:attachment":[{"href":"https:\/\/www.fleurop-home.ch\/fr-ch\/wp-json\/wp\/v2\/media?parent=10613"}],"wp:term":[{"taxonomy":"product_brand","embeddable":true,"href":"https:\/\/www.fleurop-home.ch\/fr-ch\/wp-json\/wp\/v2\/product_brand?post=10613"},{"taxonomy":"product_cat","embeddable":true,"href":"https:\/\/www.fleurop-home.ch\/fr-ch\/wp-json\/wp\/v2\/product_cat?post=10613"},{"taxonomy":"product_tag","embeddable":true,"href":"https:\/\/www.fleurop-home.ch\/fr-ch\/wp-json\/wp\/v2\/product_tag?post=10613"},{"taxonomy":"woo-feed-brand","embeddable":true,"href":"https:\/\/www.fleurop-home.ch\/fr-ch\/wp-json\/wp\/v2\/woo-feed-brand?post=10613"}],"curies":[{"name":"wp","href":"https:\/\/api.w.org\/{rel}","templated":true}]}}