{"id":10529,"date":"2023-03-14T10:57:34","date_gmt":"2023-03-14T09:57:34","guid":{"rendered":"https:\/\/www.fleurop-home.ch\/?product=choco-hazelnut-cream-schokohaselnusscreme"},"modified":"2025-04-01T06:11:01","modified_gmt":"2025-04-01T04:11:01","slug":"choco-hazelnut-cream-creme-de-noisettes-au-chocolat","status":"publish","type":"product","link":"https:\/\/www.fleurop-home.ch\/fr-ch\/p\/choco-hazelnut-cream-schokohaselnusscreme","title":{"rendered":"Choco - Cr\u00e8me de noisettes"},"content":{"rendered":"<div style=\"text-align: left\"><strong>La collection exclusive de street art<\/strong><\/div>\n<div style=\"text-align: left\">\n<p><strong> des eaux-de-vie et des cr\u00e9ations de distillat uniques en \u00e9dition limit\u00e9e !<\/strong><\/p>\n<\/div>\n<ul style=\"text-align: left\">\n<li>Le nouveau best-seller des soir\u00e9es !<\/li>\n<li>A savourer avec un peu de glace<\/li>\n<li>Distill\u00e9 et affin\u00e9 dans une petite boutique-distillerie de l'Unterland zurichois<\/li>\n<li>Production limit\u00e9e de petits lots<\/li>\n<li>S\u00e9rie \u201aStreet Art collection\u2018 avec \u00e9dition limit\u00e9e num\u00e9rot\u00e9e<\/li>\n<\/ul>\n<p style=\"text-align: left\"><strong>Contenu et vol.%<\/strong><\/p>\n<ul style=\"text-align: left\">\n<li>500 ml<\/li>\n<li>21 Vol.%<\/li>\n<\/ul>\n<p style=\"text-align: left\"><strong>Ingr\u00e9dients<\/strong><\/p>\n<div>\n<div data-hook=\"info-section-description\">\n<ul style=\"text-align: left\">\n<li>Cr\u00e8me<\/li>\n<li>Sucre<\/li>\n<li>Alcool<\/li>\n<li>Cognac<\/li>\n<li>Rhum<\/li>\n<li>Distillat de noisette<\/li>\n<li>Ar\u00f4mes<\/li>\n<li>Glucose<\/li>\n<li>Poudre de cacao<\/li>\n<li>Lait \u00e9cr\u00e9m\u00e9 en poudre<\/li>\n<li>Lecitine de tournesol<\/li>\n<li>Xanthane<\/li>\n<li>E110<\/li>\n<li>Produit suisse<\/li>\n<\/ul>\n<div style=\"text-align: left\"><strong>Producteur<\/strong><\/div>\n<div style=\"text-align: left\">\n<ul>\n<li>Producteur : Schnapsboutique H\u00f6ritr\u00f6pfli, Schultheiss, H\u00f6ri<\/li>\n<\/ul>\n<\/div>\n<div style=\"text-align: left\"><strong>Remarque \/ Protection des jeunes<\/strong><\/div>\n<div>\n<ul style=\"text-align: left\">\n<li>La loi interdit la vente de spiritueux aux mineurs<\/li>\n<\/ul>\n<p style=\"text-align: left\"><strong>\u00c9tiquette<\/strong><\/p>\n<ul>\n<li style=\"text-align: left\">Enjoy life - Profite de la vie<\/li>\n<\/ul>\n<\/div>\n<\/div>\n<\/div>","protected":false},"excerpt":{"rendered":"<p>Cr\u00e9ation exclusive alcoolis\u00e9e (avec cognac et rhum) d'une petite boutique-distillerie.<\/p>","protected":false},"featured_media":10530,"template":"","meta":[],"product_brand":[],"product_cat":[115,995,984,42,885,52,54],"product_tag":[147,305],"woo-feed-brand":[],"class_list":{"0":"post-10529","1":"product","2":"type-product","3":"status-publish","4":"has-post-thumbnail","6":"product_cat-spirituosen","7":"product_cat-essen-trinken","8":"product_cat-silvester","9":"product_cat-kueche","10":"product_cat-koestlichkeiten","11":"product_cat-geschenke","12":"product_cat-feinkost","13":"product_tag-alkohol","14":"product_tag-the-white-panther-die-schonen-dinge-des-lebens","16":"first","17":"instock","18":"taxable","19":"shipping-taxable","20":"purchasable","21":"product-type-simple"},"_links":{"self":[{"href":"https:\/\/www.fleurop-home.ch\/fr-ch\/wp-json\/wp\/v2\/product\/10529","targetHints":{"allow":["GET"]}}],"collection":[{"href":"https:\/\/www.fleurop-home.ch\/fr-ch\/wp-json\/wp\/v2\/product"}],"about":[{"href":"https:\/\/www.fleurop-home.ch\/fr-ch\/wp-json\/wp\/v2\/types\/product"}],"wp:featuredmedia":[{"embeddable":true,"href":"https:\/\/www.fleurop-home.ch\/fr-ch\/wp-json\/wp\/v2\/media\/10530"}],"wp:attachment":[{"href":"https:\/\/www.fleurop-home.ch\/fr-ch\/wp-json\/wp\/v2\/media?parent=10529"}],"wp:term":[{"taxonomy":"product_brand","embeddable":true,"href":"https:\/\/www.fleurop-home.ch\/fr-ch\/wp-json\/wp\/v2\/product_brand?post=10529"},{"taxonomy":"product_cat","embeddable":true,"href":"https:\/\/www.fleurop-home.ch\/fr-ch\/wp-json\/wp\/v2\/product_cat?post=10529"},{"taxonomy":"product_tag","embeddable":true,"href":"https:\/\/www.fleurop-home.ch\/fr-ch\/wp-json\/wp\/v2\/product_tag?post=10529"},{"taxonomy":"woo-feed-brand","embeddable":true,"href":"https:\/\/www.fleurop-home.ch\/fr-ch\/wp-json\/wp\/v2\/woo-feed-brand?post=10529"}],"curies":[{"name":"wp","href":"https:\/\/api.w.org\/{rel}","templated":true}]}}