{"id":10520,"date":"2023-03-14T10:31:43","date_gmt":"2023-03-14T09:31:43","guid":{"rendered":"https:\/\/www.fleurop-home.ch\/?product=vielle-framboise-butterfly-heart"},"modified":"2025-04-01T06:11:08","modified_gmt":"2025-04-01T04:11:08","slug":"vielle-framboise-butterfly-heart","status":"publish","type":"product","link":"https:\/\/www.fleurop-home.ch\/fr-ch\/p\/vielle-framboise-butterfly-heart","title":{"rendered":"Vielle Framboise - Butterfly Heart"},"content":{"rendered":"<div style=\"text-align: left\"><strong>La collection exclusive de street art -<\/strong><\/div>\n<div style=\"text-align: left\"><strong> des eaux-de-vie et des cr\u00e9ations de distillat uniques en \u00e9dition limit\u00e9e !<\/strong><\/div>\n<div style=\"text-align: left\"><\/div>\n<ul style=\"text-align: left\">\n<li>Le best-seller absolu !<\/li>\n<li>La Vieille Framboise est tr\u00e8s \u00e9quilibr\u00e9e et extr\u00eamement fruit\u00e9e !<\/li>\n<li>Distill\u00e9 et affin\u00e9 dans une petite boutique-distillerie de l'Unterland zurichois<\/li>\n<li>Production limit\u00e9e de petits lots<\/li>\n<li>S\u00e9rie \u201aStreet Art collection\u2018 avec \u00e9dition limit\u00e9e num\u00e9rot\u00e9e<\/li>\n<\/ul>\n<p style=\"text-align: left\"><strong>Contenu et vol.%<\/strong><\/p>\n<ul style=\"text-align: left\">\n<li>500 ml<\/li>\n<li>40 Vol.%<\/li>\n<\/ul>\n<p style=\"text-align: left\"><strong>Ingr\u00e9dients<\/strong><\/p>\n<div class=\"rah-static--height-auto rah-static\">\n<div class=\"fggS- cell _1yvxJ\">\n<div class=\"WncCi\" data-hook=\"info-section-description\">\n<ul style=\"text-align: left\">\n<li>Eau-de-vie de framboise<br \/>\n(alcool noble \u00e0 base de framboise)<\/li>\n<li>Sucre<\/li>\n<li>Produit suisse<\/li>\n<\/ul>\n<div style=\"text-align: left\"><strong>Producteur\u00a0<\/strong><\/div>\n<div style=\"text-align: left\">\n<ul>\n<li>Boutique d'eau-de-vie H\u00f6ritr\u00f6pfli, Schultheiss, H\u00f6ri<\/li>\n<\/ul>\n<\/div>\n<div style=\"text-align: left\"><strong>Remarque \/ Protection des jeunes<\/strong><\/div>\n<div>\n<ul style=\"text-align: left\">\n<li>La loi interdit la vente de spiritueux aux mineurs<\/li>\n<\/ul>\n<p style=\"text-align: left\"><strong>\u00c9tiquette<\/strong><\/p>\n<ul>\n<li style=\"text-align: left\">Padoue 2023<span style=\"font-family: arial, helvetica, sans-serif;font-size: 11pt\"><br \/>\n<\/span><\/li>\n<\/ul>\n<\/div>\n<\/div>\n<\/div>\n<\/div>","protected":false},"excerpt":{"rendered":"<p>Cr\u00e9ation exclusive d'une petite distillerie-boutique. Grande liqueur sp\u00e9ciale affin\u00e9e en f\u00fbt de ch\u00eane.<\/p>","protected":false},"featured_media":10521,"template":"","meta":[],"product_brand":[],"product_cat":[115,995,1003,984,999,42,885,52,54],"product_tag":[147,305],"woo-feed-brand":[],"class_list":{"0":"post-10520","1":"product","2":"type-product","3":"status-publish","4":"has-post-thumbnail","6":"product_cat-spirituosen","7":"product_cat-essen-trinken","8":"product_cat-fuer-sie","9":"product_cat-silvester","10":"product_cat-valentinstag","11":"product_cat-kueche","12":"product_cat-koestlichkeiten","13":"product_cat-geschenke","14":"product_cat-feinkost","15":"product_tag-alkohol","16":"product_tag-the-white-panther-die-schonen-dinge-des-lebens","18":"first","19":"instock","20":"taxable","21":"shipping-taxable","22":"purchasable","23":"product-type-simple"},"_links":{"self":[{"href":"https:\/\/www.fleurop-home.ch\/fr-ch\/wp-json\/wp\/v2\/product\/10520","targetHints":{"allow":["GET"]}}],"collection":[{"href":"https:\/\/www.fleurop-home.ch\/fr-ch\/wp-json\/wp\/v2\/product"}],"about":[{"href":"https:\/\/www.fleurop-home.ch\/fr-ch\/wp-json\/wp\/v2\/types\/product"}],"wp:featuredmedia":[{"embeddable":true,"href":"https:\/\/www.fleurop-home.ch\/fr-ch\/wp-json\/wp\/v2\/media\/10521"}],"wp:attachment":[{"href":"https:\/\/www.fleurop-home.ch\/fr-ch\/wp-json\/wp\/v2\/media?parent=10520"}],"wp:term":[{"taxonomy":"product_brand","embeddable":true,"href":"https:\/\/www.fleurop-home.ch\/fr-ch\/wp-json\/wp\/v2\/product_brand?post=10520"},{"taxonomy":"product_cat","embeddable":true,"href":"https:\/\/www.fleurop-home.ch\/fr-ch\/wp-json\/wp\/v2\/product_cat?post=10520"},{"taxonomy":"product_tag","embeddable":true,"href":"https:\/\/www.fleurop-home.ch\/fr-ch\/wp-json\/wp\/v2\/product_tag?post=10520"},{"taxonomy":"woo-feed-brand","embeddable":true,"href":"https:\/\/www.fleurop-home.ch\/fr-ch\/wp-json\/wp\/v2\/woo-feed-brand?post=10520"}],"curies":[{"name":"wp","href":"https:\/\/api.w.org\/{rel}","templated":true}]}}