{"id":10434,"date":"2023-03-09T17:06:50","date_gmt":"2023-03-09T16:06:50","guid":{"rendered":"https:\/\/www.fleurop-home.ch\/?product=purpur-jakobsleiter-polemonium-yezoense"},"modified":"2026-04-28T11:42:14","modified_gmt":"2026-04-28T09:42:14","slug":"-247","status":"publish","type":"product","link":"https:\/\/www.fleurop-home.ch\/fr-ch\/p\/purpur-jakobsleiter-polemonium-yezoense","title":{"rendered":"Echelle de Jacob pourpre - Polemonium yezoense"},"content":{"rendered":"<p>L'\u00e9chelle de jacinthe pourpre \u201aBressingham Purple\u2018 pr\u00e9sente des fleurs attrayantes d'un rouge vif de juin \u00e0 juillet et constitue une touche de couleur marquante dans le jardin. Gr\u00e2ce \u00e0 sa r\u00e9sistance \u00e0 l'hiver, cette plante vivace robuste reste fiable m\u00eame dans les jardins suisses. L'id\u00e9al est un emplacement mi-ombrag\u00e9 avec un sol perm\u00e9able et humide, en particulier les bordures et les bords d'\u00e9tangs. Avec un apport d'eau r\u00e9gulier, l'\u00e9chelle de jacinthe pourpre d\u00e9veloppe une apparence particuli\u00e8rement vitale. Fabriqu\u00e9e en 100 % de production suisse, elle est synonyme de splendeur florale issue de la force primaire et apporte des accents naturels \u00e0 chaque plantation.<\/p>\n<p>Hauteur : 50 cm<br \/>\nTaille du pot : pot de 21<br \/>\nR\u00e9sistance au froid : r\u00e9sistant au froid<br \/>\nLumi\u00e8re : semi-ombrag\u00e9e<br \/>\nP\u00e9riode de floraison : juin \u00e0 juillet<br \/>\nSol : perm\u00e9able<\/p>","protected":false},"excerpt":{"rendered":"<p>Echelle de jacinthe pourpre \u201aBressingham Purple\u2018 - plante vivace \u00e0 fleurs r\u00e9sistante au froid de production suisse<\/p>","protected":false},"featured_media":43002,"template":"","meta":[],"product_brand":[],"product_cat":[109,34,41],"product_tag":[299],"woo-feed-brand":[],"class_list":{"0":"post-10434","1":"product","2":"type-product","3":"status-publish","4":"has-post-thumbnail","6":"product_cat-saisonale-pflanzen","7":"product_cat-garten-balkon","8":"product_cat-outdoorpflanzen","9":"product_tag-santispracht","11":"first","12":"instock","13":"taxable","14":"shipping-taxable","15":"purchasable","16":"product-type-simple"},"_links":{"self":[{"href":"https:\/\/www.fleurop-home.ch\/fr-ch\/wp-json\/wp\/v2\/product\/10434","targetHints":{"allow":["GET"]}}],"collection":[{"href":"https:\/\/www.fleurop-home.ch\/fr-ch\/wp-json\/wp\/v2\/product"}],"about":[{"href":"https:\/\/www.fleurop-home.ch\/fr-ch\/wp-json\/wp\/v2\/types\/product"}],"wp:featuredmedia":[{"embeddable":true,"href":"https:\/\/www.fleurop-home.ch\/fr-ch\/wp-json\/wp\/v2\/media\/43002"}],"wp:attachment":[{"href":"https:\/\/www.fleurop-home.ch\/fr-ch\/wp-json\/wp\/v2\/media?parent=10434"}],"wp:term":[{"taxonomy":"product_brand","embeddable":true,"href":"https:\/\/www.fleurop-home.ch\/fr-ch\/wp-json\/wp\/v2\/product_brand?post=10434"},{"taxonomy":"product_cat","embeddable":true,"href":"https:\/\/www.fleurop-home.ch\/fr-ch\/wp-json\/wp\/v2\/product_cat?post=10434"},{"taxonomy":"product_tag","embeddable":true,"href":"https:\/\/www.fleurop-home.ch\/fr-ch\/wp-json\/wp\/v2\/product_tag?post=10434"},{"taxonomy":"woo-feed-brand","embeddable":true,"href":"https:\/\/www.fleurop-home.ch\/fr-ch\/wp-json\/wp\/v2\/woo-feed-brand?post=10434"}],"curies":[{"name":"wp","href":"https:\/\/api.w.org\/{rel}","templated":true}]}}