{"id":10398,"date":"2023-03-09T17:06:31","date_gmt":"2023-03-09T16:06:31","guid":{"rendered":"https:\/\/www.fleurop-home.ch\/?product=nelkenwurz-geum-coccineum"},"modified":"2026-04-28T11:40:51","modified_gmt":"2026-04-28T09:40:51","slug":"-240","status":"publish","type":"product","link":"https:\/\/www.fleurop-home.ch\/fr-ch\/p\/nelkenwurz-geum-coccineum","title":{"rendered":"Girofl\u00e9e - Geum coccineum"},"content":{"rendered":"<p>Cette plante vivace qui forme des touffes est id\u00e9ale pour les plantations en pente et en surface, les bordures mixtes, les parterres de fleurs et les rocailles. Ses fleurs rouges remarquables apportent une touche de couleur attrayante pendant la longue p\u00e9riode de floraison et attirent les abeilles et autres insectes. Avec une hauteur d'environ 60 cm, la plante pr\u00e9f\u00e8re les endroits ensoleill\u00e9s et pousse dans un sol drainant avec un apport d'eau mod\u00e9r\u00e9. Les plantes proviennent d'une production suisse 100 % et portent le label de qualit\u00e9 Suisse Garantie. Leur r\u00e9sistance aux temp\u00e9ratures froides en fait un choix durable et facile \u00e0 entretenir pour les jardins proches de la nature et les jardins vari\u00e9s.<\/p>\n<p>Hauteur : 60 cm<br \/>\nTaille du pot : pot de 21<br \/>\nR\u00e9sistance au froid : r\u00e9sistant au froid<br \/>\nLumi\u00e8re : ensoleill\u00e9e<br \/>\nP\u00e9riode de floraison : de mai \u00e0 septembre<br \/>\nSol : perm\u00e9able<\/p>","protected":false},"excerpt":{"rendered":"<p>Oeillet d'Inde Flames of Passion - aimant \u00e0 abeilles robuste de production suisse<\/p>","protected":false},"featured_media":42842,"template":"","meta":[],"product_brand":[],"product_cat":[109,34,41],"product_tag":[299],"woo-feed-brand":[],"class_list":{"0":"post-10398","1":"product","2":"type-product","3":"status-publish","4":"has-post-thumbnail","6":"product_cat-saisonale-pflanzen","7":"product_cat-garten-balkon","8":"product_cat-outdoorpflanzen","9":"product_tag-santispracht","11":"first","12":"instock","13":"taxable","14":"shipping-taxable","15":"purchasable","16":"product-type-simple"},"_links":{"self":[{"href":"https:\/\/www.fleurop-home.ch\/fr-ch\/wp-json\/wp\/v2\/product\/10398","targetHints":{"allow":["GET"]}}],"collection":[{"href":"https:\/\/www.fleurop-home.ch\/fr-ch\/wp-json\/wp\/v2\/product"}],"about":[{"href":"https:\/\/www.fleurop-home.ch\/fr-ch\/wp-json\/wp\/v2\/types\/product"}],"wp:featuredmedia":[{"embeddable":true,"href":"https:\/\/www.fleurop-home.ch\/fr-ch\/wp-json\/wp\/v2\/media\/42842"}],"wp:attachment":[{"href":"https:\/\/www.fleurop-home.ch\/fr-ch\/wp-json\/wp\/v2\/media?parent=10398"}],"wp:term":[{"taxonomy":"product_brand","embeddable":true,"href":"https:\/\/www.fleurop-home.ch\/fr-ch\/wp-json\/wp\/v2\/product_brand?post=10398"},{"taxonomy":"product_cat","embeddable":true,"href":"https:\/\/www.fleurop-home.ch\/fr-ch\/wp-json\/wp\/v2\/product_cat?post=10398"},{"taxonomy":"product_tag","embeddable":true,"href":"https:\/\/www.fleurop-home.ch\/fr-ch\/wp-json\/wp\/v2\/product_tag?post=10398"},{"taxonomy":"woo-feed-brand","embeddable":true,"href":"https:\/\/www.fleurop-home.ch\/fr-ch\/wp-json\/wp\/v2\/woo-feed-brand?post=10398"}],"curies":[{"name":"wp","href":"https:\/\/api.w.org\/{rel}","templated":true}]}}