{"id":10239,"date":"2023-03-09T17:05:06","date_gmt":"2023-03-09T16:05:06","guid":{"rendered":"https:\/\/www.fleurop-home.ch\/?product=gemeine-akelei-aquilegia-vulgaris-1709036956"},"modified":"2026-04-17T09:31:53","modified_gmt":"2026-04-17T07:31:53","slug":"-192","status":"publish","type":"product","link":"https:\/\/www.fleurop-home.ch\/fr-ch\/p\/gemeine-akelei-aquilegia-vulgaris-1709036956","title":{"rendered":"Ancolie commune - Aquilegia vulgaris"},"content":{"rendered":"<p>Die Gemeine Akelei White ist eine heimische, winterharte Wildstaude, die mit ihren weissen Bl\u00fcten von April bis Juni f\u00fcr frische Akzente sorgt. Sie gedeiht am besten an halbschattigen Standorten mit durchl\u00e4ssigem, m\u00e4ssig feuchtem Boden und eignet sich hervorragend f\u00fcr Mischrabatten oder als nat\u00fcrlicher Blickfang zur Unterbepflanzung. Dank ihrer robusten Natur und der F\u00e4higkeit zur Selbstaussaat kann sie sich dezent im Garten ausbreiten und unterst\u00fctzt so das naturnahe Gartenerlebnis. Mit 100 % Schweizer Produktion und Suisse Garantie bringst du mit dieser Staude ein St\u00fcck regionale Blumenpracht in den Garten.<\/p>\n<p>Hauteur : 50 cm<br \/>\nTaille du pot : pot de 21<br \/>\nR\u00e9sistance au froid : r\u00e9sistant au froid<br \/>\nLumi\u00e8re : semi-ombrag\u00e9e<br \/>\nP\u00e9riode de floraison : avril \u00e0 juin<br \/>\nSol : perm\u00e9able<\/p>","protected":false},"excerpt":{"rendered":"<p>Gemeine Akelei White \u2013 weisse Wildstaude f\u00fcr den naturnahen Garten<\/p>","protected":false},"featured_media":42594,"template":"","meta":[],"product_brand":[],"product_cat":[109,34,41],"product_tag":[299],"woo-feed-brand":[],"class_list":{"0":"post-10239","1":"product","2":"type-product","3":"status-publish","4":"has-post-thumbnail","6":"product_cat-saisonale-pflanzen","7":"product_cat-garten-balkon","8":"product_cat-outdoorpflanzen","9":"product_tag-santispracht","11":"first","12":"instock","13":"taxable","14":"shipping-taxable","15":"purchasable","16":"product-type-simple"},"_links":{"self":[{"href":"https:\/\/www.fleurop-home.ch\/fr-ch\/wp-json\/wp\/v2\/product\/10239","targetHints":{"allow":["GET"]}}],"collection":[{"href":"https:\/\/www.fleurop-home.ch\/fr-ch\/wp-json\/wp\/v2\/product"}],"about":[{"href":"https:\/\/www.fleurop-home.ch\/fr-ch\/wp-json\/wp\/v2\/types\/product"}],"wp:featuredmedia":[{"embeddable":true,"href":"https:\/\/www.fleurop-home.ch\/fr-ch\/wp-json\/wp\/v2\/media\/42594"}],"wp:attachment":[{"href":"https:\/\/www.fleurop-home.ch\/fr-ch\/wp-json\/wp\/v2\/media?parent=10239"}],"wp:term":[{"taxonomy":"product_brand","embeddable":true,"href":"https:\/\/www.fleurop-home.ch\/fr-ch\/wp-json\/wp\/v2\/product_brand?post=10239"},{"taxonomy":"product_cat","embeddable":true,"href":"https:\/\/www.fleurop-home.ch\/fr-ch\/wp-json\/wp\/v2\/product_cat?post=10239"},{"taxonomy":"product_tag","embeddable":true,"href":"https:\/\/www.fleurop-home.ch\/fr-ch\/wp-json\/wp\/v2\/product_tag?post=10239"},{"taxonomy":"woo-feed-brand","embeddable":true,"href":"https:\/\/www.fleurop-home.ch\/fr-ch\/wp-json\/wp\/v2\/woo-feed-brand?post=10239"}],"curies":[{"name":"wp","href":"https:\/\/api.w.org\/{rel}","templated":true}]}}