{"id":10235,"date":"2023-03-09T17:05:05","date_gmt":"2023-03-09T16:05:05","guid":{"rendered":"https:\/\/www.fleurop-home.ch\/?product=gemeine-akelei-aquilegia-vulgaris-1709036949"},"modified":"2026-04-17T09:32:26","modified_gmt":"2026-04-17T07:32:26","slug":"-191","status":"publish","type":"product","link":"https:\/\/www.fleurop-home.ch\/fr-ch\/p\/gemeine-akelei-aquilegia-vulgaris-1709036949","title":{"rendered":"Ancolie commune - Aquilegia vulgaris"},"content":{"rendered":"<p>Diese robuste, heimische Wildstaude eignet sich bestens f\u00fcr Mischrabatten, naturnahe G\u00e4rten und zur Unterbepflanzung oder Verwilderung. Ihre roten Bl\u00fcten erscheinen von April bis Juni und setzen zarte Farbtupfer ins Beet. Die Akelei bevorzugt einen halbschattigen Standort sowie durchl\u00e4ssigen Boden und ben\u00f6tigt eine m\u00e4ssige Wasserversorgung. Dank winterharter Eigenschaften behauptet sich diese Pflanze auch in rauerem Klima und tr\u00e4gt dazu bei, einen lebendigen und vielf\u00e4ltigen Garten zu gestalten. Die 100 % Schweizer Produktion garantiert beste Qualit\u00e4t und nachhaltige Blumenpracht nach Suisse Garantie.<\/p>\n<p>Hauteur : 50 cm<br \/>\nTaille du pot : pot de 21<br \/>\nR\u00e9sistance au froid : r\u00e9sistant au froid<br \/>\nLumi\u00e8re : semi-ombrag\u00e9e<br \/>\nP\u00e9riode de floraison : avril \u00e0 juin<br \/>\nSol : perm\u00e9able<\/p>","protected":false},"excerpt":{"rendered":"<p>Gemeine Akelei Red Yellow \u2013 heimische Wildstaude f\u00fcr Fr\u00fchlingsg\u00e4rten<\/p>","protected":false},"featured_media":42593,"template":"","meta":[],"product_brand":[],"product_cat":[109,34,41],"product_tag":[299],"woo-feed-brand":[],"class_list":{"0":"post-10235","1":"product","2":"type-product","3":"status-publish","4":"has-post-thumbnail","6":"product_cat-saisonale-pflanzen","7":"product_cat-garten-balkon","8":"product_cat-outdoorpflanzen","9":"product_tag-santispracht","11":"first","12":"instock","13":"taxable","14":"shipping-taxable","15":"purchasable","16":"product-type-simple"},"_links":{"self":[{"href":"https:\/\/www.fleurop-home.ch\/fr-ch\/wp-json\/wp\/v2\/product\/10235","targetHints":{"allow":["GET"]}}],"collection":[{"href":"https:\/\/www.fleurop-home.ch\/fr-ch\/wp-json\/wp\/v2\/product"}],"about":[{"href":"https:\/\/www.fleurop-home.ch\/fr-ch\/wp-json\/wp\/v2\/types\/product"}],"wp:featuredmedia":[{"embeddable":true,"href":"https:\/\/www.fleurop-home.ch\/fr-ch\/wp-json\/wp\/v2\/media\/42593"}],"wp:attachment":[{"href":"https:\/\/www.fleurop-home.ch\/fr-ch\/wp-json\/wp\/v2\/media?parent=10235"}],"wp:term":[{"taxonomy":"product_brand","embeddable":true,"href":"https:\/\/www.fleurop-home.ch\/fr-ch\/wp-json\/wp\/v2\/product_brand?post=10235"},{"taxonomy":"product_cat","embeddable":true,"href":"https:\/\/www.fleurop-home.ch\/fr-ch\/wp-json\/wp\/v2\/product_cat?post=10235"},{"taxonomy":"product_tag","embeddable":true,"href":"https:\/\/www.fleurop-home.ch\/fr-ch\/wp-json\/wp\/v2\/product_tag?post=10235"},{"taxonomy":"woo-feed-brand","embeddable":true,"href":"https:\/\/www.fleurop-home.ch\/fr-ch\/wp-json\/wp\/v2\/woo-feed-brand?post=10235"}],"curies":[{"name":"wp","href":"https:\/\/api.w.org\/{rel}","templated":true}]}}