{"id":10232,"date":"2023-03-09T17:05:03","date_gmt":"2023-03-09T16:05:03","guid":{"rendered":"https:\/\/www.fleurop-home.ch\/?product=gemeine-akelei-aquilegia-vulgaris-1709036942"},"modified":"2026-04-17T09:22:24","modified_gmt":"2026-04-17T07:22:24","slug":"gemeine-akelei-aquilegia-vulgaris-6","status":"publish","type":"product","link":"https:\/\/www.fleurop-home.ch\/fr-ch\/p\/gemeine-akelei-aquilegia-vulgaris-6","title":{"rendered":"Ancolie commune - Aquilegia vulgaris"},"content":{"rendered":"<p>Die Aquilegia vulgaris Yellow zeichnet sich als vielseitige, winterharte Staude aus und sorgt von April bis Juni f\u00fcr zauberhafte, gelbe Bl\u00fcten im Garten. Diese heimische Wildpflanze gedeiht am besten an halbschattigen Standorten mit durchl\u00e4ssigem Boden. Als klassische Fr\u00fchlingspflanze eignet sie sich hervorragend f\u00fcr Mischrabatten, als Unterbepflanzung oder zur naturnahen Gestaltung \u2013 auch eine Verwilderung durch Selbstaussaat ist m\u00f6glich. Mit einer H\u00f6he von rund 50 cm ben\u00f6tigt die Akelei nur m\u00e4ssige Wassergaben und steht f\u00fcr Blumenpracht aus 100 % Schweizer Produktion.<\/p>\n<p>Hauteur : 50 cm<br \/>\nTaille du pot : pot de 21<br \/>\nR\u00e9sistance au froid : r\u00e9sistant au froid<br \/>\nLumi\u00e8re : semi-ombrag\u00e9e<br \/>\nP\u00e9riode de floraison : avril \u00e0 juin<br \/>\nSol : perm\u00e9able<\/p>","protected":false},"excerpt":{"rendered":"<p>Aquilegia vulgaris Yellow: Heimische, winterharte Akelei mit gelben Bl\u00fcten<\/p>","protected":false},"featured_media":42597,"template":"","meta":[],"product_brand":[],"product_cat":[109,34,41],"product_tag":[299],"woo-feed-brand":[],"class_list":{"0":"post-10232","1":"product","2":"type-product","3":"status-publish","4":"has-post-thumbnail","6":"product_cat-saisonale-pflanzen","7":"product_cat-garten-balkon","8":"product_cat-outdoorpflanzen","9":"product_tag-santispracht","11":"first","12":"instock","13":"taxable","14":"shipping-taxable","15":"purchasable","16":"product-type-simple"},"_links":{"self":[{"href":"https:\/\/www.fleurop-home.ch\/fr-ch\/wp-json\/wp\/v2\/product\/10232","targetHints":{"allow":["GET"]}}],"collection":[{"href":"https:\/\/www.fleurop-home.ch\/fr-ch\/wp-json\/wp\/v2\/product"}],"about":[{"href":"https:\/\/www.fleurop-home.ch\/fr-ch\/wp-json\/wp\/v2\/types\/product"}],"wp:featuredmedia":[{"embeddable":true,"href":"https:\/\/www.fleurop-home.ch\/fr-ch\/wp-json\/wp\/v2\/media\/42597"}],"wp:attachment":[{"href":"https:\/\/www.fleurop-home.ch\/fr-ch\/wp-json\/wp\/v2\/media?parent=10232"}],"wp:term":[{"taxonomy":"product_brand","embeddable":true,"href":"https:\/\/www.fleurop-home.ch\/fr-ch\/wp-json\/wp\/v2\/product_brand?post=10232"},{"taxonomy":"product_cat","embeddable":true,"href":"https:\/\/www.fleurop-home.ch\/fr-ch\/wp-json\/wp\/v2\/product_cat?post=10232"},{"taxonomy":"product_tag","embeddable":true,"href":"https:\/\/www.fleurop-home.ch\/fr-ch\/wp-json\/wp\/v2\/product_tag?post=10232"},{"taxonomy":"woo-feed-brand","embeddable":true,"href":"https:\/\/www.fleurop-home.ch\/fr-ch\/wp-json\/wp\/v2\/woo-feed-brand?post=10232"}],"curies":[{"name":"wp","href":"https:\/\/api.w.org\/{rel}","templated":true}]}}