{"id":10230,"date":"2023-03-09T17:05:01","date_gmt":"2023-03-09T16:05:01","guid":{"rendered":"https:\/\/www.fleurop-home.ch\/?product=gemeine-akelei-aquilegia-vulgaris-1709036936"},"modified":"2026-04-17T09:31:06","modified_gmt":"2026-04-17T07:31:06","slug":"-189","status":"publish","type":"product","link":"https:\/\/www.fleurop-home.ch\/fr-ch\/p\/gemeine-akelei-aquilegia-vulgaris-1709036936","title":{"rendered":"Ancolie commune - Aquilegia vulgaris"},"content":{"rendered":"<p>Diese heimische Wildstaude \u00fcberzeugt durch ihre robuste Naturkraft und die typische Frische der blauen Bl\u00fcten von April bis Juni. Die Gemeine Akelei bevorzugt halbschattige Standorte mit durchl\u00e4ssigem Boden und einer m\u00e4ssigen Wasserversorgung. Sie eignet sich bestens zum Verwildern und findet in naturnahen G\u00e4rten sowie als Unterbepflanzung vielf\u00e4ltige Verwendung. 100 % Schweizer Produktion garantiert eine langlebige und standortgerechte Pflanze, die dank ihrer Winterh\u00e4rte jedes Jahr zuverl\u00e4ssig wiederkehrt und so die nat\u00fcrliche Sch\u00f6nheit im Garten erh\u00e4lt.<\/p>\n<p>Hauteur : 50 cm<br \/>\nTaille du pot : pot de 21<br \/>\nR\u00e9sistance au froid : r\u00e9sistant au froid<br \/>\nLumi\u00e8re : semi-ombrag\u00e9e<br \/>\nP\u00e9riode de floraison : avril \u00e0 juin<br \/>\nSol : perm\u00e9able<\/p>","protected":false},"excerpt":{"rendered":"<p>Gemeine Akelei Purple Blue \u2013 robuste Wildstaude aus Schweizer Produktion<\/p>","protected":false},"featured_media":42591,"template":"","meta":[],"product_brand":[],"product_cat":[109,34,41],"product_tag":[299],"woo-feed-brand":[],"class_list":{"0":"post-10230","1":"product","2":"type-product","3":"status-publish","4":"has-post-thumbnail","6":"product_cat-saisonale-pflanzen","7":"product_cat-garten-balkon","8":"product_cat-outdoorpflanzen","9":"product_tag-santispracht","11":"first","12":"instock","13":"taxable","14":"shipping-taxable","15":"purchasable","16":"product-type-simple"},"_links":{"self":[{"href":"https:\/\/www.fleurop-home.ch\/fr-ch\/wp-json\/wp\/v2\/product\/10230","targetHints":{"allow":["GET"]}}],"collection":[{"href":"https:\/\/www.fleurop-home.ch\/fr-ch\/wp-json\/wp\/v2\/product"}],"about":[{"href":"https:\/\/www.fleurop-home.ch\/fr-ch\/wp-json\/wp\/v2\/types\/product"}],"wp:featuredmedia":[{"embeddable":true,"href":"https:\/\/www.fleurop-home.ch\/fr-ch\/wp-json\/wp\/v2\/media\/42591"}],"wp:attachment":[{"href":"https:\/\/www.fleurop-home.ch\/fr-ch\/wp-json\/wp\/v2\/media?parent=10230"}],"wp:term":[{"taxonomy":"product_brand","embeddable":true,"href":"https:\/\/www.fleurop-home.ch\/fr-ch\/wp-json\/wp\/v2\/product_brand?post=10230"},{"taxonomy":"product_cat","embeddable":true,"href":"https:\/\/www.fleurop-home.ch\/fr-ch\/wp-json\/wp\/v2\/product_cat?post=10230"},{"taxonomy":"product_tag","embeddable":true,"href":"https:\/\/www.fleurop-home.ch\/fr-ch\/wp-json\/wp\/v2\/product_tag?post=10230"},{"taxonomy":"woo-feed-brand","embeddable":true,"href":"https:\/\/www.fleurop-home.ch\/fr-ch\/wp-json\/wp\/v2\/woo-feed-brand?post=10230"}],"curies":[{"name":"wp","href":"https:\/\/api.w.org\/{rel}","templated":true}]}}