{"id":10225,"date":"2023-03-09T13:16:12","date_gmt":"2023-03-09T13:16:12","guid":{"rendered":"https:\/\/www.fleurop-home.ch\/?product=3er-set-trockenblumen-strausschen-mit-vasen"},"modified":"2026-05-13T11:07:26","modified_gmt":"2026-05-13T09:07:26","slug":"bouquet-de-fleurs-seches-set-de-3-avec-vases","status":"publish","type":"product","link":"https:\/\/www.fleurop-home.ch\/fr-ch\/p\/trockenblumenstrauss-3er-set-mit-vasen","title":{"rendered":"Set de 3 bouquets de fleurs s\u00e9ch\u00e9es avec vases"},"content":{"rendered":"<h3>Fleurs s\u00e9ch\u00e9es<br \/>\nLa nouvelle tendance en mati\u00e8re d'int\u00e9rieur<\/h3>\n<p>Cette ann\u00e9e, on voit des branches et des fleurs s\u00e9ch\u00e9es plus souvent que jamais.<br \/>\nElles ne sont pas seulement une d\u00e9coration d'automne, mais d\u00e9gagent leur magie tout au long de l'ann\u00e9e.<br \/>\nLes fleurs s\u00e9ch\u00e9es sont tr\u00e8s \u00e0 la mode.<br \/>\nQu'elles soient utilis\u00e9es comme d\u00e9coration de table ou plac\u00e9es de mani\u00e8re opulente dans de grands vases, \u2500 les fleurs s\u00e9ch\u00e9es sont tout simplement magnifiques, seules ou en bouquet multicolore.<br \/>\nL'\u00e9norme avantage par rapport aux fleurs fra\u00eeches : une d\u00e9coration de fleurs s\u00e9ch\u00e9es dure pratiquement \u00e9ternellement.<\/p>\n<p>Le prix se r\u00e9f\u00e8re \u00e0 un set de 3 vases inclus (les vases peuvent varier).<\/p>\n<p><strong>Note bien<\/strong><br \/>\n- D\u00e9balles les fleurs s\u00e9ch\u00e9es avec pr\u00e9caution. Les branches s\u00e9ch\u00e9es sont plus fragiles que les branches fra\u00eeches.<br \/>\n- Les fleurs s\u00e9ch\u00e9es sont un produit naturel. Les bouquets \/ fleurs individuelles sont compos\u00e9s individuellement selon la saison et peuvent donc varier dans le choix des fleurs, leur disposition et leur couleur.<br \/>\n- Pour la cr\u00e9ation, nous utilisons en partie du fil de fer, du bambou fendu, de la colle et d'autres moyens techniques similaires, qui peuvent \u00e9galement \u00eatre visibles. Nos fleurs s\u00e9ch\u00e9es sont en partie blanchies ou color\u00e9es. La couleur utilis\u00e9e dans le bouquet d'\u00e9chantillons (photo) peut donc varier d'un bouquet \u00e0 l'autre. Il en va de m\u00eame pour le papier utilis\u00e9 pour l'emballage.<br \/>\n- Il peut y avoir des diff\u00e9rences entre la couleur illustr\u00e9e sur le site web et la couleur r\u00e9elle. Cela est d\u00fb \u00e0 l'incidence de la lumi\u00e8re, \u00e0 la luminosit\u00e9 du moniteur, au r\u00e9glage du contraste, etc.<\/p>","protected":false},"excerpt":{"rendered":"<p>Fleurs s\u00e9ch\u00e9es - la nouvelle tendance en mati\u00e8re d'int\u00e9rieur ; set de 3 bouquets de fleurs s\u00e9ch\u00e9es avec vases \u00d8 env.7cm H env.28 cm \/ vases vides sans bouquet H env.10cm<\/p>","protected":false},"featured_media":10226,"template":"","meta":[],"product_brand":[],"product_cat":[117,23,52,55],"product_tag":[290],"woo-feed-brand":[],"class_list":{"0":"post-10225","1":"product","2":"type-product","3":"status-publish","4":"has-post-thumbnail","6":"product_cat-trockenblumen","7":"product_cat-home-living","8":"product_cat-geschenke","9":"product_cat-blumige-geschenke","10":"product_tag-atelier-leutwyler","12":"first","13":"instock","14":"taxable","15":"shipping-taxable","16":"purchasable","17":"product-type-simple"},"_links":{"self":[{"href":"https:\/\/www.fleurop-home.ch\/fr-ch\/wp-json\/wp\/v2\/product\/10225","targetHints":{"allow":["GET"]}}],"collection":[{"href":"https:\/\/www.fleurop-home.ch\/fr-ch\/wp-json\/wp\/v2\/product"}],"about":[{"href":"https:\/\/www.fleurop-home.ch\/fr-ch\/wp-json\/wp\/v2\/types\/product"}],"wp:featuredmedia":[{"embeddable":true,"href":"https:\/\/www.fleurop-home.ch\/fr-ch\/wp-json\/wp\/v2\/media\/10226"}],"wp:attachment":[{"href":"https:\/\/www.fleurop-home.ch\/fr-ch\/wp-json\/wp\/v2\/media?parent=10225"}],"wp:term":[{"taxonomy":"product_brand","embeddable":true,"href":"https:\/\/www.fleurop-home.ch\/fr-ch\/wp-json\/wp\/v2\/product_brand?post=10225"},{"taxonomy":"product_cat","embeddable":true,"href":"https:\/\/www.fleurop-home.ch\/fr-ch\/wp-json\/wp\/v2\/product_cat?post=10225"},{"taxonomy":"product_tag","embeddable":true,"href":"https:\/\/www.fleurop-home.ch\/fr-ch\/wp-json\/wp\/v2\/product_tag?post=10225"},{"taxonomy":"woo-feed-brand","embeddable":true,"href":"https:\/\/www.fleurop-home.ch\/fr-ch\/wp-json\/wp\/v2\/woo-feed-brand?post=10225"}],"curies":[{"name":"wp","href":"https:\/\/api.w.org\/{rel}","templated":true}]}}