{"id":10197,"date":"2023-03-06T15:35:23","date_gmt":"2023-03-06T14:35:23","guid":{"rendered":"https:\/\/www.fleurop-home.ch\/?product=federn-mix-in-beutel-3x-2gr"},"modified":"2025-10-22T11:20:59","modified_gmt":"2025-10-22T09:20:59","slug":"melange-de-plumes-en-sachet-3x-2gr","status":"publish","type":"product","link":"https:\/\/www.fleurop-home.ch\/fr-ch\/p\/federn-mix-in-beutel-3x-2gr","title":{"rendered":"Plumes \u201amix\u2018 en sachet 3x 2gr"},"content":{"rendered":"<p style=\"text-align: left\">Il y a une sorte de plumes par sachet. Trois sachets de diff\u00e9rentes sortes sont livr\u00e9s.<\/p>\n<p>Les plumes sont un symbole populaire de P\u00e2ques.<\/p>\n<p>Elles rappellent l'\u00e9veil printanier et la nouvelle naissance. Dans de nombreuses cultures et traditions, les plumes sont utilis\u00e9es \u00e0 cette occasion, que ce soit pour d\u00e9corer les bouquets de P\u00e2ques ou comme d\u00e9coration de P\u00e2ques.<\/p>","protected":false},"excerpt":{"rendered":"<p>De belles plumes d\u00e9coratives, id\u00e9ales aussi pour la transformation et le bricolage.<\/p>","protected":false},"featured_media":10198,"template":"","meta":[],"product_brand":[],"product_cat":[29,23,1196,1021,1018],"product_tag":[289],"woo-feed-brand":[],"class_list":{"0":"post-10197","1":"product","2":"type-product","3":"status-publish","4":"has-post-thumbnail","6":"product_cat-do-it-yourself","7":"product_cat-home-living","8":"product_cat-natur-deko","9":"product_cat-osterdeko","10":"product_cat-ostern","11":"product_tag-blumengarten-kung-ag","13":"first","14":"instock","15":"taxable","16":"shipping-taxable","17":"purchasable","18":"product-type-simple"},"_links":{"self":[{"href":"https:\/\/www.fleurop-home.ch\/fr-ch\/wp-json\/wp\/v2\/product\/10197","targetHints":{"allow":["GET"]}}],"collection":[{"href":"https:\/\/www.fleurop-home.ch\/fr-ch\/wp-json\/wp\/v2\/product"}],"about":[{"href":"https:\/\/www.fleurop-home.ch\/fr-ch\/wp-json\/wp\/v2\/types\/product"}],"wp:featuredmedia":[{"embeddable":true,"href":"https:\/\/www.fleurop-home.ch\/fr-ch\/wp-json\/wp\/v2\/media\/10198"}],"wp:attachment":[{"href":"https:\/\/www.fleurop-home.ch\/fr-ch\/wp-json\/wp\/v2\/media?parent=10197"}],"wp:term":[{"taxonomy":"product_brand","embeddable":true,"href":"https:\/\/www.fleurop-home.ch\/fr-ch\/wp-json\/wp\/v2\/product_brand?post=10197"},{"taxonomy":"product_cat","embeddable":true,"href":"https:\/\/www.fleurop-home.ch\/fr-ch\/wp-json\/wp\/v2\/product_cat?post=10197"},{"taxonomy":"product_tag","embeddable":true,"href":"https:\/\/www.fleurop-home.ch\/fr-ch\/wp-json\/wp\/v2\/product_tag?post=10197"},{"taxonomy":"woo-feed-brand","embeddable":true,"href":"https:\/\/www.fleurop-home.ch\/fr-ch\/wp-json\/wp\/v2\/woo-feed-brand?post=10197"}],"curies":[{"name":"wp","href":"https:\/\/api.w.org\/{rel}","templated":true}]}}